{"id":9185,"date":"2019-06-26T20:18:03","date_gmt":"2019-06-26T20:18:03","guid":{"rendered":"http:\/\/3.88.20.185\/paciente-0387\/"},"modified":"2019-09-14T09:36:22","modified_gmt":"2019-09-14T14:36:22","slug":"paciente-0387","status":"publish","type":"page","link":"https:\/\/dhiclinicpanama.com\/en\/paciente-0387\/","title":{"rendered":"Patient #0387"},"content":{"rendered":"<div class=\"wpb-content-wrapper\"><p>[vc_row row_content_width=&#8221;grid&#8221; css=&#8221;.vc_custom_1543611271820{margin-top: 60px !important;}&#8221;][vc_column][vc_column_text el_class=&#8221;section-title&#8221;]<\/p>\n<h2><b>Record<\/b><\/h2>\n<p>[\/vc_column_text][vc_empty_space height=&#8221;40px&#8221;][\/vc_column][vc_column width=&#8221;1\/3&#8243;]<div id=\"twenty20-1\" class=\"twenty20\" style=\"width: 100% !important; clear: both; float: left; margin-right: 20px;\"><div class=\"twentytwenty-container twenty20-1 \"><img decoding=\"async\" class=\"skip-lazy\" src=\"https:\/\/dhiclinicpanama.com\/wp-content\/uploads\/2019\/06\/0387-up-before.jpg\" \/><img decoding=\"async\" class=\"skip-lazy\" src=\"https:\/\/dhiclinicpanama.com\/wp-content\/uploads\/2019\/06\/0387-up-after.jpg\" \/><\/div><script>jQuery( document ).ready(function( $ ) {$(\".twentytwenty-container.twenty20-1[data-orientation!='vertical']\").twentytwenty({default_offset_pct: 0.5});$(\".twenty20-1 .twentytwenty-before-label\").html(\"Antes\");$(\".twenty20-1 .twentytwenty-after-label\").html(\"Despu\u00e9s\");});<\/script><\/div>[\/vc_column][vc_column width=&#8221;2\/3&#8243;][vc_column_text]<\/p>\n<h4><strong>Scale 2<\/strong><\/h4>\n<p>[\/vc_column_text][vc_column_text]Triangular and typical symmetrical areas of recession of the frontal temporal area. The hair loss remains in front of a line of several years in front of the ears. The hair falls and may become less dense in the front central part of the scalp. The initial signs of baldness are evident.[\/vc_column_text][vc_empty_space height=&#8221;10px&#8221;][vc_row_inner][vc_column_inner][vc_column_text]<strong>Details<\/strong>[\/vc_column_text][vc_separator align=&#8221;align_right&#8221; el_width=&#8221;80&#8243; el_class=&#8221;separator-behind&#8221;][vc_column_text]<strong>Extracted Follicles:<\/strong> 1,565<\/p>\n<p><strong>Implanted hair:<\/strong> 3,362<\/p>\n<p><strong>Norwood:<\/strong> 2[\/vc_column_text][\/vc_column_inner][\/vc_row_inner][vc_empty_space height=&#8221;40px&#8221;][\/vc_column][\/vc_row][vc_row row_content_width=&#8221;grid&#8221;][vc_column][vc_empty_space height=&#8221;40px&#8221;][vc_column_text el_class=&#8221;section-title&#8221;]<\/p>\n<h2><b>Gallery<\/b><\/h2>\n<p>[\/vc_column_text][vc_empty_space height=&#8221;30px&#8221;][\/vc_column][vc_column width=&#8221;1\/2&#8243;][vc_row_inner][vc_column_inner width=&#8221;1\/2&#8243;][vc_column_text]<strong>Crown Before<\/strong>[\/vc_column_text][vc_single_image image=&#8221;7791&#8243; img_size=&#8221;medium&#8221; onclick=&#8221;link_image&#8221;][\/vc_column_inner][vc_column_inner width=&#8221;1\/2&#8243;][vc_column_text]<strong>Crown After<\/strong>[\/vc_column_text][vc_single_image image=&#8221;7792&#8243; img_size=&#8221;medium&#8221; onclick=&#8221;link_image&#8221;][\/vc_column_inner][\/vc_row_inner][\/vc_column][vc_column width=&#8221;1\/2&#8243;][vc_row_inner][vc_column_inner width=&#8221;1\/2&#8243;][vc_column_text]<strong>Front Before<\/strong>[\/vc_column_text][vc_single_image image=&#8221;8092&#8243; img_size=&#8221;medium&#8221; onclick=&#8221;link_image&#8221;][\/vc_column_inner][vc_column_inner width=&#8221;1\/2&#8243;][vc_column_text]<strong>Front After<\/strong>[\/vc_column_text][vc_single_image image=&#8221;8094&#8243; img_size=&#8221;medium&#8221; onclick=&#8221;link_image&#8221;][\/vc_column_inner][\/vc_row_inner][\/vc_column][vc_column][vc_empty_space height=&#8221;120px&#8221;][\/vc_column][\/vc_row][vc_row full_width=&#8221;stretch_row&#8221; equal_height=&#8221;yes&#8221; css=&#8221;.vc_custom_1543257271412{padding-top: 0px !important;}&#8221;][vc_column css=&#8221;.vc_custom_1543257389188{padding-top: 0px !important;}&#8221;]<div class=\"wpb-content-wrapper\"><p>[vc_row full_width=&#8221;stretch_row&#8221; equal_height=&#8221;yes&#8221; css=&#8221;.vc_custom_1543257271412{padding-top: 0px !important;}&#8221;][vc_column css=&#8221;.vc_custom_1543257389188{padding-top: 0px !important;}&#8221;][vc_row_inner equal_height=&#8221;yes&#8221; css=&#8221;.vc_custom_1543257376088{padding-top: 0px !important;padding-right: 0px !important;padding-left: 0px !important;}&#8221;][vc_column_inner width=&#8221;1\/2&#8243; css=&#8221;.vc_custom_1564418290431{padding-top: 0px !important;padding-right: 0px !important;padding-left: 0px !important;}&#8221; offset=&#8221;vc_col-md-8&#8243;]<div class=\"mkdf-google-map-holder\">\n    <div class=\"mkdf-google-map\" id=\"mkdf-map-1596861\" data-addresses='[\"G&amp;G Plaza, Local 2, Calle 56 con Calle Ram\u00f3n H. Hurtado, Punta Paitilla. Diagonal al Super 99 de Punta Pac\u00edfica\"]' data-custom-map-style=no data-color-overlay=#393939 data-saturation=-100 data-lightness=-60 data-zoom=14 data-pin=https:\/\/dhiclinicpanama.com\/wp-content\/uploads\/2019\/08\/marker-update.png data-unique-id=1596861 data-scroll-wheel=no data-height=500 ><\/div>\n                <div class=\"mkdf-google-map-overlay\"><\/div>\n    <\/div>\n[\/vc_column_inner][vc_column_inner width=&#8221;1\/2&#8243; css=&#8221;.vc_custom_1567029638471{padding-right: 60px !important;padding-left: 60px !important;background-color: #0089a9 !important;}&#8221; offset=&#8221;vc_col-md-4&#8243;][vc_column_text el_class=&#8221;custom-desing&#8221;]Hair Loss<br \/>\n<strong>Diagnosis<\/strong>[\/vc_column_text][vc_empty_space height=&#8221;20px&#8221;][vc_column_text el_class=&#8221;custom-des&#8221;]Here at <strong>DHI Global Medical Group<\/strong> we recognize that the correct diagnosis is the basis for a successful treatment. <strong>We are the best hair restoration clinic in Panama<\/strong>.[\/vc_column_text][vc_empty_space height=&#8221;20px&#8221;][vc_separator align=&#8221;align_left&#8221; border_width=&#8221;2&#8243; el_width=&#8221;40&#8243;][vc_empty_space height=&#8221;20px&#8221;]<div class=\"mkdf-iwt clearfix icon-space icon-text-color mkdf-iwt-icon-left mkdf-iwt-icon-small\">\n    <div class=\"mkdf-iwt-icon\">\n                                        <span class=\"mkdf-icon-shortcode mkdf-normal   mkdf-icon-small\"  data-color=\"#ffffff\">\n                    <i class=\"mkdf-icon-font-awesome fa fa-phone mkdf-icon-element\" style=\"color: #ffffff\" ><\/i>                <\/span>\n                                <\/div>\n    <div class=\"mkdf-iwt-content\" >\n                    <p class=\"mkdf-iwt-text test\" >+507 399 6633<\/p>\n    <\/div>\n<\/div><div class=\"mkdf-iwt clearfix icon-text-color mkdf-iwt-icon-left mkdf-iwt-icon-small\">\n    <div class=\"mkdf-iwt-icon\">\n                <a itemprop=\"url\" href=\"mailto:info@dhipanama.com\" target=\"_self\">\n                                            <span class=\"mkdf-icon-shortcode mkdf-normal   mkdf-icon-small\"  data-color=\"#ffffff\">\n                    <i class=\"mkdf-icon-font-awesome fa fa-envelope mkdf-icon-element\" style=\"color: #ffffff\" ><\/i>                <\/span>\n                                    <\/a>\n        <\/div>\n    <div class=\"mkdf-iwt-content\" >\n                    <p class=\"mkdf-iwt-text test\" >info@dhipanama.com<\/p>\n    <\/div>\n<\/div>[vc_empty_space height=&#8221;12px&#8221;]<a itemprop=\"url\" href=\"\/en\/online-consultation\/\" target=\"_self\" style=\"background-color: #e7e7e7;margin: 25px 0px 0px 0px\" class=\"mkdf-btn mkdf-btn-small mkdf-btn-solid mkdf-btn-custom-hover-bg mkdf-btn-custom-hover-color btn_map_custom\" data-hover-color=\"#ffffff\" data-hover-bg-color=\"#000000\" >\n    <span class=\"mkdf-btn-text\">Hair loss diagnosis<\/span>\n    <\/a>[\/vc_column_inner][\/vc_row_inner][\/vc_column][\/vc_row]<\/p>\n<\/div><style type=\"text\/css\" data-type=\"rcb-_wpb_shortcodes_custom_css-10244\">.vc_custom_1543257271412{padding-top: 0px !important;}.vc_custom_1543257389188{padding-top: 0px !important;}.vc_custom_1543257376088{padding-top: 0px !important;padding-right: 0px !important;padding-left: 0px !important;}.vc_custom_1564418290431{padding-top: 0px !important;padding-right: 0px !important;padding-left: 0px !important;}.vc_custom_1567029638471{padding-right: 60px !important;padding-left: 60px !important;background-color: #0089a9 !important;}<\/style>[\/vc_column][\/vc_row]<\/p>\n<\/div>","protected":false},"excerpt":{"rendered":"<p>[vc_row row_content_width=&#8221;grid&#8221; css=&#8221;.vc_custom_1543611271820{margin-top: 60px !important;}&#8221;][vc_column][vc_column_text el_class=&#8221;section-title&#8221;] Record [\/vc_column_text][vc_empty_space height=&#8221;40px&#8221;][\/vc_column][vc_column width=&#8221;1\/3&#8243;][\/vc_column][vc_column width=&#8221;2\/3&#8243;][vc_column_text] Scale 2 [\/vc_column_text][vc_column_text]Triangular and typical symmetrical areas of recession of the frontal temporal area. The hair loss remains in front of [&hellip;]<\/p>\n","protected":false},"author":13,"featured_media":0,"parent":0,"menu_order":0,"comment_status":"closed","ping_status":"closed","template":"full-width.php","meta":{"content-type":"","footnotes":""},"yoast_head":"<!-- This site is optimized with the Yoast SEO plugin v22.8 - https:\/\/yoast.com\/wordpress\/plugins\/seo\/ -->\n<title>Patient #0387 | DHI Panam\u00e1<\/title>\n<meta name=\"description\" content=\"Triangular and typical symmetrical areas of recession of the frontal temporal area. The hair loss remains in front of a line of several years in front of the ears. The hair falls and may become less dense in the front central part of the scalp.\" \/>\n<meta name=\"robots\" content=\"index, follow, max-snippet:-1, max-image-preview:large, max-video-preview:-1\" \/>\n<link rel=\"canonical\" href=\"https:\/\/dhiclinicpanama.com\/en\/paciente-0387\/\" \/>\n<meta property=\"og:locale\" content=\"en_US\" \/>\n<meta property=\"og:type\" content=\"article\" \/>\n<meta property=\"og:title\" content=\"Patient #0387 | DHI Panam\u00e1\" \/>\n<meta property=\"og:description\" content=\"Triangular and typical symmetrical areas of recession of the frontal temporal area. The hair loss remains in front of a line of several years in front of the ears. The hair falls and may become less dense in the front central part of the scalp.\" \/>\n<meta property=\"og:url\" content=\"https:\/\/dhiclinicpanama.com\/en\/paciente-0387\/\" \/>\n<meta property=\"og:site_name\" content=\"DHI Panam\u00e1\" \/>\n<meta property=\"article:modified_time\" content=\"2019-09-14T14:36:22+00:00\" \/>\n<meta name=\"twitter:card\" content=\"summary_large_image\" \/>\n<meta name=\"twitter:label1\" content=\"Est. reading time\" \/>\n\t<meta name=\"twitter:data1\" content=\"2 minutes\" \/>\n<script type=\"application\/ld+json\" class=\"yoast-schema-graph\">{\"@context\":\"https:\/\/schema.org\",\"@graph\":[{\"@type\":\"WebPage\",\"@id\":\"https:\/\/dhiclinicpanama.com\/en\/paciente-0387\/\",\"url\":\"https:\/\/dhiclinicpanama.com\/en\/paciente-0387\/\",\"name\":\"Patient #0387 | DHI Panam\u00e1\",\"isPartOf\":{\"@id\":\"https:\/\/dhiclinicpanama.com\/#website\"},\"datePublished\":\"2019-06-26T20:18:03+00:00\",\"dateModified\":\"2019-09-14T14:36:22+00:00\",\"description\":\"Triangular and typical symmetrical areas of recession of the frontal temporal area. The hair loss remains in front of a line of several years in front of the ears. The hair falls and may become less dense in the front central part of the scalp.\",\"breadcrumb\":{\"@id\":\"https:\/\/dhiclinicpanama.com\/en\/paciente-0387\/#breadcrumb\"},\"inLanguage\":\"en-US\",\"potentialAction\":[{\"@type\":\"ReadAction\",\"target\":[\"https:\/\/dhiclinicpanama.com\/en\/paciente-0387\/\"]}]},{\"@type\":\"BreadcrumbList\",\"@id\":\"https:\/\/dhiclinicpanama.com\/en\/paciente-0387\/#breadcrumb\",\"itemListElement\":[{\"@type\":\"ListItem\",\"position\":1,\"name\":\"Home\",\"item\":\"https:\/\/www.dhiclinicpanama.com\/en\/\"},{\"@type\":\"ListItem\",\"position\":2,\"name\":\"Patient #0387\"}]},{\"@type\":\"WebSite\",\"@id\":\"https:\/\/dhiclinicpanama.com\/#website\",\"url\":\"https:\/\/dhiclinicpanama.com\/\",\"name\":\"DHI Panam\u00e1\",\"description\":\"El grupo m\u00e9dico de DHI es la compa\u00f1\u00eda m\u00e1s grande de restauraci\u00f3n capilar en el mundo, que se centra en la investigaci\u00f3n, el diagn\u00f3stico y el tratamiento de la p\u00e9rdida del cabello y trastornos del cuero cabelludo como la alopecia. Somos los expertos en alopecia ofreciendo ahora implantes de pelo en Panam\u00e1.\",\"potentialAction\":[{\"@type\":\"SearchAction\",\"target\":{\"@type\":\"EntryPoint\",\"urlTemplate\":\"https:\/\/dhiclinicpanama.com\/?s={search_term_string}\"},\"query-input\":\"required name=search_term_string\"}],\"inLanguage\":\"en-US\"}]}<\/script>\n<!-- \/ Yoast SEO plugin. -->","yoast_head_json":{"title":"Patient #0387 | DHI Panam\u00e1","description":"Triangular and typical symmetrical areas of recession of the frontal temporal area. The hair loss remains in front of a line of several years in front of the ears. The hair falls and may become less dense in the front central part of the scalp.","robots":{"index":"index","follow":"follow","max-snippet":"max-snippet:-1","max-image-preview":"max-image-preview:large","max-video-preview":"max-video-preview:-1"},"canonical":"https:\/\/dhiclinicpanama.com\/en\/paciente-0387\/","og_locale":"en_US","og_type":"article","og_title":"Patient #0387 | DHI Panam\u00e1","og_description":"Triangular and typical symmetrical areas of recession of the frontal temporal area. The hair loss remains in front of a line of several years in front of the ears. The hair falls and may become less dense in the front central part of the scalp.","og_url":"https:\/\/dhiclinicpanama.com\/en\/paciente-0387\/","og_site_name":"DHI Panam\u00e1","article_modified_time":"2019-09-14T14:36:22+00:00","twitter_card":"summary_large_image","twitter_misc":{"Est. reading time":"2 minutes"},"schema":{"@context":"https:\/\/schema.org","@graph":[{"@type":"WebPage","@id":"https:\/\/dhiclinicpanama.com\/en\/paciente-0387\/","url":"https:\/\/dhiclinicpanama.com\/en\/paciente-0387\/","name":"Patient #0387 | DHI Panam\u00e1","isPartOf":{"@id":"https:\/\/dhiclinicpanama.com\/#website"},"datePublished":"2019-06-26T20:18:03+00:00","dateModified":"2019-09-14T14:36:22+00:00","description":"Triangular and typical symmetrical areas of recession of the frontal temporal area. The hair loss remains in front of a line of several years in front of the ears. The hair falls and may become less dense in the front central part of the scalp.","breadcrumb":{"@id":"https:\/\/dhiclinicpanama.com\/en\/paciente-0387\/#breadcrumb"},"inLanguage":"en-US","potentialAction":[{"@type":"ReadAction","target":["https:\/\/dhiclinicpanama.com\/en\/paciente-0387\/"]}]},{"@type":"BreadcrumbList","@id":"https:\/\/dhiclinicpanama.com\/en\/paciente-0387\/#breadcrumb","itemListElement":[{"@type":"ListItem","position":1,"name":"Home","item":"https:\/\/www.dhiclinicpanama.com\/en\/"},{"@type":"ListItem","position":2,"name":"Patient #0387"}]},{"@type":"WebSite","@id":"https:\/\/dhiclinicpanama.com\/#website","url":"https:\/\/dhiclinicpanama.com\/","name":"DHI Panam\u00e1","description":"El grupo m\u00e9dico de DHI es la compa\u00f1\u00eda m\u00e1s grande de restauraci\u00f3n capilar en el mundo, que se centra en la investigaci\u00f3n, el diagn\u00f3stico y el tratamiento de la p\u00e9rdida del cabello y trastornos del cuero cabelludo como la alopecia. Somos los expertos en alopecia ofreciendo ahora implantes de pelo en Panam\u00e1.","potentialAction":[{"@type":"SearchAction","target":{"@type":"EntryPoint","urlTemplate":"https:\/\/dhiclinicpanama.com\/?s={search_term_string}"},"query-input":"required name=search_term_string"}],"inLanguage":"en-US"}]}},"_links":{"self":[{"href":"https:\/\/dhiclinicpanama.com\/en\/wp-json\/wp\/v2\/pages\/9185"}],"collection":[{"href":"https:\/\/dhiclinicpanama.com\/en\/wp-json\/wp\/v2\/pages"}],"about":[{"href":"https:\/\/dhiclinicpanama.com\/en\/wp-json\/wp\/v2\/types\/page"}],"author":[{"embeddable":true,"href":"https:\/\/dhiclinicpanama.com\/en\/wp-json\/wp\/v2\/users\/13"}],"replies":[{"embeddable":true,"href":"https:\/\/dhiclinicpanama.com\/en\/wp-json\/wp\/v2\/comments?post=9185"}],"version-history":[{"count":3,"href":"https:\/\/dhiclinicpanama.com\/en\/wp-json\/wp\/v2\/pages\/9185\/revisions"}],"predecessor-version":[{"id":10366,"href":"https:\/\/dhiclinicpanama.com\/en\/wp-json\/wp\/v2\/pages\/9185\/revisions\/10366"}],"wp:attachment":[{"href":"https:\/\/dhiclinicpanama.com\/en\/wp-json\/wp\/v2\/media?parent=9185"}],"curies":[{"name":"wp","href":"https:\/\/api.w.org\/{rel}","templated":true}]}}