{"id":9173,"date":"2018-12-20T21:58:34","date_gmt":"2018-12-20T21:58:34","guid":{"rendered":"http:\/\/3.88.20.185\/online-consultation\/"},"modified":"2019-09-27T17:00:44","modified_gmt":"2019-09-27T22:00:44","slug":"online-consultation","status":"publish","type":"page","link":"https:\/\/dhiclinicpanama.com\/en\/online-consultation\/","title":{"rendered":"Online Consultation"},"content":{"rendered":"<div class=\"wpb-content-wrapper\"><p>[vc_row gap=&#8221;10&#8243; equal_height=&#8221;yes&#8221; content_placement=&#8221;middle&#8221; css_animation=&#8221;fadeIn&#8221; row_content_width=&#8221;grid&#8221; content_text_aligment=&#8221;left&#8221; css=&#8221;.vc_custom_1546033719780{padding-top: 20px !important;padding-bottom: 40px !important;background-color: #1283ab !important;}&#8221; simple_background_color=&#8221;#1283ab&#8221;][vc_column][vc_row_inner content_placement=&#8221;middle&#8221; row_content_width=&#8221;grid&#8221;][vc_column_inner][vc_column_text el_class=&#8221;info_title1&#8243;]<\/p>\n<h2>Online Consultation<\/h2>\n<p>[\/vc_column_text][\/vc_column_inner][\/vc_row_inner][\/vc_column][\/vc_row][vc_row row_content_width=&#8221;grid&#8221; css=&#8221;.vc_custom_1543632114734{padding-top: 60px !important;}&#8221;][vc_column][vc_row_inner][vc_column_inner width=&#8221;3\/4&#8243;][vc_column_text el_class=&#8221;section-title&#8221;]<\/p>\n<h2>Information<\/h2>\n<p>[\/vc_column_text][vc_column_text el_class=&#8221;lead&#8221;]Get a free diagnosis online[\/vc_column_text][vc_empty_space height=&#8221;15px&#8221;][vc_column_text el_class=&#8221;lead&#8221;]Each patient is unique, with their individual needs, this is the reason why our diagnosis is made case by case. Fill in the following form with some photos: the framing of the portrait, without close-ups, must be of good quality and be done in good light.[\/vc_column_text][vc_empty_space height=&#8221;11px&#8221;]\n<div class=\"wpcf7 no-js\" id=\"wpcf7-f9068-o1\" lang=\"en-US\" dir=\"ltr\">\n<div class=\"screen-reader-response\"><p role=\"status\" aria-live=\"polite\" aria-atomic=\"true\"><\/p> <ul><\/ul><\/div>\n<form action=\"\/en\/wp-json\/wp\/v2\/pages\/9173#wpcf7-f9068-o1\" method=\"post\" class=\"wpcf7-form init\" aria-label=\"Contact form\" enctype=\"multipart\/form-data\" novalidate=\"novalidate\" data-status=\"init\">\n<div style=\"display: none;\">\n<input type=\"hidden\" name=\"_wpcf7\" value=\"9068\" \/>\n<input type=\"hidden\" name=\"_wpcf7_version\" value=\"5.9.5\" \/>\n<input type=\"hidden\" name=\"_wpcf7_locale\" value=\"en_US\" \/>\n<input type=\"hidden\" name=\"_wpcf7_unit_tag\" value=\"wpcf7-f9068-o1\" \/>\n<input type=\"hidden\" name=\"_wpcf7_container_post\" value=\"0\" \/>\n<input type=\"hidden\" name=\"_wpcf7_posted_data_hash\" value=\"\" \/>\n<input type=\"hidden\" name=\"_wpcf7_recaptcha_response\" value=\"\" \/>\n<\/div>\n<div class=\"\">\n\t<div class=\"\" style=\"display: inline-block;\">\n\t\t<div class=\"wpb_text_column wpb_content_element \">\n\t\t\t<div class=\"wpb_wrapper\">\n\t\t\t\t<div class=\"mkdf-grid-row mkdf-grid-small-gutter\">\n\t\t\t\t\t<div class=\"mkdf-grid-col-6\">\n\t\t\t\t\t\t<p><label for=\"namelabel\">Name *<\/label><br \/>\n<span class=\"wpcf7-form-control-wrap\" data-name=\"your-name\"><input size=\"40\" class=\"wpcf7-form-control wpcf7-text wpcf7-validates-as-required\" id=\"namelabel\" aria-required=\"true\" aria-invalid=\"false\" placeholder=\"\" value=\"\" type=\"text\" name=\"your-name\" \/><\/span>\n\t\t\t\t\t\t<\/p>\n\t\t\t\t\t<\/div>\n\t\t\t\t\t<div class=\"mkdf-grid-col-6\">\n\t\t\t\t\t\t<p><label for=\"lastnamelabel\">Last Name *<\/label><br \/>\n<span class=\"wpcf7-form-control-wrap\" data-name=\"your-lastname\"><input size=\"40\" class=\"wpcf7-form-control wpcf7-text wpcf7-validates-as-required\" id=\"lastnamelabel\" aria-required=\"true\" aria-invalid=\"false\" placeholder=\"\" value=\"\" type=\"text\" name=\"your-lastname\" \/><\/span>\n\t\t\t\t\t\t<\/p>\n\t\t\t\t\t<\/div>\n\t\t\t\t\t<div class=\"mkdf-grid-col-6\" style=\"margin-top:15px;\">\n\t\t\t\t\t\t<p><label for=\"phonelabel\">Telephone *<\/label><br \/>\n<span class=\"wpcf7-form-control-wrap\" data-name=\"your-phone\"><input size=\"40\" class=\"wpcf7-form-control wpcf7-text wpcf7-validates-as-required\" id=\"phonelabel\" aria-required=\"true\" aria-invalid=\"false\" placeholder=\"\" value=\"\" type=\"text\" name=\"your-phone\" \/><\/span>\n\t\t\t\t\t\t<\/p>\n\t\t\t\t\t<\/div>\n\t\t\t\t\t<div class=\"mkdf-grid-col-6\" style=\"margin-top:15px;\">\n\t\t\t\t\t\t<p><label for=\"agelabel\">Birthday *<\/label><br \/>\n<span class=\"wpcf7-form-control-wrap\" data-name=\"your-age\"><input class=\"wpcf7-form-control wpcf7-date wpcf7-validates-as-required wpcf7-validates-as-date\" aria-required=\"true\" aria-invalid=\"false\" placeholder=\"MM\/DD\/YYYY\" value=\"\" type=\"date\" name=\"your-age\" \/><\/span>\n\t\t\t\t\t\t<\/p>\n\t\t\t\t\t<\/div>\n\t\t\t\t\t<div class=\"mkdf-grid-col-12\" style=\"margin-top:15px;\">\n\t\t\t\t\t\t<p><label for=\"addresslabel\">Country *<\/label><br \/>\n<span class=\"wpcf7-form-control-wrap\" data-name=\"your-address\"><input size=\"40\" class=\"wpcf7-form-control wpcf7-text wpcf7-validates-as-required\" id=\"addresslabel\" aria-required=\"true\" aria-invalid=\"false\" placeholder=\"\" value=\"\" type=\"text\" name=\"your-address\" \/><\/span>\n\t\t\t\t\t\t<\/p>\n\t\t\t\t\t<\/div>\n\t\t\t\t\t<div class=\"mkdf-grid-col-12\" style=\"margin-top:15px;\">\n\t\t\t\t\t\t<p><label for=\"emaillabel\">Email *<\/label><br \/>\n<span class=\"wpcf7-form-control-wrap\" data-name=\"email\"><input size=\"40\" class=\"wpcf7-form-control wpcf7-email wpcf7-validates-as-required wpcf7-text wpcf7-validates-as-email\" id=\"emaillabel\" aria-required=\"true\" aria-invalid=\"false\" placeholder=\"\" value=\"\" type=\"email\" name=\"email\" \/><\/span>\n\t\t\t\t\t\t<\/p>\n\t\t\t\t\t<\/div>\n\t\t\t\t\t<div class=\"mkdf-grid-col-12\" style=\"margin-top:15px;\">\n\t\t\t\t\t\t<p><label for=\"messagelabel\">How did he find out about us? *<\/label><br \/>\n<span class=\"wpcf7-form-control-wrap\" data-name=\"menu-108\"><select class=\"wpcf7-form-control wpcf7-select wpcf7-validates-as-required\" aria-required=\"true\" aria-invalid=\"false\" name=\"menu-108\"><option value=\"Patient reference\">Patient reference<\/option><option value=\"Facebook\">Facebook<\/option><option value=\"Instagram\">Instagram<\/option><option value=\"Google\">Google<\/option><option value=\"Youtube\">Youtube<\/option><option value=\"Blog\/Web\">Blog\/Web<\/option><option value=\"Billboard\">Billboard<\/option><option value=\"Other\">Other<\/option><\/select><\/span>\n\t\t\t\t\t\t<\/p>\n\t\t\t\t\t<\/div>\n\t\t\t\t<\/div>\n\t\t\t<\/div>\n\t\t<\/div>\n\t<\/div>\n\t<div class=\"\">\n\t\t<div class=\"wpb_text_column wpb_content_element \">\n\t\t\t<div class=\"wpb_wrapper\">\n\t\t\t\t<div class=\"mkdf-grid-row mkdf-grid-small-gutter\">\n\t\t\t\t\t<div class=\"mkdf-grid-col-6\" style=\"margin-top:15px;\">\n\t\t\t\t\t\t<p><img decoding=\"async\" src=\"\/wp-content\/uploads\/2019\/07\/FOTO-FRONTAL-.jpg\" alt=\"Top photo\" class=\"demo-contact\" \/><br \/>\n<label for=\"addresslabel\">Front Photo <\/label><br \/>\n<span class=\"wpcf7-form-control-wrap\" data-name=\"file-59\"><input size=\"40\" class=\"wpcf7-form-control wpcf7-file custom-file-input\" accept=\"audio\/*,video\/*,image\/*\" aria-invalid=\"false\" type=\"file\" name=\"file-59\" \/><\/span>\n\t\t\t\t\t\t<\/p>\n\t\t\t\t\t<\/div>\n\t\t\t\t\t<div class=\"mkdf-grid-col-6\" style=\"margin-top:15px;\">\n\t\t\t\t\t\t<p><img decoding=\"async\" src=\"\/wp-content\/uploads\/2019\/07\/FOTO-DE-PERFIL.jpg\" alt=\"Top photo\" class=\"demo-contact\" \/><br \/>\n<label for=\"addresslabel\">Profile picture <\/label><br \/>\n<span class=\"wpcf7-form-control-wrap\" data-name=\"file-60\"><input size=\"40\" class=\"wpcf7-form-control wpcf7-file custom-file-input\" accept=\"audio\/*,video\/*,image\/*\" aria-invalid=\"false\" type=\"file\" name=\"file-60\" \/><\/span>\n\t\t\t\t\t\t<\/p>\n\t\t\t\t\t<\/div>\n\t\t\t\t\t<div class=\"mkdf-grid-col-6\" style=\"margin-top:15px;\">\n\t\t\t\t\t\t<p><img decoding=\"async\" src=\"\/wp-content\/uploads\/2019\/07\/FOTO-POSTERIOR.jpg\" alt=\"Top photo\" class=\"demo-contact\" \/><br \/>\n<label for=\"addresslabel\">Back Photo <\/label><br \/>\n<span class=\"wpcf7-form-control-wrap\" data-name=\"file-61\"><input size=\"40\" class=\"wpcf7-form-control wpcf7-file custom-file-input\" accept=\"audio\/*,video\/*,image\/*\" aria-invalid=\"false\" type=\"file\" name=\"file-61\" \/><\/span>\n\t\t\t\t\t\t<\/p>\n\t\t\t\t\t<\/div>\n\t\t\t\t\t<div class=\"mkdf-grid-col-6\" style=\"margin-top:15px;\">\n\t\t\t\t\t\t<p><img decoding=\"async\" src=\"\/wp-content\/uploads\/2019\/07\/FOTO-SUPERIOR-.jpg\" alt=\"Top photo\" class=\"demo-contact\" \/><br \/>\n<label for=\"addresslabel\">Superior Photo <\/label><br \/>\n<span class=\"wpcf7-form-control-wrap\" data-name=\"file-62\"><input size=\"40\" class=\"wpcf7-form-control wpcf7-file custom-file-input\" accept=\"audio\/*,video\/*,image\/*\" aria-invalid=\"false\" type=\"file\" name=\"file-62\" \/><\/span>\n\t\t\t\t\t\t<\/p>\n\t\t\t\t\t<\/div>\n\t\t\t\t\t<div class=\"mkdf-grid-col-12\" style=\"margin-top:15px;\">\n\t\t\t\t\t\t<p><label for=\"addresslabel\">Tell us your story about hair loss: <\/label><br \/>\n<span class=\"wpcf7-form-control-wrap\" data-name=\"textarea-53\"><textarea cols=\"40\" rows=\"10\" class=\"wpcf7-form-control wpcf7-textarea\" aria-invalid=\"false\" placeholder=\"Patient&#039;s history\" name=\"textarea-53\"><\/textarea><\/span>\n\t\t\t\t\t\t<\/p>\n\t\t\t\t\t<\/div>\n\t\t\t\t\t<div class=\"mkdf-grid-col-12\" style=\"text-align: right; margin-top: 15px;\">\n\t\t\t\t\t<input class=\"wpcf7-form-control wpcf7-hidden\" value=\"New Website opportunity\" type=\"hidden\" name=\"opportunity\" \/>\n\t\t\t\t\t<input class=\"wpcf7-form-control wpcf7-hidden\" value=\"lead\" type=\"hidden\" name=\"Type\" \/>\n\t\t\t\t\t\t<p><input class=\"wpcf7-form-control wpcf7-submit has-spinner btn_submit\" type=\"submit\" value=\"Send\" \/>\n\t\t\t\t\t\t<\/p>\n\t\t\t\t\t<\/div>\n\t\t\t\t<\/div>\n\t\t\t<\/div>\n\t\t<\/div>\n\t<\/div>\n<\/div><div class=\"wpcf7-response-output\" aria-hidden=\"true\"><\/div>\n<\/form>\n<\/div>\n[vc_empty_space height=&#8221;68px&#8221;][\/vc_column_inner][vc_column_inner width=&#8221;1\/4&#8243;][vc_column_text el_class=&#8221;section-title&#8221;]<\/p>\n<h3>What you need to know?<\/h3>\n<p>[\/vc_column_text][vc_column_text]Generally, we can review your presentation and provide an evaluation within 2 to 4 business days.[\/vc_column_text][vc_column_text]<b>We will let you know:<\/b>[\/vc_column_text][vc_column_text]<\/p>\n<ul>\n<li>If you are a candidate for hair transplant surgery<\/li>\n<li>If your goals can be realistically obtained<\/li>\n<li>An estimate of the number of grafts required to achieve your goals<\/li>\n<li>An estimate of the cost of the procedure<\/li>\n<\/ul>\n<p>[\/vc_column_text][vc_column_text]<b>Send your photos<\/b>[\/vc_column_text][vc_column_text]To help us provide an accurate estimate, we ask that you send us your contact information, transplant history and images of your hair loss and donor area.[\/vc_column_text][vc_column_text]<b>Need help?<\/b>[\/vc_column_text][vc_column_text]Call us now[\/vc_column_text][vc_empty_space height=&#8221;15px&#8221;]<div class=\"mkdf-iwt clearfix icon-white mkdf-iwt-icon-left mkdf-iwt-icon-small\">\n    <div class=\"mkdf-iwt-icon\">\n                <a itemprop=\"url\" href=\"tel:+507%20399%206633\" target=\"_self\">\n                                            <span class=\"mkdf-icon-shortcode mkdf-normal   mkdf-icon-small\"  >\n                    <i class=\"mkdf-icon-font-awesome fa fa-phone mkdf-icon-element\" style=\"font-size:20px\" ><\/i>                <\/span>\n                                    <\/a>\n        <\/div>\n    <div class=\"mkdf-iwt-content\" >\n                    <p class=\"mkdf-iwt-text test\" >+507 399 6633<\/p>\n    <\/div>\n<\/div>[\/vc_column_inner][\/vc_row_inner][\/vc_column][\/vc_row]<\/p>\n<\/div>","protected":false},"excerpt":{"rendered":"<p>[vc_row gap=&#8221;10&#8243; equal_height=&#8221;yes&#8221; content_placement=&#8221;middle&#8221; css_animation=&#8221;fadeIn&#8221; row_content_width=&#8221;grid&#8221; content_text_aligment=&#8221;left&#8221; css=&#8221;.vc_custom_1546033719780{padding-top: 20px !important;padding-bottom: 40px !important;background-color: #1283ab !important;}&#8221; simple_background_color=&#8221;#1283ab&#8221;][vc_column][vc_row_inner content_placement=&#8221;middle&#8221; row_content_width=&#8221;grid&#8221;][vc_column_inner][vc_column_text el_class=&#8221;info_title1&#8243;] Online Consultation [\/vc_column_text][\/vc_column_inner][\/vc_row_inner][\/vc_column][\/vc_row][vc_row row_content_width=&#8221;grid&#8221; css=&#8221;.vc_custom_1543632114734{padding-top: 60px !important;}&#8221;][vc_column][vc_row_inner][vc_column_inner width=&#8221;3\/4&#8243;][vc_column_text el_class=&#8221;section-title&#8221;] Information [\/vc_column_text][vc_column_text el_class=&#8221;lead&#8221;]Get a free [&hellip;]<\/p>\n","protected":false},"author":13,"featured_media":0,"parent":0,"menu_order":0,"comment_status":"closed","ping_status":"closed","template":"full-width.php","meta":{"content-type":"","footnotes":""},"yoast_head":"<!-- This site is optimized with the Yoast SEO plugin v22.8 - https:\/\/yoast.com\/wordpress\/plugins\/seo\/ -->\n<title>Online Consultation | DHI Panam\u00e1<\/title>\n<meta name=\"description\" content=\"Each patient is unique, with their individual needs, this is the reason why our diagnosis is made case by case.\" \/>\n<meta name=\"robots\" content=\"index, follow, max-snippet:-1, max-image-preview:large, max-video-preview:-1\" \/>\n<link rel=\"canonical\" href=\"https:\/\/dhiclinicpanama.com.\/en\/online-consultation\/\" \/>\n<meta property=\"og:locale\" content=\"en_US\" \/>\n<meta property=\"og:type\" content=\"article\" \/>\n<meta property=\"og:title\" content=\"Online Consultation | DHI Panam\u00e1\" \/>\n<meta property=\"og:description\" content=\"Each patient is unique, with their individual needs, this is the reason why our diagnosis is made case by case.\" \/>\n<meta property=\"og:url\" content=\"https:\/\/dhiclinicpanama.com.\/en\/online-consultation\/\" \/>\n<meta property=\"og:site_name\" content=\"DHI Panam\u00e1\" \/>\n<meta property=\"article:modified_time\" content=\"2019-09-27T22:00:44+00:00\" \/>\n<meta name=\"twitter:card\" content=\"summary_large_image\" \/>\n<meta name=\"twitter:label1\" content=\"Est. reading time\" \/>\n\t<meta name=\"twitter:data1\" content=\"2 minutes\" \/>\n<script type=\"application\/ld+json\" class=\"yoast-schema-graph\">{\"@context\":\"https:\/\/schema.org\",\"@graph\":[{\"@type\":\"WebPage\",\"@id\":\"https:\/\/dhiclinicpanama.com.\/en\/online-consultation\/\",\"url\":\"https:\/\/dhiclinicpanama.com.\/en\/online-consultation\/\",\"name\":\"Online Consultation | DHI Panam\u00e1\",\"isPartOf\":{\"@id\":\"https:\/\/dhiclinicpanama.com\/#website\"},\"datePublished\":\"2018-12-20T21:58:34+00:00\",\"dateModified\":\"2019-09-27T22:00:44+00:00\",\"description\":\"Each patient is unique, with their individual needs, this is the reason why our diagnosis is made case by case.\",\"breadcrumb\":{\"@id\":\"https:\/\/dhiclinicpanama.com.\/en\/online-consultation\/#breadcrumb\"},\"inLanguage\":\"en-US\",\"potentialAction\":[{\"@type\":\"ReadAction\",\"target\":[\"https:\/\/dhiclinicpanama.com.\/en\/online-consultation\/\"]}]},{\"@type\":\"BreadcrumbList\",\"@id\":\"https:\/\/dhiclinicpanama.com.\/en\/online-consultation\/#breadcrumb\",\"itemListElement\":[{\"@type\":\"ListItem\",\"position\":1,\"name\":\"Home\",\"item\":\"https:\/\/www.dhiclinicpanama.com\/en\/\"},{\"@type\":\"ListItem\",\"position\":2,\"name\":\"Online Consultation\"}]},{\"@type\":\"WebSite\",\"@id\":\"https:\/\/dhiclinicpanama.com\/#website\",\"url\":\"https:\/\/dhiclinicpanama.com\/\",\"name\":\"DHI Panam\u00e1\",\"description\":\"El grupo m\u00e9dico de DHI es la compa\u00f1\u00eda m\u00e1s grande de restauraci\u00f3n capilar en el mundo, que se centra en la investigaci\u00f3n, el diagn\u00f3stico y el tratamiento de la p\u00e9rdida del cabello y trastornos del cuero cabelludo como la alopecia. Somos los expertos en alopecia ofreciendo ahora implantes de pelo en Panam\u00e1.\",\"potentialAction\":[{\"@type\":\"SearchAction\",\"target\":{\"@type\":\"EntryPoint\",\"urlTemplate\":\"https:\/\/dhiclinicpanama.com\/?s={search_term_string}\"},\"query-input\":\"required name=search_term_string\"}],\"inLanguage\":\"en-US\"}]}<\/script>\n<!-- \/ Yoast SEO plugin. -->","yoast_head_json":{"title":"Online Consultation | DHI Panam\u00e1","description":"Each patient is unique, with their individual needs, this is the reason why our diagnosis is made case by case.","robots":{"index":"index","follow":"follow","max-snippet":"max-snippet:-1","max-image-preview":"max-image-preview:large","max-video-preview":"max-video-preview:-1"},"canonical":"https:\/\/dhiclinicpanama.com.\/en\/online-consultation\/","og_locale":"en_US","og_type":"article","og_title":"Online Consultation | DHI Panam\u00e1","og_description":"Each patient is unique, with their individual needs, this is the reason why our diagnosis is made case by case.","og_url":"https:\/\/dhiclinicpanama.com.\/en\/online-consultation\/","og_site_name":"DHI Panam\u00e1","article_modified_time":"2019-09-27T22:00:44+00:00","twitter_card":"summary_large_image","twitter_misc":{"Est. reading time":"2 minutes"},"schema":{"@context":"https:\/\/schema.org","@graph":[{"@type":"WebPage","@id":"https:\/\/dhiclinicpanama.com.\/en\/online-consultation\/","url":"https:\/\/dhiclinicpanama.com.\/en\/online-consultation\/","name":"Online Consultation | DHI Panam\u00e1","isPartOf":{"@id":"https:\/\/dhiclinicpanama.com\/#website"},"datePublished":"2018-12-20T21:58:34+00:00","dateModified":"2019-09-27T22:00:44+00:00","description":"Each patient is unique, with their individual needs, this is the reason why our diagnosis is made case by case.","breadcrumb":{"@id":"https:\/\/dhiclinicpanama.com.\/en\/online-consultation\/#breadcrumb"},"inLanguage":"en-US","potentialAction":[{"@type":"ReadAction","target":["https:\/\/dhiclinicpanama.com.\/en\/online-consultation\/"]}]},{"@type":"BreadcrumbList","@id":"https:\/\/dhiclinicpanama.com.\/en\/online-consultation\/#breadcrumb","itemListElement":[{"@type":"ListItem","position":1,"name":"Home","item":"https:\/\/www.dhiclinicpanama.com\/en\/"},{"@type":"ListItem","position":2,"name":"Online Consultation"}]},{"@type":"WebSite","@id":"https:\/\/dhiclinicpanama.com\/#website","url":"https:\/\/dhiclinicpanama.com\/","name":"DHI Panam\u00e1","description":"El grupo m\u00e9dico de DHI es la compa\u00f1\u00eda m\u00e1s grande de restauraci\u00f3n capilar en el mundo, que se centra en la investigaci\u00f3n, el diagn\u00f3stico y el tratamiento de la p\u00e9rdida del cabello y trastornos del cuero cabelludo como la alopecia. Somos los expertos en alopecia ofreciendo ahora implantes de pelo en Panam\u00e1.","potentialAction":[{"@type":"SearchAction","target":{"@type":"EntryPoint","urlTemplate":"https:\/\/dhiclinicpanama.com\/?s={search_term_string}"},"query-input":"required name=search_term_string"}],"inLanguage":"en-US"}]}},"_links":{"self":[{"href":"https:\/\/dhiclinicpanama.com\/en\/wp-json\/wp\/v2\/pages\/9173"}],"collection":[{"href":"https:\/\/dhiclinicpanama.com\/en\/wp-json\/wp\/v2\/pages"}],"about":[{"href":"https:\/\/dhiclinicpanama.com\/en\/wp-json\/wp\/v2\/types\/page"}],"author":[{"embeddable":true,"href":"https:\/\/dhiclinicpanama.com\/en\/wp-json\/wp\/v2\/users\/13"}],"replies":[{"embeddable":true,"href":"https:\/\/dhiclinicpanama.com\/en\/wp-json\/wp\/v2\/comments?post=9173"}],"version-history":[{"count":5,"href":"https:\/\/dhiclinicpanama.com\/en\/wp-json\/wp\/v2\/pages\/9173\/revisions"}],"predecessor-version":[{"id":12383,"href":"https:\/\/dhiclinicpanama.com\/en\/wp-json\/wp\/v2\/pages\/9173\/revisions\/12383"}],"wp:attachment":[{"href":"https:\/\/dhiclinicpanama.com\/en\/wp-json\/wp\/v2\/media?parent=9173"}],"curies":[{"name":"wp","href":"https:\/\/api.w.org\/{rel}","templated":true}]}}