{"id":8444,"date":"2018-12-18T15:34:33","date_gmt":"2018-12-18T20:34:33","guid":{"rendered":"http:\/\/3.88.20.185\/plasma-rico-en-plaquetas\/"},"modified":"2019-09-30T14:36:01","modified_gmt":"2019-09-30T19:36:01","slug":"platelet-rich-plasma","status":"publish","type":"page","link":"https:\/\/dhiclinicpanama.com\/en\/platelet-rich-plasma\/","title":{"rendered":"Platelet-Rich Plasma"},"content":{"rendered":"<div class=\"wpb-content-wrapper\"><p>[vc_row row_content_width=&#8221;grid&#8221; css=&#8221;.vc_custom_1549287870021{padding-top: 60px !important;}&#8221;][vc_column width=&#8221;1\/3&#8243;][vc_single_image image=&#8221;5411&#8243; img_size=&#8221;full&#8221; alignment=&#8221;center&#8221; style=&#8221;vc_box_rounded&#8221; css_animation=&#8221;fadeInUp&#8221;][vc_column_text el_class=&#8221;promo-text-light&#8221;]Platelete-Rich Plasma is a completely <strong style=\"color: #1f89a9 !important;\">safe procedure with no side effects<\/strong>.[\/vc_column_text][vc_empty_space height=&#8221;15px&#8221;][\/vc_column][vc_column width=&#8221;2\/3&#8243;][vc_column_text css_animation=&#8221;fadeInUp&#8221; el_class=&#8221;section-title&#8221;]<\/p>\n<h2>HOW DOES PLATELET-RICH PLASMA HAIR TREATMENT WORK?<\/h2>\n<p>[\/vc_column_text][vc_column_text css_animation=&#8221;fadeInUp&#8221; el_class=&#8221;general-weight&#8221;]<\/p>\n<ul>\n<li><span style=\"font-weight: 400;\">A small amount of blood (less than 50 ml) is obtained from the patient<\/span><\/li>\n<li>Platelet-Rich Plasma is isolated following the centrifugation of blood<\/li>\n<li>PRP is activated with DNA activators (thrombin) and enriched with calcium ions (e.g. calcium chloride)<\/li>\n<li>Activated PRP is injected into the area which is suffering from hair loss in order to stimulate hair growth<\/li>\n<\/ul>\n<p><span style=\"font-weight: 400;\">DHI has developed a special new method for controlling alopecia hair loss. Plasma-enriched growth factors are injected intradermal into the scalp, with the objective of stimulating the scalp to support and strengthen hair growth.<\/span><\/p>\n<p><span style=\"font-weight: 400;\">Platelet-Rich Plasma in Panama, (PRP) can be used as an individual treatment, primarily to fortify the hair follicle, thus ensuring it\u00b4s longevity and viability as well as maintenance and conservation of the existing hair, but also to reinvigorate dormant hair follicles and stimulate growth of newly transplanted hair.<\/span><\/p>\n<p><span style=\"font-weight: 400;\">Moreover, PRP can be coupled with any hair transplant procedure, helping partially transected follicles from the donor area; regenerate bristles and also helping the hair follicles in the recipient areas to enhance the development of new hair.<\/span><\/p>\n<p><span style=\"font-weight: 400;\">The PRP hair restoration process involves centrifugation of the blood from the patient, which is sampled prior to the hair implantation procedure. With a special kit we are then able to use the plasma enriched growth factors and cytokines (proteins growth) in order to strengthen and improve the longevity of the hair follicle.<\/span><\/p>\n<p><span style=\"font-weight: 400;\">DHI has developed its own protocols of harvesting and injecting Platelets-Rich Plasma for cases such as a thinning hair area where PRP increases strength and longevity; and along with transplanted hair procedures where PRP nourishes implanted hair making them grow healthier, also making the hair follicles denser. PRP is a completely safe procedure with no side effects.<\/span>[\/vc_column_text][vc_empty_space height=&#8221;35px&#8221;][\/vc_column][\/vc_row][vc_row row_content_width=&#8221;grid&#8221;][vc_column][vc_column_text css_animation=&#8221;fadeInUp&#8221; el_class=&#8221;section-title&#8221;]<\/p>\n<h2>BENEFITS OF PLATELET-RICH PLASMA IN PANAMA IN HAIR TRANSPLANTATION<\/h2>\n<p>[\/vc_column_text][vc_column_text]<span style=\"font-weight: 400;\">There is a growing percentage of positive evidence from many researchers, who suggest that PRP provides significant advantages for treatment of hair loss and can be used in modern day hair restoration surgery. Numerous independent studies have shown promising results when PRP is combined with hair implantation such as:<\/span>[\/vc_column_text][vc_empty_space height=&#8221;15px&#8221;][vc_row_inner][vc_column_inner width=&#8221;1\/2&#8243;]<div class=\"mkdf-iwt clearfix  mkdf-iwt-icon-left mkdf-iwt-icon-medium\">\n    <div class=\"mkdf-iwt-icon\">\n                                    <img loading=\"lazy\" decoding=\"async\" width=\"32\" height=\"32\" src=\"https:\/\/dhiclinicpanama.com\/wp-content\/uploads\/2019\/06\/success-1.png\" class=\"attachment-full size-full\" alt=\"\" \/>                            <\/div>\n    <div class=\"mkdf-iwt-content\" >\n                    <p class=\"mkdf-iwt-text test\" >Reduces erythema (redness and irritation).<\/p>\n    <\/div>\n<\/div><div class=\"mkdf-iwt clearfix  mkdf-iwt-icon-left mkdf-iwt-icon-medium\">\n    <div class=\"mkdf-iwt-icon\">\n                                    <img loading=\"lazy\" decoding=\"async\" width=\"32\" height=\"32\" src=\"https:\/\/dhiclinicpanama.com\/wp-content\/uploads\/2019\/06\/success-1.png\" class=\"attachment-full size-full\" alt=\"\" \/>                            <\/div>\n    <div class=\"mkdf-iwt-content\" >\n                    <p class=\"mkdf-iwt-text test\" >Reduces the formation of crust or scabbing.<\/p>\n    <\/div>\n<\/div><div class=\"mkdf-iwt clearfix  mkdf-iwt-icon-left mkdf-iwt-icon-medium\">\n    <div class=\"mkdf-iwt-icon\">\n                                    <img loading=\"lazy\" decoding=\"async\" width=\"32\" height=\"32\" src=\"https:\/\/dhiclinicpanama.com\/wp-content\/uploads\/2019\/06\/success-1.png\" class=\"attachment-full size-full\" alt=\"\" \/>                            <\/div>\n    <div class=\"mkdf-iwt-content\" >\n                    <p class=\"mkdf-iwt-text test\" >Reduces Trauma and Inflammation.<\/p>\n    <\/div>\n<\/div><div class=\"mkdf-iwt clearfix  mkdf-iwt-icon-left mkdf-iwt-icon-medium\">\n    <div class=\"mkdf-iwt-icon\">\n                                    <img loading=\"lazy\" decoding=\"async\" width=\"32\" height=\"32\" src=\"https:\/\/dhiclinicpanama.com\/wp-content\/uploads\/2019\/06\/success-1.png\" class=\"attachment-full size-full\" alt=\"\" \/>                            <\/div>\n    <div class=\"mkdf-iwt-content\" >\n                    <p class=\"mkdf-iwt-text test\" >Reduces Patients Discomfort and much Faster Healing.<\/p>\n    <\/div>\n<\/div>[\/vc_column_inner][vc_column_inner width=&#8221;1\/2&#8243;]<div class=\"mkdf-iwt clearfix  mkdf-iwt-icon-left mkdf-iwt-icon-medium\">\n    <div class=\"mkdf-iwt-icon\">\n                                    <img loading=\"lazy\" decoding=\"async\" width=\"32\" height=\"32\" src=\"https:\/\/dhiclinicpanama.com\/wp-content\/uploads\/2019\/06\/success-1.png\" class=\"attachment-full size-full\" alt=\"\" \/>                            <\/div>\n    <div class=\"mkdf-iwt-content\" >\n                    <p class=\"mkdf-iwt-text test\" >Accelerated Growth of Hairs when PRP is applied.<\/p>\n    <\/div>\n<\/div><div class=\"mkdf-iwt clearfix  mkdf-iwt-icon-left mkdf-iwt-icon-medium\">\n    <div class=\"mkdf-iwt-icon\">\n                                    <img loading=\"lazy\" decoding=\"async\" width=\"32\" height=\"32\" src=\"https:\/\/dhiclinicpanama.com\/wp-content\/uploads\/2019\/06\/success-1.png\" class=\"attachment-full size-full\" alt=\"\" \/>                            <\/div>\n    <div class=\"mkdf-iwt-content\" >\n                    <p class=\"mkdf-iwt-text test\" >Increased size of follicles per unit.<\/p>\n    <\/div>\n<\/div><div class=\"mkdf-iwt clearfix  mkdf-iwt-icon-left mkdf-iwt-icon-medium\">\n    <div class=\"mkdf-iwt-icon\">\n                                    <img loading=\"lazy\" decoding=\"async\" width=\"32\" height=\"32\" src=\"https:\/\/dhiclinicpanama.com\/wp-content\/uploads\/2019\/06\/success-1.png\" class=\"attachment-full size-full\" alt=\"\" \/>                            <\/div>\n    <div class=\"mkdf-iwt-content\" >\n                    <p class=\"mkdf-iwt-text test\" >Increased longevity of already existing hairs.<\/p>\n    <\/div>\n<\/div>[\/vc_column_inner][\/vc_row_inner][vc_empty_space height=&#8221;35px&#8221;][\/vc_column][\/vc_row][vc_row row_content_width=&#8221;grid&#8221; simple_background_color=&#8221;#fafafa&#8221; css=&#8221;.vc_custom_1561333205195{padding-top: 60px !important;padding-bottom: 80px !important;}&#8221;][vc_column][vc_column_text css_animation=&#8221;fadeInUp&#8221; el_class=&#8221;section-title&#8221;]<\/p>\n<h2>OTHER USES OF PRP THERAPY<\/h2>\n<p>[\/vc_column_text][vc_column_text]Platelets release growth factors, which are responsible for almost all repair processes in the body.[\/vc_column_text][vc_row_inner][vc_column_inner width=&#8221;2\/3&#8243;][vc_column_text css_animation=&#8221;fadeInUp&#8221;]<strong style=\"color: #1f89a9 !important;\">Pain Management<br \/>\n<\/strong>[\/vc_column_text][vc_separator align=&#8221;align_right&#8221; el_width=&#8221;50&#8243; el_class=&#8221;separator-behind&#8221;][vc_column_text]<span style=\"font-weight: 400;\">PRP reduce or eliminate pain through healing. The platelets in PRP release growth factors that play a vital role in bone healing. Growth factors include Platelet-derived Growth Factor, Transforming Growth Factor-\u03b2, Vascular Endothelial Growth Factor as well as several others. Up to 7 types of growth factors as well as cytokines can be found in PRP.<\/span>[\/vc_column_text][vc_column_text css_animation=&#8221;fadeInUp&#8221;]<strong style=\"color: #1f89a9 !important;\">Soft-tissue Injuries<br \/>\n<\/strong>[\/vc_column_text][vc_separator align=&#8221;align_right&#8221; el_width=&#8221;50&#8243; el_class=&#8221;separator-behind&#8221;][vc_column_text]<span style=\"font-weight: 400;\">PRP is exceptionally effective in treating acute soft-tissue injuries.<\/span><\/p>\n<p><span style=\"font-weight: 400;\">PRP stimulates a healing cascade in the broken ligaments, tendons and muscle cartilages, in some cases even bone regeneration. PRP treatments neither require extended stays in hospitals nor a prolonged recovery stage.<\/span>[\/vc_column_text][\/vc_column_inner][vc_column_inner width=&#8221;1\/3&#8243;][vc_single_image image=&#8221;9726&#8243; img_size=&#8221;350&#215;350&#8243; alignment=&#8221;center&#8221; css_animation=&#8221;fadeInUp&#8221;][\/vc_column_inner][vc_column_inner][vc_column_text css_animation=&#8221;fadeInUp&#8221;]<strong style=\"color: #1f89a9 !important;\">Rejuvenation<br \/>\n<\/strong>[\/vc_column_text][vc_separator align=&#8221;align_right&#8221; el_width=&#8221;50&#8243; el_class=&#8221;separator-behind&#8221;][\/vc_column_inner][\/vc_row_inner][vc_column_text]<span style=\"font-weight: 400;\">Reduce wrinkles and fine lines without going through surgical procedures. Since PRP uses the patient\u2019s own blood to produce the platelets, they are far safer than other surgical and non-surgical procedures out there.<\/span><\/p>\n<p><span style=\"font-weight: 400;\">PRP procedure helps restore and enhance skin regions, and improves its texture and tone considerably. The treatment will leave the patient looking more youthful.<\/span>[\/vc_column_text][\/vc_column][\/vc_row][vc_row full_width=&#8221;stretch_row&#8221; equal_height=&#8221;yes&#8221; css=&#8221;.vc_custom_1543257271412{padding-top: 0px !important;}&#8221;][vc_column css=&#8221;.vc_custom_1543257389188{padding-top: 0px !important;}&#8221;]<div class=\"wpb-content-wrapper\"><p>[vc_row full_width=&#8221;stretch_row&#8221; equal_height=&#8221;yes&#8221; css=&#8221;.vc_custom_1543257271412{padding-top: 0px !important;}&#8221;][vc_column css=&#8221;.vc_custom_1543257389188{padding-top: 0px !important;}&#8221;][vc_row_inner equal_height=&#8221;yes&#8221; css=&#8221;.vc_custom_1543257376088{padding-top: 0px !important;padding-right: 0px !important;padding-left: 0px !important;}&#8221;][vc_column_inner width=&#8221;1\/2&#8243; css=&#8221;.vc_custom_1564418290431{padding-top: 0px !important;padding-right: 0px !important;padding-left: 0px !important;}&#8221; offset=&#8221;vc_col-md-8&#8243;]<div class=\"mkdf-google-map-holder\">\n    <div class=\"mkdf-google-map\" id=\"mkdf-map-315778\" data-addresses='[\"G&amp;G Plaza, Local 2, Calle 56 con Calle Ram\u00f3n H. Hurtado, Punta Paitilla. Diagonal al Super 99 de Punta Pac\u00edfica\"]' data-custom-map-style=no data-color-overlay=#393939 data-saturation=-100 data-lightness=-60 data-zoom=14 data-pin=https:\/\/dhiclinicpanama.com\/wp-content\/uploads\/2019\/08\/marker-update.png data-unique-id=315778 data-scroll-wheel=no data-height=500 ><\/div>\n                <div class=\"mkdf-google-map-overlay\"><\/div>\n    <\/div>\n[\/vc_column_inner][vc_column_inner width=&#8221;1\/2&#8243; css=&#8221;.vc_custom_1567029638471{padding-right: 60px !important;padding-left: 60px !important;background-color: #0089a9 !important;}&#8221; offset=&#8221;vc_col-md-4&#8243;][vc_column_text el_class=&#8221;custom-desing&#8221;]Hair Loss<br \/>\n<strong>Diagnosis<\/strong>[\/vc_column_text][vc_empty_space height=&#8221;20px&#8221;][vc_column_text el_class=&#8221;custom-des&#8221;]Here at <strong>DHI Global Medical Group<\/strong> we recognize that the correct diagnosis is the basis for a successful treatment. <strong>We are the best hair restoration clinic in Panama<\/strong>.[\/vc_column_text][vc_empty_space height=&#8221;20px&#8221;][vc_separator align=&#8221;align_left&#8221; border_width=&#8221;2&#8243; el_width=&#8221;40&#8243;][vc_empty_space height=&#8221;20px&#8221;]<div class=\"mkdf-iwt clearfix icon-space icon-text-color mkdf-iwt-icon-left mkdf-iwt-icon-small\">\n    <div class=\"mkdf-iwt-icon\">\n                                        <span class=\"mkdf-icon-shortcode mkdf-normal   mkdf-icon-small\"  data-color=\"#ffffff\">\n                    <i class=\"mkdf-icon-font-awesome fa fa-phone mkdf-icon-element\" style=\"color: #ffffff\" ><\/i>                <\/span>\n                                <\/div>\n    <div class=\"mkdf-iwt-content\" >\n                    <p class=\"mkdf-iwt-text test\" >+507 399 6633<\/p>\n    <\/div>\n<\/div><div class=\"mkdf-iwt clearfix icon-text-color mkdf-iwt-icon-left mkdf-iwt-icon-small\">\n    <div class=\"mkdf-iwt-icon\">\n                <a itemprop=\"url\" href=\"mailto:info@dhipanama.com\" target=\"_self\">\n                                            <span class=\"mkdf-icon-shortcode mkdf-normal   mkdf-icon-small\"  data-color=\"#ffffff\">\n                    <i class=\"mkdf-icon-font-awesome fa fa-envelope mkdf-icon-element\" style=\"color: #ffffff\" ><\/i>                <\/span>\n                                    <\/a>\n        <\/div>\n    <div class=\"mkdf-iwt-content\" >\n                    <p class=\"mkdf-iwt-text test\" >info@dhipanama.com<\/p>\n    <\/div>\n<\/div>[vc_empty_space height=&#8221;12px&#8221;]<a itemprop=\"url\" href=\"\/en\/online-consultation\/\" target=\"_self\" style=\"background-color: #e7e7e7;margin: 25px 0px 0px 0px\" class=\"mkdf-btn mkdf-btn-small mkdf-btn-solid mkdf-btn-custom-hover-bg mkdf-btn-custom-hover-color btn_map_custom\" data-hover-color=\"#ffffff\" data-hover-bg-color=\"#000000\" >\n    <span class=\"mkdf-btn-text\">Hair loss diagnosis<\/span>\n    <\/a>[\/vc_column_inner][\/vc_row_inner][\/vc_column][\/vc_row]<\/p>\n<\/div><style type=\"text\/css\" data-type=\"rcb-_wpb_shortcodes_custom_css-10244\">.vc_custom_1543257271412{padding-top: 0px !important;}.vc_custom_1543257389188{padding-top: 0px !important;}.vc_custom_1543257376088{padding-top: 0px !important;padding-right: 0px !important;padding-left: 0px !important;}.vc_custom_1564418290431{padding-top: 0px !important;padding-right: 0px !important;padding-left: 0px !important;}.vc_custom_1567029638471{padding-right: 60px !important;padding-left: 60px !important;background-color: #0089a9 !important;}<\/style>[\/vc_column][\/vc_row]<\/p>\n<\/div>","protected":false},"excerpt":{"rendered":"<p>[vc_row row_content_width=&#8221;grid&#8221; css=&#8221;.vc_custom_1549287870021{padding-top: 60px !important;}&#8221;][vc_column width=&#8221;1\/3&#8243;][vc_single_image image=&#8221;5411&#8243; img_size=&#8221;full&#8221; alignment=&#8221;center&#8221; style=&#8221;vc_box_rounded&#8221; css_animation=&#8221;fadeInUp&#8221;][vc_column_text el_class=&#8221;promo-text-light&#8221;]Platelete-Rich Plasma is a completely safe procedure with no side effects.[\/vc_column_text][vc_empty_space height=&#8221;15px&#8221;][\/vc_column][vc_column width=&#8221;2\/3&#8243;][vc_column_text css_animation=&#8221;fadeInUp&#8221; el_class=&#8221;section-title&#8221;] HOW DOES PLATELET-RICH PLASMA HAIR TREATMENT [&hellip;]<\/p>\n","protected":false},"author":13,"featured_media":0,"parent":0,"menu_order":0,"comment_status":"closed","ping_status":"closed","template":"full-width.php","meta":{"content-type":"","footnotes":""},"yoast_head":"<!-- This site is optimized with the Yoast SEO plugin v22.8 - https:\/\/yoast.com\/wordpress\/plugins\/seo\/ -->\n<title>Platelet-Rich Plasma | Hair Loss Prevention | DHI Panam\u00e1<\/title>\n<meta name=\"description\" content=\"Platelet-Rich Plasma for hair loss is a powerful and natural treatment that does not require daily pills or lotions or chemical foams.\" \/>\n<meta name=\"robots\" content=\"index, follow, max-snippet:-1, max-image-preview:large, max-video-preview:-1\" \/>\n<link rel=\"canonical\" href=\"https:\/\/www.dhiclinicpanama.com\/en\/platelet-rich-plasma\/\" \/>\n<meta property=\"og:locale\" content=\"en_US\" \/>\n<meta property=\"og:type\" content=\"article\" \/>\n<meta property=\"og:title\" content=\"Platelet-Rich Plasma | Hair Loss Prevention | DHI Panam\u00e1\" \/>\n<meta property=\"og:description\" content=\"Platelet-Rich Plasma for hair loss is a powerful and natural treatment that does not require daily pills or lotions or chemical foams.\" \/>\n<meta property=\"og:url\" content=\"https:\/\/www.dhiclinicpanama.com\/en\/platelet-rich-plasma\/\" \/>\n<meta property=\"og:site_name\" content=\"DHI Panam\u00e1\" \/>\n<meta property=\"article:modified_time\" content=\"2019-09-30T19:36:01+00:00\" \/>\n<meta name=\"twitter:card\" content=\"summary_large_image\" \/>\n<meta name=\"twitter:label1\" content=\"Est. reading time\" \/>\n\t<meta name=\"twitter:data1\" content=\"5 minutes\" \/>\n<script type=\"application\/ld+json\" class=\"yoast-schema-graph\">{\"@context\":\"https:\/\/schema.org\",\"@graph\":[{\"@type\":\"WebPage\",\"@id\":\"https:\/\/www.dhiclinicpanama.com\/en\/platelet-rich-plasma\/\",\"url\":\"https:\/\/www.dhiclinicpanama.com\/en\/platelet-rich-plasma\/\",\"name\":\"Platelet-Rich Plasma | Hair Loss Prevention | DHI Panam\u00e1\",\"isPartOf\":{\"@id\":\"https:\/\/dhiclinicpanama.com\/#website\"},\"datePublished\":\"2018-12-18T20:34:33+00:00\",\"dateModified\":\"2019-09-30T19:36:01+00:00\",\"description\":\"Platelet-Rich Plasma for hair loss is a powerful and natural treatment that does not require daily pills or lotions or chemical foams.\",\"breadcrumb\":{\"@id\":\"https:\/\/www.dhiclinicpanama.com\/en\/platelet-rich-plasma\/#breadcrumb\"},\"inLanguage\":\"en-US\",\"potentialAction\":[{\"@type\":\"ReadAction\",\"target\":[\"https:\/\/www.dhiclinicpanama.com\/en\/platelet-rich-plasma\/\"]}]},{\"@type\":\"BreadcrumbList\",\"@id\":\"https:\/\/www.dhiclinicpanama.com\/en\/platelet-rich-plasma\/#breadcrumb\",\"itemListElement\":[{\"@type\":\"ListItem\",\"position\":1,\"name\":\"Home\",\"item\":\"https:\/\/dhiclinicpanama.com\/en\/\"},{\"@type\":\"ListItem\",\"position\":2,\"name\":\"Platelet-Rich Plasma\"}]},{\"@type\":\"WebSite\",\"@id\":\"https:\/\/dhiclinicpanama.com\/#website\",\"url\":\"https:\/\/dhiclinicpanama.com\/\",\"name\":\"DHI Panam\u00e1\",\"description\":\"El grupo m\u00e9dico de DHI es la compa\u00f1\u00eda m\u00e1s grande de restauraci\u00f3n capilar en el mundo, que se centra en la investigaci\u00f3n, el diagn\u00f3stico y el tratamiento de la p\u00e9rdida del cabello y trastornos del cuero cabelludo como la alopecia. Somos los expertos en alopecia ofreciendo ahora implantes de pelo en Panam\u00e1.\",\"potentialAction\":[{\"@type\":\"SearchAction\",\"target\":{\"@type\":\"EntryPoint\",\"urlTemplate\":\"https:\/\/dhiclinicpanama.com\/?s={search_term_string}\"},\"query-input\":\"required name=search_term_string\"}],\"inLanguage\":\"en-US\"}]}<\/script>\n<!-- \/ Yoast SEO plugin. -->","yoast_head_json":{"title":"Platelet-Rich Plasma | Hair Loss Prevention | DHI Panam\u00e1","description":"Platelet-Rich Plasma for hair loss is a powerful and natural treatment that does not require daily pills or lotions or chemical foams.","robots":{"index":"index","follow":"follow","max-snippet":"max-snippet:-1","max-image-preview":"max-image-preview:large","max-video-preview":"max-video-preview:-1"},"canonical":"https:\/\/www.dhiclinicpanama.com\/en\/platelet-rich-plasma\/","og_locale":"en_US","og_type":"article","og_title":"Platelet-Rich Plasma | Hair Loss Prevention | DHI Panam\u00e1","og_description":"Platelet-Rich Plasma for hair loss is a powerful and natural treatment that does not require daily pills or lotions or chemical foams.","og_url":"https:\/\/www.dhiclinicpanama.com\/en\/platelet-rich-plasma\/","og_site_name":"DHI Panam\u00e1","article_modified_time":"2019-09-30T19:36:01+00:00","twitter_card":"summary_large_image","twitter_misc":{"Est. reading time":"5 minutes"},"schema":{"@context":"https:\/\/schema.org","@graph":[{"@type":"WebPage","@id":"https:\/\/www.dhiclinicpanama.com\/en\/platelet-rich-plasma\/","url":"https:\/\/www.dhiclinicpanama.com\/en\/platelet-rich-plasma\/","name":"Platelet-Rich Plasma | Hair Loss Prevention | DHI Panam\u00e1","isPartOf":{"@id":"https:\/\/dhiclinicpanama.com\/#website"},"datePublished":"2018-12-18T20:34:33+00:00","dateModified":"2019-09-30T19:36:01+00:00","description":"Platelet-Rich Plasma for hair loss is a powerful and natural treatment that does not require daily pills or lotions or chemical foams.","breadcrumb":{"@id":"https:\/\/www.dhiclinicpanama.com\/en\/platelet-rich-plasma\/#breadcrumb"},"inLanguage":"en-US","potentialAction":[{"@type":"ReadAction","target":["https:\/\/www.dhiclinicpanama.com\/en\/platelet-rich-plasma\/"]}]},{"@type":"BreadcrumbList","@id":"https:\/\/www.dhiclinicpanama.com\/en\/platelet-rich-plasma\/#breadcrumb","itemListElement":[{"@type":"ListItem","position":1,"name":"Home","item":"https:\/\/dhiclinicpanama.com\/en\/"},{"@type":"ListItem","position":2,"name":"Platelet-Rich Plasma"}]},{"@type":"WebSite","@id":"https:\/\/dhiclinicpanama.com\/#website","url":"https:\/\/dhiclinicpanama.com\/","name":"DHI Panam\u00e1","description":"El grupo m\u00e9dico de DHI es la compa\u00f1\u00eda m\u00e1s grande de restauraci\u00f3n capilar en el mundo, que se centra en la investigaci\u00f3n, el diagn\u00f3stico y el tratamiento de la p\u00e9rdida del cabello y trastornos del cuero cabelludo como la alopecia. Somos los expertos en alopecia ofreciendo ahora implantes de pelo en Panam\u00e1.","potentialAction":[{"@type":"SearchAction","target":{"@type":"EntryPoint","urlTemplate":"https:\/\/dhiclinicpanama.com\/?s={search_term_string}"},"query-input":"required name=search_term_string"}],"inLanguage":"en-US"}]}},"_links":{"self":[{"href":"https:\/\/dhiclinicpanama.com\/en\/wp-json\/wp\/v2\/pages\/8444"}],"collection":[{"href":"https:\/\/dhiclinicpanama.com\/en\/wp-json\/wp\/v2\/pages"}],"about":[{"href":"https:\/\/dhiclinicpanama.com\/en\/wp-json\/wp\/v2\/types\/page"}],"author":[{"embeddable":true,"href":"https:\/\/dhiclinicpanama.com\/en\/wp-json\/wp\/v2\/users\/13"}],"replies":[{"embeddable":true,"href":"https:\/\/dhiclinicpanama.com\/en\/wp-json\/wp\/v2\/comments?post=8444"}],"version-history":[{"count":5,"href":"https:\/\/dhiclinicpanama.com\/en\/wp-json\/wp\/v2\/pages\/8444\/revisions"}],"predecessor-version":[{"id":8446,"href":"https:\/\/dhiclinicpanama.com\/en\/wp-json\/wp\/v2\/pages\/8444\/revisions\/8446"}],"wp:attachment":[{"href":"https:\/\/dhiclinicpanama.com\/en\/wp-json\/wp\/v2\/media?parent=8444"}],"curies":[{"name":"wp","href":"https:\/\/api.w.org\/{rel}","templated":true}]}}