{"id":8435,"date":"2019-06-23T22:16:52","date_gmt":"2019-06-23T22:16:52","guid":{"rendered":"http:\/\/3.88.20.185\/mesoterapia\/"},"modified":"2022-11-19T09:56:21","modified_gmt":"2022-11-19T14:56:21","slug":"mesotherapy","status":"publish","type":"page","link":"https:\/\/dhiclinicpanama.com\/en\/mesotherapy\/","title":{"rendered":"Mesotherapy"},"content":{"rendered":"<div class=\"wpb-content-wrapper\"><p>[vc_row row_content_width=&#8221;grid&#8221; css=&#8221;.vc_custom_1561328275147{padding-top: 60px !important;padding-bottom: 0px !important;}&#8221;][vc_column width=&#8221;2\/3&#8243;][vc_column_text css_animation=&#8221;fadeInUp&#8221; el_class=&#8221;section-title&#8221;]<\/p>\n<h2>WHAT IS MESOTHERAPY?<\/h2>\n<p>[\/vc_column_text][vc_column_text css_animation=&#8221;fadeInUp&#8221; el_class=&#8221;general-weight&#8221;]<span style=\"font-weight: 400;\">Mesotherapy is a non-invasive technique based on superficial microinjections, just below the epidermis, into the target tissues. The term \u00abmeso\u00bb is derived from the mesoderm or middle layer of the skin (approx. 1 mm deep).<\/span><\/p>\n<p><span style=\"font-weight: 400;\">Mesotherapy is a treatment that stimulates the mesoderm, which relieves a wide variety of symptoms and ailments. The solution injected can contain a wide range of minerals, vitamins, amino acids, nucleic acids and co-enzymes that can be tailored to each patient\u2019s individual needs.<\/span><\/p>\n<p><span style=\"font-weight: 400;\">Mesotherapy for hair loss, is used with great success in Europe and the United States.\u00a0<\/span>[\/vc_column_text][vc_column_text css_animation=&#8221;fadeIn&#8221;]<strong style=\"color: #1f89a9 !important;\">Mesotherapy is as effective as or more effective than tablets<br \/>\n<\/strong>[\/vc_column_text][vc_separator align=&#8221;align_right&#8221; el_width=&#8221;20&#8243; el_class=&#8221;separator-behind&#8221;][vc_column_text css_animation=&#8221;fadeInUp&#8221;]<span style=\"font-weight: 400;\">Today we know that Mesotherapy is as effective as or more effective than tablets in <a href=\"https:\/\/dhipanama.com\/en\/trasplante-capilar\/\">hair restoration<\/a> and\u00a0rejuvenation.<\/span><\/p>\n<p><span style=\"font-weight: 400;\">Mesotherapy\u00a0carries the right substances to the exact place where it is needed (around the hair follicle) so that:<\/span>[\/vc_column_text][vc_empty_space height=&#8221;15px&#8221;][vc_row_inner][vc_column_inner width=&#8221;1\/2&#8243;]<div class=\"mkdf-iwt clearfix icon mkdf-iwt-icon-left mkdf-iwt-icon-medium\">\n    <div class=\"mkdf-iwt-icon\">\n                                    <img loading=\"lazy\" decoding=\"async\" width=\"32\" height=\"32\" src=\"https:\/\/dhiclinicpanama.com\/wp-content\/uploads\/2018\/11\/success-1.png\" class=\"attachment-full size-full\" alt=\"\" \/>                            <\/div>\n    <div class=\"mkdf-iwt-content\" >\n                    <p class=\"mkdf-iwt-text test\" >The hair follicle can grow and survive back to its original Anagen Phase.<\/p>\n    <\/div>\n<\/div><div class=\"mkdf-iwt clearfix icon mkdf-iwt-icon-left mkdf-iwt-icon-medium\">\n    <div class=\"mkdf-iwt-icon\">\n                                    <img loading=\"lazy\" decoding=\"async\" width=\"32\" height=\"32\" src=\"https:\/\/dhiclinicpanama.com\/wp-content\/uploads\/2018\/11\/success-1.png\" class=\"attachment-full size-full\" alt=\"\" \/>                            <\/div>\n    <div class=\"mkdf-iwt-content\" >\n                    <p class=\"mkdf-iwt-text test\" >The excess of DHT (dihydrotestosterone) main cause for hair loss, is neutralized.<\/p>\n    <\/div>\n<\/div>[\/vc_column_inner][vc_column_inner width=&#8221;1\/2&#8243;]<div class=\"mkdf-iwt clearfix icon mkdf-iwt-icon-left mkdf-iwt-icon-medium\">\n    <div class=\"mkdf-iwt-icon\">\n                                    <img loading=\"lazy\" decoding=\"async\" width=\"32\" height=\"32\" src=\"https:\/\/dhiclinicpanama.com\/wp-content\/uploads\/2018\/11\/success-1.png\" class=\"attachment-full size-full\" alt=\"\" \/>                            <\/div>\n    <div class=\"mkdf-iwt-content\" >\n                    <p class=\"mkdf-iwt-text test\" >The blood circulation is stimulated in order to promote hair regrowth.<\/p>\n    <\/div>\n<\/div><div class=\"mkdf-iwt clearfix icon mkdf-iwt-icon-left mkdf-iwt-icon-medium\">\n    <div class=\"mkdf-iwt-icon\">\n                                    <img loading=\"lazy\" decoding=\"async\" width=\"32\" height=\"32\" src=\"https:\/\/dhiclinicpanama.com\/wp-content\/uploads\/2018\/11\/success-1.png\" class=\"attachment-full size-full\" alt=\"\" \/>                            <\/div>\n    <div class=\"mkdf-iwt-content\" >\n                    <p class=\"mkdf-iwt-text test\" >There is no dressing or local anesthesia required. After the treatment, you can just go back to work.<\/p>\n    <\/div>\n<\/div>[\/vc_column_inner][\/vc_row_inner][\/vc_column][vc_column width=&#8221;1\/3&#8243;][vc_single_image image=&#8221;6479&#8243; img_size=&#8221;large&#8221; alignment=&#8221;right&#8221; css_animation=&#8221;fadeInUp&#8221;][vc_column_text css_animation=&#8221;fadeInUp&#8221; el_class=&#8221;promo-text&#8221;]The treatment is practically <span style=\"color: #1f89a9;\"><strong>painless and safe<\/strong><\/span> when performed professionally.[\/vc_column_text][\/vc_column][\/vc_row][vc_row content_placement=&#8221;middle&#8221; row_content_width=&#8221;grid&#8221; css=&#8221;.vc_custom_1550011958873{padding-top: 60px !important;padding-bottom: 60px !important;}&#8221; simple_background_color=&#8221;#fafafa&#8221;][vc_column width=&#8221;1\/3&#8243;][vc_single_image image=&#8221;7258&#8243; img_size=&#8221;full&#8221; alignment=&#8221;center&#8221; css_animation=&#8221;fadeInUp&#8221;][vc_column_text css_animation=&#8221;fadeInUp&#8221; el_class=&#8221;promo-text&#8221;]<span style=\"font-weight: 400;\">They act like a <span style=\"color: #1f89a9;\"><strong>medicinal bullet<\/strong><\/span> that is delivered directly to a target in the body.<\/span>[\/vc_column_text][vc_empty_space height=&#8221;15px&#8221;][\/vc_column][vc_column width=&#8221;2\/3&#8243;][vc_column_text css_animation=&#8221;fadeInUp&#8221; el_class=&#8221;section-title&#8221;]<\/p>\n<h2>HOW MESOTHERAPY WORKS?<\/h2>\n<p>[\/vc_column_text][vc_column_text css_animation=&#8221;fadeInUp&#8221; el_class=&#8221;general-weight&#8221;]Mesotherapy employs both the physical (mechanical) and the chemical stimulation. Small doses of different medications are administered in specific areas depending on the condition being treated.[\/vc_column_text][vc_empty_space height=&#8221;15px&#8221;][vc_column_text css_animation=&#8221;fadeInUp&#8221;]<strong style=\"color: #1f89a9 !important;\">Mechanical<\/strong><\/p>\n<p>The needles that are creating micro perforations that induce a healing process. The posttraumatic response of the organism is to produce collagen and elastin \u2013 two of the key building blocks of skin. As there is no removal or \u201creal\u201d damage to existing collagen, the new formation of it simply adds to existing levels.<\/p>\n<p><strong style=\"color: #1f89a9 !important;\">Chemical<\/strong><\/p>\n<p><span style=\"font-weight: 400;\">The injected active ingredients will stimulate the organism. For instance, if the circulation is poor, a vasodilator is used (ex. coumarin); if excessive inflammation is present, an anti-inflammatory medication is used (ex. organic silicon). The quality of the product, its composition regarding the indication to treat is of first importance.<\/span><\/p>\n<p><span style=\"font-weight: 400;\">They act like a medicinal bullet that is delivered directly to a target in the body.<\/span>[\/vc_column_text][vc_empty_space height=&#8221;20px&#8221;][\/vc_column][\/vc_row][vc_row row_content_width=&#8221;grid&#8221; css=&#8221;.vc_custom_1549287783569{padding-top: 60px !important;padding-bottom: 0px !important;}&#8221;][vc_column width=&#8221;2\/3&#8243;][vc_column_text css_animation=&#8221;fadeInUp&#8221; el_class=&#8221;section-title&#8221;]<\/p>\n<h2>HOW MESOTHERAPY WORKS ON HAIR LOSS?<\/h2>\n<p>[\/vc_column_text][vc_column_text css_animation=&#8221;fadeInUp&#8221; el_class=&#8221;general-weight&#8221;]<span style=\"font-weight: 400;\">An effective time-release delivery system that can improve blood circulation, reduce inflammation, neutralize excess DHT, stimulate collagen, increase follicle size to stop hair loss and stimulate hair growth. Active Ingredients Acetyl tetrapeptide-3 &amp; Biochanin A.<\/span>[\/vc_column_text][vc_empty_space height=&#8221;20px&#8221;][vc_column_text css_animation=&#8221;fadeInUp&#8221;]<strong style=\"color: #1f89a9 !important;\">Acetyl Tetrapeptide-3<\/strong><\/p>\n<p><span style=\"font-weight: 400;\">Reduces the inflammation process stops hair loss and stimulates hair growth (comparative study to minoxidil) modulates DHT, stimulates the extracellular matrix and anchoring proteins. Acetyl tetrapeptide-3 stimulates tissue remodeling and has a direct effect on the hair follicle. The remodeling signal will increase the size of a hair follicle for better hair anchoring and vitality.<\/span><\/p>\n<p><strong style=\"color: #1f89a9 !important;\">Biochanin A<\/strong><\/p>\n<p><span style=\"font-weight: 400;\">Biochanin A is a powerful isoflavone, derived from red clover. It is a natural organic compound in the class of phytochemicals known as flavonoids. Red clover was traditionally used to treat asthma, cancer and inflammatory skin disorders such as eczema &amp; psoriasis. Biochanin A modulates the conversion of testosterone to DHT in androgenic alopecia.<\/span>[\/vc_column_text][vc_empty_space height=&#8221;20px&#8221;][\/vc_column][vc_column width=&#8221;1\/3&#8243;][vc_single_image image=&#8221;9624&#8243; img_size=&#8221;large&#8221; alignment=&#8221;right&#8221; css_animation=&#8221;fadeInUp&#8221;][vc_column_text css_animation=&#8221;fadeInUp&#8221; el_class=&#8221;promo-text&#8221;]<span style=\"font-weight: 400;\">All this results in a <span style=\"color: #1f89a9;\"><strong>stimulation of natural hair growth<\/strong><\/span>. Chances of result with Mesotherapy are 90-92% as opposed to Minoxidil (Rogaine) only 50%.<\/span>[\/vc_column_text][vc_empty_space height=&#8221;15px&#8221;][\/vc_column][\/vc_row][vc_row row_content_width=&#8221;grid&#8221; css=&#8221;.vc_custom_1549287791467{padding-top: 10px !important;padding-bottom: 60px !important;}&#8221;][vc_column][vc_column_text css_animation=&#8221;fadeInUp&#8221;]<strong style=\"color: #1f89a9 !important;\">How the Mesotherapy treatment is performed?<br \/>\n<\/strong>[\/vc_column_text][vc_separator el_width=&#8221;40&#8243; el_class=&#8221;separator-behind&#8221;][vc_column_text css_animation=&#8221;fadeInUp&#8221;]<span style=\"font-weight: 400;\">Most forms of hair loss are caused by hormone imbalances in and around the hair follicle, a lack of the right nutrients and reduced blood circulation. The treatment itself, performed by our certified specialist, takes between 10 and 30 minutes, depending on the extension of the area being treated.<\/span><\/p>\n<p><span style=\"font-weight: 400;\">Usually a minimum of 10 sessions is required to stimulate hair growth. We recommend starting with an intensive course of treatments every 2 weeks for the first 2-3 months. The frequency, then gradually decreases and the results of hair rejuvenation became evident already after 2-3 months. In order to keep the results maintenance treatments are needed generally once every 2 to 3 months.<\/span>[\/vc_column_text][\/vc_column][\/vc_row][vc_row full_width=&#8221;stretch_row&#8221; equal_height=&#8221;yes&#8221; css=&#8221;.vc_custom_1543257271412{padding-top: 0px !important;}&#8221;][vc_column css=&#8221;.vc_custom_1543257389188{padding-top: 0px !important;}&#8221;]<div class=\"wpb-content-wrapper\"><p>[vc_row full_width=&#8221;stretch_row&#8221; equal_height=&#8221;yes&#8221; css=&#8221;.vc_custom_1543257271412{padding-top: 0px !important;}&#8221;][vc_column css=&#8221;.vc_custom_1543257389188{padding-top: 0px !important;}&#8221;][vc_row_inner equal_height=&#8221;yes&#8221; css=&#8221;.vc_custom_1543257376088{padding-top: 0px !important;padding-right: 0px !important;padding-left: 0px !important;}&#8221;][vc_column_inner width=&#8221;1\/2&#8243; css=&#8221;.vc_custom_1564418290431{padding-top: 0px !important;padding-right: 0px !important;padding-left: 0px !important;}&#8221; offset=&#8221;vc_col-md-8&#8243;]<div class=\"mkdf-google-map-holder\">\n    <div class=\"mkdf-google-map\" id=\"mkdf-map-412368\" data-addresses='[\"G&amp;G Plaza, Local 2, Calle 56 con Calle Ram\u00f3n H. Hurtado, Punta Paitilla. Diagonal al Super 99 de Punta Pac\u00edfica\"]' data-custom-map-style=no data-color-overlay=#393939 data-saturation=-100 data-lightness=-60 data-zoom=14 data-pin=https:\/\/dhiclinicpanama.com\/wp-content\/uploads\/2019\/08\/marker-update.png data-unique-id=412368 data-scroll-wheel=no data-height=500 ><\/div>\n                <div class=\"mkdf-google-map-overlay\"><\/div>\n    <\/div>\n[\/vc_column_inner][vc_column_inner width=&#8221;1\/2&#8243; css=&#8221;.vc_custom_1567029638471{padding-right: 60px !important;padding-left: 60px !important;background-color: #0089a9 !important;}&#8221; offset=&#8221;vc_col-md-4&#8243;][vc_column_text el_class=&#8221;custom-desing&#8221;]Hair Loss<br \/>\n<strong>Diagnosis<\/strong>[\/vc_column_text][vc_empty_space height=&#8221;20px&#8221;][vc_column_text el_class=&#8221;custom-des&#8221;]Here at <strong>DHI Global Medical Group<\/strong> we recognize that the correct diagnosis is the basis for a successful treatment. <strong>We are the best hair restoration clinic in Panama<\/strong>.[\/vc_column_text][vc_empty_space height=&#8221;20px&#8221;][vc_separator align=&#8221;align_left&#8221; border_width=&#8221;2&#8243; el_width=&#8221;40&#8243;][vc_empty_space height=&#8221;20px&#8221;]<div class=\"mkdf-iwt clearfix icon-space icon-text-color mkdf-iwt-icon-left mkdf-iwt-icon-small\">\n    <div class=\"mkdf-iwt-icon\">\n                                        <span class=\"mkdf-icon-shortcode mkdf-normal   mkdf-icon-small\"  data-color=\"#ffffff\">\n                    <i class=\"mkdf-icon-font-awesome fa fa-phone mkdf-icon-element\" style=\"color: #ffffff\" ><\/i>                <\/span>\n                                <\/div>\n    <div class=\"mkdf-iwt-content\" >\n                    <p class=\"mkdf-iwt-text test\" >+507 399 6633<\/p>\n    <\/div>\n<\/div><div class=\"mkdf-iwt clearfix icon-text-color mkdf-iwt-icon-left mkdf-iwt-icon-small\">\n    <div class=\"mkdf-iwt-icon\">\n                <a itemprop=\"url\" href=\"mailto:info@dhipanama.com\" target=\"_self\">\n                                            <span class=\"mkdf-icon-shortcode mkdf-normal   mkdf-icon-small\"  data-color=\"#ffffff\">\n                    <i class=\"mkdf-icon-font-awesome fa fa-envelope mkdf-icon-element\" style=\"color: #ffffff\" ><\/i>                <\/span>\n                                    <\/a>\n        <\/div>\n    <div class=\"mkdf-iwt-content\" >\n                    <p class=\"mkdf-iwt-text test\" >info@dhipanama.com<\/p>\n    <\/div>\n<\/div>[vc_empty_space height=&#8221;12px&#8221;]<a itemprop=\"url\" href=\"\/en\/online-consultation\/\" target=\"_self\" style=\"background-color: #e7e7e7;margin: 25px 0px 0px 0px\" class=\"mkdf-btn mkdf-btn-small mkdf-btn-solid mkdf-btn-custom-hover-bg mkdf-btn-custom-hover-color btn_map_custom\" data-hover-color=\"#ffffff\" data-hover-bg-color=\"#000000\" >\n    <span class=\"mkdf-btn-text\">Hair loss diagnosis<\/span>\n    <\/a>[\/vc_column_inner][\/vc_row_inner][\/vc_column][\/vc_row]<\/p>\n<\/div><style type=\"text\/css\" data-type=\"rcb-_wpb_shortcodes_custom_css-10244\">.vc_custom_1543257271412{padding-top: 0px !important;}.vc_custom_1543257389188{padding-top: 0px !important;}.vc_custom_1543257376088{padding-top: 0px !important;padding-right: 0px !important;padding-left: 0px !important;}.vc_custom_1564418290431{padding-top: 0px !important;padding-right: 0px !important;padding-left: 0px !important;}.vc_custom_1567029638471{padding-right: 60px !important;padding-left: 60px !important;background-color: #0089a9 !important;}<\/style>[\/vc_column][\/vc_row]<\/p>\n<\/div>","protected":false},"excerpt":{"rendered":"<p>[vc_row row_content_width=&#8221;grid&#8221; css=&#8221;.vc_custom_1561328275147{padding-top: 60px !important;padding-bottom: 0px !important;}&#8221;][vc_column width=&#8221;2\/3&#8243;][vc_column_text css_animation=&#8221;fadeInUp&#8221; el_class=&#8221;section-title&#8221;] WHAT IS MESOTHERAPY? [\/vc_column_text][vc_column_text css_animation=&#8221;fadeInUp&#8221; el_class=&#8221;general-weight&#8221;]Mesotherapy is a non-invasive technique based on superficial microinjections, just below the epidermis, into the target tissues. [&hellip;]<\/p>\n","protected":false},"author":13,"featured_media":0,"parent":0,"menu_order":0,"comment_status":"closed","ping_status":"closed","template":"full-width.php","meta":{"content-type":"","footnotes":""},"yoast_head":"<!-- This site is optimized with the Yoast SEO plugin v22.8 - https:\/\/yoast.com\/wordpress\/plugins\/seo\/ -->\n<title>Mesotherapy | Hair Loss Prevention | DHI Panam\u00e1<\/title>\n<meta name=\"description\" content=\"Mesotherapy is a non-invasive technique based on superficial microinjections, just below the epidermis, into the target tissues.\" \/>\n<meta name=\"robots\" content=\"index, follow, max-snippet:-1, max-image-preview:large, max-video-preview:-1\" \/>\n<link rel=\"canonical\" href=\"https:\/\/dhiclinicpanama.com\/en\/mesotherapy\/\" \/>\n<meta property=\"og:locale\" content=\"en_US\" \/>\n<meta property=\"og:type\" content=\"article\" \/>\n<meta property=\"og:title\" content=\"Mesotherapy | Hair Loss Prevention | DHI Panam\u00e1\" \/>\n<meta property=\"og:description\" content=\"Mesotherapy is a non-invasive technique based on superficial microinjections, just below the epidermis, into the target tissues.\" \/>\n<meta property=\"og:url\" content=\"https:\/\/dhiclinicpanama.com\/en\/mesotherapy\/\" \/>\n<meta property=\"og:site_name\" content=\"DHI Panam\u00e1\" \/>\n<meta property=\"article:modified_time\" content=\"2022-11-19T14:56:21+00:00\" \/>\n<meta name=\"twitter:card\" content=\"summary_large_image\" \/>\n<meta name=\"twitter:label1\" content=\"Est. reading time\" \/>\n\t<meta name=\"twitter:data1\" content=\"4 minutes\" \/>\n<script type=\"application\/ld+json\" class=\"yoast-schema-graph\">{\"@context\":\"https:\/\/schema.org\",\"@graph\":[{\"@type\":\"WebPage\",\"@id\":\"https:\/\/dhiclinicpanama.com\/en\/mesotherapy\/\",\"url\":\"https:\/\/dhiclinicpanama.com\/en\/mesotherapy\/\",\"name\":\"Mesotherapy | Hair Loss Prevention | DHI Panam\u00e1\",\"isPartOf\":{\"@id\":\"https:\/\/dhiclinicpanama.com\/en\/#website\"},\"datePublished\":\"2019-06-23T22:16:52+00:00\",\"dateModified\":\"2022-11-19T14:56:21+00:00\",\"description\":\"Mesotherapy is a non-invasive technique based on superficial microinjections, just below the epidermis, into the target tissues.\",\"breadcrumb\":{\"@id\":\"https:\/\/dhiclinicpanama.com\/en\/mesotherapy\/#breadcrumb\"},\"inLanguage\":\"en-US\",\"potentialAction\":[{\"@type\":\"ReadAction\",\"target\":[\"https:\/\/dhiclinicpanama.com\/en\/mesotherapy\/\"]}]},{\"@type\":\"BreadcrumbList\",\"@id\":\"https:\/\/dhiclinicpanama.com\/en\/mesotherapy\/#breadcrumb\",\"itemListElement\":[{\"@type\":\"ListItem\",\"position\":1,\"name\":\"Home\",\"item\":\"https:\/\/dhiclinicpanama.com\/en\/\"},{\"@type\":\"ListItem\",\"position\":2,\"name\":\"Mesotherapy\"}]},{\"@type\":\"WebSite\",\"@id\":\"https:\/\/dhiclinicpanama.com\/en\/#website\",\"url\":\"https:\/\/dhiclinicpanama.com\/en\/\",\"name\":\"DHI Panam\u00e1\",\"description\":\"El grupo m\u00e9dico de DHI es la compa\u00f1\u00eda m\u00e1s grande de restauraci\u00f3n capilar en el mundo, que se centra en la investigaci\u00f3n, el diagn\u00f3stico y el tratamiento de la p\u00e9rdida del cabello y trastornos del cuero cabelludo como la alopecia. Somos los expertos en alopecia ofreciendo ahora implantes de pelo en Panam\u00e1.\",\"potentialAction\":[{\"@type\":\"SearchAction\",\"target\":{\"@type\":\"EntryPoint\",\"urlTemplate\":\"https:\/\/dhiclinicpanama.com\/en\/?s={search_term_string}\"},\"query-input\":\"required name=search_term_string\"}],\"inLanguage\":\"en-US\"}]}<\/script>\n<!-- \/ Yoast SEO plugin. -->","yoast_head_json":{"title":"Mesotherapy | Hair Loss Prevention | DHI Panam\u00e1","description":"Mesotherapy is a non-invasive technique based on superficial microinjections, just below the epidermis, into the target tissues.","robots":{"index":"index","follow":"follow","max-snippet":"max-snippet:-1","max-image-preview":"max-image-preview:large","max-video-preview":"max-video-preview:-1"},"canonical":"https:\/\/dhiclinicpanama.com\/en\/mesotherapy\/","og_locale":"en_US","og_type":"article","og_title":"Mesotherapy | Hair Loss Prevention | DHI Panam\u00e1","og_description":"Mesotherapy is a non-invasive technique based on superficial microinjections, just below the epidermis, into the target tissues.","og_url":"https:\/\/dhiclinicpanama.com\/en\/mesotherapy\/","og_site_name":"DHI Panam\u00e1","article_modified_time":"2022-11-19T14:56:21+00:00","twitter_card":"summary_large_image","twitter_misc":{"Est. reading time":"4 minutes"},"schema":{"@context":"https:\/\/schema.org","@graph":[{"@type":"WebPage","@id":"https:\/\/dhiclinicpanama.com\/en\/mesotherapy\/","url":"https:\/\/dhiclinicpanama.com\/en\/mesotherapy\/","name":"Mesotherapy | Hair Loss Prevention | DHI Panam\u00e1","isPartOf":{"@id":"https:\/\/dhiclinicpanama.com\/en\/#website"},"datePublished":"2019-06-23T22:16:52+00:00","dateModified":"2022-11-19T14:56:21+00:00","description":"Mesotherapy is a non-invasive technique based on superficial microinjections, just below the epidermis, into the target tissues.","breadcrumb":{"@id":"https:\/\/dhiclinicpanama.com\/en\/mesotherapy\/#breadcrumb"},"inLanguage":"en-US","potentialAction":[{"@type":"ReadAction","target":["https:\/\/dhiclinicpanama.com\/en\/mesotherapy\/"]}]},{"@type":"BreadcrumbList","@id":"https:\/\/dhiclinicpanama.com\/en\/mesotherapy\/#breadcrumb","itemListElement":[{"@type":"ListItem","position":1,"name":"Home","item":"https:\/\/dhiclinicpanama.com\/en\/"},{"@type":"ListItem","position":2,"name":"Mesotherapy"}]},{"@type":"WebSite","@id":"https:\/\/dhiclinicpanama.com\/en\/#website","url":"https:\/\/dhiclinicpanama.com\/en\/","name":"DHI Panam\u00e1","description":"El grupo m\u00e9dico de DHI es la compa\u00f1\u00eda m\u00e1s grande de restauraci\u00f3n capilar en el mundo, que se centra en la investigaci\u00f3n, el diagn\u00f3stico y el tratamiento de la p\u00e9rdida del cabello y trastornos del cuero cabelludo como la alopecia. Somos los expertos en alopecia ofreciendo ahora implantes de pelo en Panam\u00e1.","potentialAction":[{"@type":"SearchAction","target":{"@type":"EntryPoint","urlTemplate":"https:\/\/dhiclinicpanama.com\/en\/?s={search_term_string}"},"query-input":"required name=search_term_string"}],"inLanguage":"en-US"}]}},"_links":{"self":[{"href":"https:\/\/dhiclinicpanama.com\/en\/wp-json\/wp\/v2\/pages\/8435"}],"collection":[{"href":"https:\/\/dhiclinicpanama.com\/en\/wp-json\/wp\/v2\/pages"}],"about":[{"href":"https:\/\/dhiclinicpanama.com\/en\/wp-json\/wp\/v2\/types\/page"}],"author":[{"embeddable":true,"href":"https:\/\/dhiclinicpanama.com\/en\/wp-json\/wp\/v2\/users\/13"}],"replies":[{"embeddable":true,"href":"https:\/\/dhiclinicpanama.com\/en\/wp-json\/wp\/v2\/comments?post=8435"}],"version-history":[{"count":5,"href":"https:\/\/dhiclinicpanama.com\/en\/wp-json\/wp\/v2\/pages\/8435\/revisions"}],"predecessor-version":[{"id":22700,"href":"https:\/\/dhiclinicpanama.com\/en\/wp-json\/wp\/v2\/pages\/8435\/revisions\/22700"}],"wp:attachment":[{"href":"https:\/\/dhiclinicpanama.com\/en\/wp-json\/wp\/v2\/media?parent=8435"}],"curies":[{"name":"wp","href":"https:\/\/api.w.org\/{rel}","templated":true}]}}