{"id":8427,"date":"2019-06-24T18:14:56","date_gmt":"2019-06-24T18:14:56","guid":{"rendered":"http:\/\/3.88.20.185\/infored\/"},"modified":"2019-09-30T14:35:20","modified_gmt":"2019-09-30T19:35:20","slug":"infored","status":"publish","type":"page","link":"https:\/\/dhiclinicpanama.com\/en\/infored\/","title":{"rendered":"Infored"},"content":{"rendered":"<div class=\"wpb-content-wrapper\"><p>[vc_row row_content_width=&#8221;grid&#8221; css=&#8221;.vc_custom_1561400225193{padding-top: 60px !important;}&#8221;][vc_column width=&#8221;1\/3&#8243;][vc_single_image image=&#8221;5418&#8243; img_size=&#8221;full&#8221; alignment=&#8221;center&#8221; style=&#8221;vc_box_rounded&#8221; css_animation=&#8221;fadeInUp&#8221;][vc_empty_space height=&#8221;15px&#8221;][\/vc_column][vc_column width=&#8221;2\/3&#8243;][vc_column_text css_animation=&#8221;fadeInUp&#8221; el_class=&#8221;section-title&#8221;]<\/p>\n<h2>WHAT IS INFO RED FOR HAIR LOSS?<\/h2>\n<p>[\/vc_column_text][vc_column_text css_animation=&#8221;fadeInUp&#8221; el_class=&#8221;general-weight&#8221;]<span style=\"font-weight: 400;\">Red light therapy or Info Red, also known as cold laser, soft laser, and Low-Level Laser Therapy, is a safe form of light treatment that\u2019s being used more and more to treat the genetic forms of hair loss (androgenetic alopecia or pattern balding) common in <a href=\"http:\/\/dhipanama.com\/en\/male-hair-loss\/\">men<\/a> and <a href=\"http:\/\/dhipanama.com\/en\/female-hair-loss\/\">women<\/a>.<\/span>[\/vc_column_text][vc_row_inner][vc_column_inner][vc_column_text css_animation=&#8221;fadeInUp&#8221;]<strong style=\"color: #1f89a9 !important;\">How is the action process of Info Red Therapy?<br \/>\n<\/strong>[\/vc_column_text][vc_separator align=&#8221;align_right&#8221; el_width=&#8221;50&#8243; el_class=&#8221;separator-behind&#8221;][vc_empty_space height=&#8221;15px&#8221;][\/vc_column_inner][vc_column_inner width=&#8221;1\/2&#8243;]<div class=\"mkdf-iwt clearfix icon mkdf-iwt-icon-left mkdf-iwt-icon-medium\">\n    <div class=\"mkdf-iwt-icon\">\n                                    <img loading=\"lazy\" decoding=\"async\" width=\"32\" height=\"32\" src=\"https:\/\/dhiclinicpanama.com\/wp-content\/uploads\/2018\/11\/success-1.png\" class=\"attachment-full size-full\" alt=\"\" \/>                            <\/div>\n    <div class=\"mkdf-iwt-content\" >\n                    <p class=\"mkdf-iwt-text test\" >Growth (Anagen Phase)<\/p>\n    <\/div>\n<\/div>[\/vc_column_inner][vc_column_inner width=&#8221;1\/2&#8243;]<div class=\"mkdf-iwt clearfix icon mkdf-iwt-icon-left mkdf-iwt-icon-medium\">\n    <div class=\"mkdf-iwt-icon\">\n                                    <img loading=\"lazy\" decoding=\"async\" width=\"32\" height=\"32\" src=\"https:\/\/dhiclinicpanama.com\/wp-content\/uploads\/2018\/11\/success-1.png\" class=\"attachment-full size-full\" alt=\"\" \/>                            <\/div>\n    <div class=\"mkdf-iwt-content\" >\n                    <p class=\"mkdf-iwt-text test\" >Resting (Catagen Phase)<\/p>\n    <\/div>\n<\/div>[\/vc_column_inner][vc_column_inner]<div class=\"mkdf-iwt clearfix icon mkdf-iwt-icon-left mkdf-iwt-icon-medium\">\n    <div class=\"mkdf-iwt-icon\">\n                                    <img loading=\"lazy\" decoding=\"async\" width=\"32\" height=\"32\" src=\"https:\/\/dhiclinicpanama.com\/wp-content\/uploads\/2018\/11\/success-1.png\" class=\"attachment-full size-full\" alt=\"\" \/>                            <\/div>\n    <div class=\"mkdf-iwt-content\" >\n                    <p class=\"mkdf-iwt-text test\" >Shedding (Telogen Effluvium Phase)<\/p>\n    <\/div>\n<\/div>[vc_column_text css_animation=&#8221;fadeInUp&#8221;]<span style=\"font-weight: 400;\">Red light therapy has been found to increase blood flow (microcirculation) in the scalp and stimulate metabolism in catagen or telogen effluvium follicles.<\/span><\/p>\n<p><span style=\"font-weight: 400;\">The result is an accelerated production of anagen hair \u2013 new hair (stimulation of epidermal stem cells in the hair follicle bulge and shifting the follicles into anagen phase).<\/span>[\/vc_column_text][\/vc_column_inner][\/vc_row_inner][vc_empty_space height=&#8221;35px&#8221;][\/vc_column][\/vc_row][vc_row row_content_width=&#8221;grid&#8221; css=&#8221;.vc_custom_1547656025849{padding-top: 60px !important;padding-bottom: 80px !important;}&#8221; simple_background_color=&#8221;#fafafa&#8221;][vc_column][vc_row_inner][vc_column_inner][vc_column_text css_animation=&#8221;fadeInUp&#8221; el_class=&#8221;section-title&#8221;]<\/p>\n<h2>HOW DOES RED LIGHT THERAPY WORKS TO STOP HAIR LOSS?<\/h2>\n<p>[\/vc_column_text][\/vc_column_inner][vc_column_inner width=&#8221;2\/3&#8243;][vc_column_text css_animation=&#8221;fadeInUp&#8221;]<span style=\"font-weight: 400;\">Both red light therapy and near infrared light therapy have been known to stop hair loss and promote regrowth of fuller thicker hair. Sometimes light therapies are called by other names such as laser soft laser low-level light therapy, photo bio-modulation (or PBM for short).<\/span><\/p>\n<p><span style=\"font-weight: 400;\">Whatever they are called, red light therapy is a safe light-based treatment becoming popular as a method to stop hair loss, including genetic forms, which are a very common problem for men and women over age 35.<\/span><\/p>\n<p><span style=\"font-weight: 400;\">Red light therapy for hair loss typically uses LED lights, which emit a red light in a specific range of wavelengths (630-670 nm), that have been established effective at causing hair to grow.<\/span><\/p>\n<p><span style=\"font-weight: 400;\">For men, the most common balding pattern involves a receding hairline and hair loss at the crown of the head, while for women hair loss more often involves diffuse thinning of the hair all over the head. Either way, red light therapy can help.<\/span>[\/vc_column_text][\/vc_column_inner][vc_column_inner width=&#8221;1\/3&#8243;][vc_single_image image=&#8221;6461&#8243; img_size=&#8221;400&#215;400&#8243; alignment=&#8221;center&#8221; style=&#8221;vc_box_rounded&#8221; css_animation=&#8221;fadeInUp&#8221;][\/vc_column_inner][\/vc_row_inner][vc_empty_space height=&#8221;15px&#8221;][vc_column_text css_animation=&#8221;fadeInUp&#8221;]<strong style=\"color: #1f89a9 !important;\">What benefits does Info Red therapy has?<br \/>\n<\/strong>[\/vc_column_text][vc_separator align=&#8221;align_right&#8221; el_width=&#8221;70&#8243; el_class=&#8221;separator-behind&#8221;][vc_column_text css_animation=&#8221;fadeInUp&#8221;]<\/p>\n<ul>\n<li><span style=\"font-weight: 400;\">Low-level light therapy (LLLT) using red or near infrared light is scientifically proven to treat genetic forms of hair loss (androgenetic alopecia).<\/span><\/li>\n<li><span style=\"font-weight: 400;\">Red light therapy has been shown to cause hair to regrow the crown area and along the hairline, the most common places that men tend to lose their hair.<\/span><\/li>\n<li><span style=\"font-weight: 400;\">Neither red nor infrared light therapy is known to have serious side effects. The treatment is painless, safe and easy to get access too.<\/span><\/li>\n<li><span style=\"font-weight: 400;\">In most cases hair regrowth has been seen after 12 to 26 weeks using red light therapy, including loss of less hair each day and a noticeable improvement for hairs growing on the head.<\/span><\/li>\n<\/ul>\n<p>[\/vc_column_text][vc_empty_space height=&#8221;15px&#8221;][vc_column_text css_animation=&#8221;fadeInUp&#8221;]If the Red Light Therapy (Info Red Laser) is combined with the application of <a href=\"http:\/\/dhipanama.com\/en\/platelet-rich-plasma\/\">Platelet Rich Plasma<\/a> or <a href=\"http:\/\/dhipanama.com\/en\/mesotherapy\/\">Capillary Mesotherapy<\/a>, results can be obtained in just a few weeks.[\/vc_column_text][\/vc_column][\/vc_row][vc_row row_content_width=&#8221;grid&#8221; css=&#8221;.vc_custom_1547656034086{padding-top: 60px !important;padding-bottom: 80px !important;}&#8221;][vc_column width=&#8221;1\/2&#8243;]<div class=\"mkdf-accordion-holder mkdf-ac-default icon_select_box mkdf-toggle mkdf-ac-simple  clearfix\">\n    <h6 class=\"mkdf-accordion-title\">\n<span class=\"mkdf-accordion-mark\">\n\t\t<span class=\"mkdf_icon_plus icon_plus\"><\/span>\n\t\t<span class=\"mkdf_icon_minus icon_minus-06\"><\/span>\n\t<\/span>\n<span class=\"mkdf-tab-title\">Are there any side effects of Info Red therapy?<\/span>\n<\/h6>\n<div class=\"mkdf-accordion-content\">\n    <div class=\"mkdf-accordion-content-inner\">\n        [vc_column_text]<span style=\"font-weight: 400;\">Everyone is different, and although there are no studies or any reports of negative side effects or pain,\u00a0<\/span><span style=\"font-weight: 400;\">it\u2019s always possible an individual could experience problems that no one else does. Therefore, when beginning with any type of light therapy the patient should look for the advice of a specialist.\u00a0<\/span>[\/vc_column_text]    <\/div>\n<\/div><h6 class=\"mkdf-accordion-title\">\n<span class=\"mkdf-accordion-mark\">\n\t\t<span class=\"mkdf_icon_plus icon_plus\"><\/span>\n\t\t<span class=\"mkdf_icon_minus icon_minus-06\"><\/span>\n\t<\/span>\n<span class=\"mkdf-tab-title\">Will Info Red Thera`y cause hair to grow in other unwanted places?<\/span>\n<\/h6>\n<div class=\"mkdf-accordion-content\">\n    <div class=\"mkdf-accordion-content-inner\">\n        [vc_column_text]<span style=\"font-weight: 400;\">Red light therapy can stimulate hair growth but it cannot grow hair in places where it has never existed. It can improve the quality of the hair that grows by increasing the blood supply to the area, making sure that the growing hair is getting the nutrients it needs to be healthy.<\/span><\/p>\n<p><span style=\"font-weight: 400;\">Red light therapy has many other benefits including increasing the production of collagen as an anti-aging defense.<\/span>[\/vc_column_text]    <\/div>\n<\/div><h6 class=\"mkdf-accordion-title\">\n<span class=\"mkdf-accordion-mark\">\n\t\t<span class=\"mkdf_icon_plus icon_plus\"><\/span>\n\t\t<span class=\"mkdf_icon_minus icon_minus-06\"><\/span>\n\t<\/span>\n<span class=\"mkdf-tab-title\">Will Info Red Therapy work for all types or causes of hair loss?<\/span>\n<\/h6>\n<div class=\"mkdf-accordion-content\">\n    <div class=\"mkdf-accordion-content-inner\">\n        [vc_column_text]<span style=\"font-weight: 400;\">Depending on the cause of hair loss, the mode of treatment will vary as well. No known therapy will work for all forms of hair loss, as there is no one-size fits all treatment for it. For example, if you are having hair loss because of a certain medication, you will not stop losing your hair unless you stop using that specific medication. Moreover, the earlier treatment is started, the better the chances of success through its use. There isn\u2019t much that can be done to resurrect a hair follicle once it has died, much like when brain cells die. Therefore, it is suggested that when using any treatment for hair loss, beginning early will be critical to optimal success. The primary target of Low-Level Laser Therapy and red light hair loss therapies are people who have temporarily lost their hair due to issues such as emotional and physical stress, medication side effects, or other conditions, such as male pattern baldness or menopause.<\/span>[\/vc_column_text]    <\/div>\n<\/div><\/div>[\/vc_column][vc_column width=&#8221;1\/2&#8243;]<div class=\"mkdf-accordion-holder mkdf-ac-default icon_select_box mkdf-toggle mkdf-ac-simple  clearfix\">\n    <h6 class=\"mkdf-accordion-title\">\n<span class=\"mkdf-accordion-mark\">\n\t\t<span class=\"mkdf_icon_plus icon_plus\"><\/span>\n\t\t<span class=\"mkdf_icon_minus icon_minus-06\"><\/span>\n\t<\/span>\n<span class=\"mkdf-tab-title\">How fast can I see results?<\/span>\n<\/h6>\n<div class=\"mkdf-accordion-content\">\n    <div class=\"mkdf-accordion-content-inner\">\n        [vc_column_text]<span style=\"font-weight: 400;\">Significant results can be seen after the fourth month. Although hair cells typically divide and generate fast, it will not be an overnight process. You did not lose your hair overnight, so it is not going to grow back overnight either. <\/span>[\/vc_column_text]    <\/div>\n<\/div><h6 class=\"mkdf-accordion-title\">\n<span class=\"mkdf-accordion-mark\">\n\t\t<span class=\"mkdf_icon_plus icon_plus\"><\/span>\n\t\t<span class=\"mkdf_icon_minus icon_minus-06\"><\/span>\n\t<\/span>\n<span class=\"mkdf-tab-title\">How long do I need to be under the red light?<\/span>\n<\/h6>\n<div class=\"mkdf-accordion-content\">\n    <div class=\"mkdf-accordion-content-inner\">\n        [vc_column_text]This will depend on the type of device you use, it is important to always follow the manufacturer&#8217;s instructions. Longer treatment times do not necessarily mean that it will give better results. It is not necessary to spend an hour in the light with the hope that your hair will grow faster.[\/vc_column_text]    <\/div>\n<\/div><\/div>[\/vc_column][\/vc_row][vc_row full_width=&#8221;stretch_row&#8221; equal_height=&#8221;yes&#8221; css=&#8221;.vc_custom_1543257271412{padding-top: 0px !important;}&#8221;][vc_column css=&#8221;.vc_custom_1543257389188{padding-top: 0px !important;}&#8221;]<div class=\"wpb-content-wrapper\"><p>[vc_row full_width=&#8221;stretch_row&#8221; equal_height=&#8221;yes&#8221; css=&#8221;.vc_custom_1543257271412{padding-top: 0px !important;}&#8221;][vc_column css=&#8221;.vc_custom_1543257389188{padding-top: 0px !important;}&#8221;][vc_row_inner equal_height=&#8221;yes&#8221; css=&#8221;.vc_custom_1543257376088{padding-top: 0px !important;padding-right: 0px !important;padding-left: 0px !important;}&#8221;][vc_column_inner width=&#8221;1\/2&#8243; css=&#8221;.vc_custom_1564418290431{padding-top: 0px !important;padding-right: 0px !important;padding-left: 0px !important;}&#8221; offset=&#8221;vc_col-md-8&#8243;]<div class=\"mkdf-google-map-holder\">\n    <div class=\"mkdf-google-map\" id=\"mkdf-map-2641335\" data-addresses='[\"G&amp;G Plaza, Local 2, Calle 56 con Calle Ram\u00f3n H. Hurtado, Punta Paitilla. Diagonal al Super 99 de Punta Pac\u00edfica\"]' data-custom-map-style=no data-color-overlay=#393939 data-saturation=-100 data-lightness=-60 data-zoom=14 data-pin=https:\/\/dhiclinicpanama.com\/wp-content\/uploads\/2019\/08\/marker-update.png data-unique-id=2641335 data-scroll-wheel=no data-height=500 ><\/div>\n                <div class=\"mkdf-google-map-overlay\"><\/div>\n    <\/div>\n[\/vc_column_inner][vc_column_inner width=&#8221;1\/2&#8243; css=&#8221;.vc_custom_1567029638471{padding-right: 60px !important;padding-left: 60px !important;background-color: #0089a9 !important;}&#8221; offset=&#8221;vc_col-md-4&#8243;][vc_column_text el_class=&#8221;custom-desing&#8221;]Hair Loss<br \/>\n<strong>Diagnosis<\/strong>[\/vc_column_text][vc_empty_space height=&#8221;20px&#8221;][vc_column_text el_class=&#8221;custom-des&#8221;]Here at <strong>DHI Global Medical Group<\/strong> we recognize that the correct diagnosis is the basis for a successful treatment. <strong>We are the best hair restoration clinic in Panama<\/strong>.[\/vc_column_text][vc_empty_space height=&#8221;20px&#8221;][vc_separator align=&#8221;align_left&#8221; border_width=&#8221;2&#8243; el_width=&#8221;40&#8243;][vc_empty_space height=&#8221;20px&#8221;]<div class=\"mkdf-iwt clearfix icon-space icon-text-color mkdf-iwt-icon-left mkdf-iwt-icon-small\">\n    <div class=\"mkdf-iwt-icon\">\n                                        <span class=\"mkdf-icon-shortcode mkdf-normal   mkdf-icon-small\"  data-color=\"#ffffff\">\n                    <i class=\"mkdf-icon-font-awesome fa fa-phone mkdf-icon-element\" style=\"color: #ffffff\" ><\/i>                <\/span>\n                                <\/div>\n    <div class=\"mkdf-iwt-content\" >\n                    <p class=\"mkdf-iwt-text test\" >+507 399 6633<\/p>\n    <\/div>\n<\/div><div class=\"mkdf-iwt clearfix icon-text-color mkdf-iwt-icon-left mkdf-iwt-icon-small\">\n    <div class=\"mkdf-iwt-icon\">\n                <a itemprop=\"url\" href=\"mailto:info@dhipanama.com\" target=\"_self\">\n                                            <span class=\"mkdf-icon-shortcode mkdf-normal   mkdf-icon-small\"  data-color=\"#ffffff\">\n                    <i class=\"mkdf-icon-font-awesome fa fa-envelope mkdf-icon-element\" style=\"color: #ffffff\" ><\/i>                <\/span>\n                                    <\/a>\n        <\/div>\n    <div class=\"mkdf-iwt-content\" >\n                    <p class=\"mkdf-iwt-text test\" >info@dhipanama.com<\/p>\n    <\/div>\n<\/div>[vc_empty_space height=&#8221;12px&#8221;]<a itemprop=\"url\" href=\"\/en\/online-consultation\/\" target=\"_self\" style=\"background-color: #e7e7e7;margin: 25px 0px 0px 0px\" class=\"mkdf-btn mkdf-btn-small mkdf-btn-solid mkdf-btn-custom-hover-bg mkdf-btn-custom-hover-color btn_map_custom\" data-hover-color=\"#ffffff\" data-hover-bg-color=\"#000000\" >\n    <span class=\"mkdf-btn-text\">Hair loss diagnosis<\/span>\n    <\/a>[\/vc_column_inner][\/vc_row_inner][\/vc_column][\/vc_row]<\/p>\n<\/div><style type=\"text\/css\" data-type=\"rcb-_wpb_shortcodes_custom_css-10244\">.vc_custom_1543257271412{padding-top: 0px !important;}.vc_custom_1543257389188{padding-top: 0px !important;}.vc_custom_1543257376088{padding-top: 0px !important;padding-right: 0px !important;padding-left: 0px !important;}.vc_custom_1564418290431{padding-top: 0px !important;padding-right: 0px !important;padding-left: 0px !important;}.vc_custom_1567029638471{padding-right: 60px !important;padding-left: 60px !important;background-color: #0089a9 !important;}<\/style>[\/vc_column][\/vc_row]<\/p>\n<\/div>","protected":false},"excerpt":{"rendered":"<p>[vc_row row_content_width=&#8221;grid&#8221; css=&#8221;.vc_custom_1561400225193{padding-top: 60px !important;}&#8221;][vc_column width=&#8221;1\/3&#8243;][vc_single_image image=&#8221;5418&#8243; img_size=&#8221;full&#8221; alignment=&#8221;center&#8221; style=&#8221;vc_box_rounded&#8221; css_animation=&#8221;fadeInUp&#8221;][vc_empty_space height=&#8221;15px&#8221;][\/vc_column][vc_column width=&#8221;2\/3&#8243;][vc_column_text css_animation=&#8221;fadeInUp&#8221; el_class=&#8221;section-title&#8221;] WHAT IS INFO RED FOR HAIR LOSS? [\/vc_column_text][vc_column_text css_animation=&#8221;fadeInUp&#8221; el_class=&#8221;general-weight&#8221;]Red light therapy or Info Red, also known [&hellip;]<\/p>\n","protected":false},"author":13,"featured_media":0,"parent":0,"menu_order":0,"comment_status":"closed","ping_status":"closed","template":"full-width.php","meta":{"content-type":"","footnotes":""},"yoast_head":"<!-- This site is optimized with the Yoast SEO plugin v22.8 - https:\/\/yoast.com\/wordpress\/plugins\/seo\/ -->\n<title>Infored or Red Light Therapy | Hair Loss Prevention | DHI Panam\u00e1<\/title>\n<meta name=\"description\" content=\"Red light therapy, also known as cold laser, soft laser, and Low-Level Laser, is a safe form of light treatment for hair loss in men and women over 35.\" \/>\n<meta name=\"robots\" content=\"index, follow, max-snippet:-1, max-image-preview:large, max-video-preview:-1\" \/>\n<link rel=\"canonical\" href=\"https:\/\/dhiclinicpanama.com\/en\/infored\/\" \/>\n<meta property=\"og:locale\" content=\"en_US\" \/>\n<meta property=\"og:type\" content=\"article\" \/>\n<meta property=\"og:title\" content=\"Infored or Red Light Therapy | Hair Loss Prevention | DHI Panam\u00e1\" \/>\n<meta property=\"og:description\" content=\"Red light therapy, also known as cold laser, soft laser, and Low-Level Laser, is a safe form of light treatment for hair loss in men and women over 35.\" \/>\n<meta property=\"og:url\" content=\"https:\/\/dhiclinicpanama.com\/en\/infored\/\" \/>\n<meta property=\"og:site_name\" content=\"DHI Panam\u00e1\" \/>\n<meta property=\"article:modified_time\" content=\"2019-09-30T19:35:20+00:00\" \/>\n<meta name=\"twitter:card\" content=\"summary_large_image\" \/>\n<meta name=\"twitter:label1\" content=\"Est. reading time\" \/>\n\t<meta name=\"twitter:data1\" content=\"7 minutes\" \/>\n<script type=\"application\/ld+json\" class=\"yoast-schema-graph\">{\"@context\":\"https:\/\/schema.org\",\"@graph\":[{\"@type\":\"WebPage\",\"@id\":\"https:\/\/dhiclinicpanama.com\/en\/infored\/\",\"url\":\"https:\/\/dhiclinicpanama.com\/en\/infored\/\",\"name\":\"Infored or Red Light Therapy | Hair Loss Prevention | DHI Panam\u00e1\",\"isPartOf\":{\"@id\":\"https:\/\/www.dhiclinicpanama.com\/en\/#website\"},\"datePublished\":\"2019-06-24T18:14:56+00:00\",\"dateModified\":\"2019-09-30T19:35:20+00:00\",\"description\":\"Red light therapy, also known as cold laser, soft laser, and Low-Level Laser, is a safe form of light treatment for hair loss in men and women over 35.\",\"breadcrumb\":{\"@id\":\"https:\/\/dhiclinicpanama.com\/en\/infored\/#breadcrumb\"},\"inLanguage\":\"en-US\",\"potentialAction\":[{\"@type\":\"ReadAction\",\"target\":[\"https:\/\/dhiclinicpanama.com\/en\/infored\/\"]}]},{\"@type\":\"BreadcrumbList\",\"@id\":\"https:\/\/dhiclinicpanama.com\/en\/infored\/#breadcrumb\",\"itemListElement\":[{\"@type\":\"ListItem\",\"position\":1,\"name\":\"Home\",\"item\":\"https:\/\/www.dhiclinicpanama.com\/en\/\"},{\"@type\":\"ListItem\",\"position\":2,\"name\":\"Infored\"}]},{\"@type\":\"WebSite\",\"@id\":\"https:\/\/www.dhiclinicpanama.com\/en\/#website\",\"url\":\"https:\/\/www.dhiclinicpanama.com\/en\/\",\"name\":\"DHI Panam\u00e1\",\"description\":\"El grupo m\u00e9dico de DHI es la compa\u00f1\u00eda m\u00e1s grande de restauraci\u00f3n capilar en el mundo, que se centra en la investigaci\u00f3n, el diagn\u00f3stico y el tratamiento de la p\u00e9rdida del cabello y trastornos del cuero cabelludo como la alopecia. Somos los expertos en alopecia ofreciendo ahora implantes de pelo en Panam\u00e1.\",\"potentialAction\":[{\"@type\":\"SearchAction\",\"target\":{\"@type\":\"EntryPoint\",\"urlTemplate\":\"https:\/\/www.dhiclinicpanama.com\/en\/?s={search_term_string}\"},\"query-input\":\"required name=search_term_string\"}],\"inLanguage\":\"en-US\"}]}<\/script>\n<!-- \/ Yoast SEO plugin. -->","yoast_head_json":{"title":"Infored or Red Light Therapy | Hair Loss Prevention | DHI Panam\u00e1","description":"Red light therapy, also known as cold laser, soft laser, and Low-Level Laser, is a safe form of light treatment for hair loss in men and women over 35.","robots":{"index":"index","follow":"follow","max-snippet":"max-snippet:-1","max-image-preview":"max-image-preview:large","max-video-preview":"max-video-preview:-1"},"canonical":"https:\/\/dhiclinicpanama.com\/en\/infored\/","og_locale":"en_US","og_type":"article","og_title":"Infored or Red Light Therapy | Hair Loss Prevention | DHI Panam\u00e1","og_description":"Red light therapy, also known as cold laser, soft laser, and Low-Level Laser, is a safe form of light treatment for hair loss in men and women over 35.","og_url":"https:\/\/dhiclinicpanama.com\/en\/infored\/","og_site_name":"DHI Panam\u00e1","article_modified_time":"2019-09-30T19:35:20+00:00","twitter_card":"summary_large_image","twitter_misc":{"Est. reading time":"7 minutes"},"schema":{"@context":"https:\/\/schema.org","@graph":[{"@type":"WebPage","@id":"https:\/\/dhiclinicpanama.com\/en\/infored\/","url":"https:\/\/dhiclinicpanama.com\/en\/infored\/","name":"Infored or Red Light Therapy | Hair Loss Prevention | DHI Panam\u00e1","isPartOf":{"@id":"https:\/\/www.dhiclinicpanama.com\/en\/#website"},"datePublished":"2019-06-24T18:14:56+00:00","dateModified":"2019-09-30T19:35:20+00:00","description":"Red light therapy, also known as cold laser, soft laser, and Low-Level Laser, is a safe form of light treatment for hair loss in men and women over 35.","breadcrumb":{"@id":"https:\/\/dhiclinicpanama.com\/en\/infored\/#breadcrumb"},"inLanguage":"en-US","potentialAction":[{"@type":"ReadAction","target":["https:\/\/dhiclinicpanama.com\/en\/infored\/"]}]},{"@type":"BreadcrumbList","@id":"https:\/\/dhiclinicpanama.com\/en\/infored\/#breadcrumb","itemListElement":[{"@type":"ListItem","position":1,"name":"Home","item":"https:\/\/www.dhiclinicpanama.com\/en\/"},{"@type":"ListItem","position":2,"name":"Infored"}]},{"@type":"WebSite","@id":"https:\/\/www.dhiclinicpanama.com\/en\/#website","url":"https:\/\/www.dhiclinicpanama.com\/en\/","name":"DHI Panam\u00e1","description":"El grupo m\u00e9dico de DHI es la compa\u00f1\u00eda m\u00e1s grande de restauraci\u00f3n capilar en el mundo, que se centra en la investigaci\u00f3n, el diagn\u00f3stico y el tratamiento de la p\u00e9rdida del cabello y trastornos del cuero cabelludo como la alopecia. Somos los expertos en alopecia ofreciendo ahora implantes de pelo en Panam\u00e1.","potentialAction":[{"@type":"SearchAction","target":{"@type":"EntryPoint","urlTemplate":"https:\/\/www.dhiclinicpanama.com\/en\/?s={search_term_string}"},"query-input":"required name=search_term_string"}],"inLanguage":"en-US"}]}},"_links":{"self":[{"href":"https:\/\/dhiclinicpanama.com\/en\/wp-json\/wp\/v2\/pages\/8427"}],"collection":[{"href":"https:\/\/dhiclinicpanama.com\/en\/wp-json\/wp\/v2\/pages"}],"about":[{"href":"https:\/\/dhiclinicpanama.com\/en\/wp-json\/wp\/v2\/types\/page"}],"author":[{"embeddable":true,"href":"https:\/\/dhiclinicpanama.com\/en\/wp-json\/wp\/v2\/users\/13"}],"replies":[{"embeddable":true,"href":"https:\/\/dhiclinicpanama.com\/en\/wp-json\/wp\/v2\/comments?post=8427"}],"version-history":[{"count":5,"href":"https:\/\/dhiclinicpanama.com\/en\/wp-json\/wp\/v2\/pages\/8427\/revisions"}],"predecessor-version":[{"id":11996,"href":"https:\/\/dhiclinicpanama.com\/en\/wp-json\/wp\/v2\/pages\/8427\/revisions\/11996"}],"wp:attachment":[{"href":"https:\/\/dhiclinicpanama.com\/en\/wp-json\/wp\/v2\/media?parent=8427"}],"curies":[{"name":"wp","href":"https:\/\/api.w.org\/{rel}","templated":true}]}}