{"id":8422,"date":"2019-06-21T17:27:36","date_gmt":"2019-06-21T17:27:36","guid":{"rendered":"http:\/\/3.88.20.185\/finasteride-2\/"},"modified":"2019-09-30T14:34:56","modified_gmt":"2019-09-30T19:34:56","slug":"finasteride","status":"publish","type":"page","link":"https:\/\/dhiclinicpanama.com\/en\/finasteride\/","title":{"rendered":"Finasteride"},"content":{"rendered":"<div class=\"wpb-content-wrapper\"><p>[vc_row row_content_width=&#8221;grid&#8221; simple_background_color=&#8221;#fafafa&#8221; css=&#8221;.vc_custom_1546450424846{padding-top: 60px !important;padding-bottom: 80px !important;}&#8221;][vc_column][vc_column_text css_animation=&#8221;fadeInUp&#8221; el_class=&#8221;section-title&#8221;]<\/p>\n<h2>WHAT IS FINASTERIDE?<\/h2>\n<p>[\/vc_column_text][vc_empty_space height=&#8221;15px&#8221;][vc_row_inner][vc_column_inner width=&#8221;2\/3&#8243;][vc_column_text css_animation=&#8221;fadeInUp&#8221; el_class=&#8221;general-weight&#8221;]Finasteride, also known as Propecia (trade name), is an FDA-approved medication that treats androgenic alopecia.[\/vc_column_text][vc_empty_space height=&#8221;15px&#8221;][vc_column_text css_animation=&#8221;fadeInUp&#8221;]<strong style=\"color: #1f89a9 !important;\">How Finasteride Works?<br \/>\n<\/strong>[\/vc_column_text][vc_separator align=&#8221;align_right&#8221; el_width=&#8221;20&#8243; el_class=&#8221;separator-behind&#8221;][vc_column_text css_animation=&#8221;fadeInUp&#8221;]<span style=\"font-weight: 400;\">Finasteride inhibits the expression of the enzyme, 5-alpha reductase type-2, which regulates production of dihydrotestosterone, (DHT). By lowering DHT levels in the scalp, it reduces DHT\u2019s harmful effect on hair follicles. Finasteride decreases the DHT concentrations in the serum and the scalp by up to 70 and 60%, respectively.<\/span>[\/vc_column_text][vc_column_text css_animation=&#8221;fadeInUp&#8221;]<strong style=\"color: #1f89a9 !important;\">Is topical Finasteride as effective as Finasteride pill?<br \/>\n<\/strong>[\/vc_column_text][vc_separator align=&#8221;align_right&#8221; el_width=&#8221;20&#8243; el_class=&#8221;separator-behind&#8221;][vc_column_text css_animation=&#8221;fadeInUp&#8221;]<span style=\"font-weight: 400;\">Finasteride, was initially approved as an oral pill to be taken once a day. The usual dose is 1mg daily taken with or without food, at any time during the day. A topical formulation of Finasteride has been approved in India, and has been found to be as effective as oral Finasteride.<\/span>[\/vc_column_text][\/vc_column_inner][vc_column_inner width=&#8221;1\/3&#8243;][vc_single_image image=&#8221;6428&#8243; img_size=&#8221;large&#8221; alignment=&#8221;right&#8221; css_animation=&#8221;fadeInUp&#8221;][\/vc_column_inner][vc_column_inner][vc_empty_space height=&#8221;15px&#8221;][\/vc_column_inner][\/vc_row_inner][vc_row_inner][vc_column_inner][vc_column_text css_animation=&#8221;fadeInUp&#8221;]<strong style=\"color: #1f89a9 !important;\">Why Women Should Not Use Finasteride?<br \/>\n<\/strong>[\/vc_column_text][vc_separator align=&#8221;align_right&#8221; el_width=&#8221;20&#8243; el_class=&#8221;separator-behind&#8221;][vc_column_text css_animation=&#8221;fadeInUp&#8221;]<span style=\"font-weight: 400;\">Finasteride is not indicated for use in women with hair loss (<a href=\"http:\/\/dhipanama.com\/en\/female-hair-loss\/\">female pattern hair loss<\/a>). Finasteride is contraindicated in women when they are or may potentially be pregnant, because it may cause abnormalities of the external genitalia of a male fetus.<\/span>[\/vc_column_text][\/vc_column_inner][\/vc_row_inner][\/vc_column][\/vc_row][vc_row row_content_width=&#8221;grid&#8221; css=&#8221;.vc_custom_1561140060747{padding-top: 60px !important;padding-bottom: 60px !important;}&#8221;][vc_column][vc_column_text css_animation=&#8221;fadeInUp&#8221; el_class=&#8221;section-title&#8221;]<\/p>\n<h2>How effective is finasteride?<\/h2>\n<p>[\/vc_column_text][vc_empty_space height=&#8221;15px&#8221;][\/vc_column][vc_column width=&#8221;1\/3&#8243;][vc_single_image image=&#8221;8778&#8243; img_size=&#8221;full&#8221; alignment=&#8221;center&#8221; css_animation=&#8221;fadeInUp&#8221;][\/vc_column][vc_column width=&#8221;2\/3&#8243;][vc_column_text css_animation=&#8221;fadeInUp&#8221; el_class=&#8221;general-weight&#8221;]In two of the clinical studies involving men with mild-to-moderate <a href=\"http:\/\/dhipanama.com\/en\/female-hair-loss\/\">male pattern hair loss<\/a>, 86% of men treated with Finasteride maintained or showed an increase for their hair based on hair counts during the course of the studies. Only 14% of men treated with Finasteride had further hair loss after 12 months of treatment, compared with 58% of placebo patients.[\/vc_column_text][vc_empty_space height=&#8221;20px&#8221;][vc_column_text css_animation=&#8221;fadeInUp&#8221;]<strong style=\"color: #1f89a9 !important;\">How long do I need to take Finasteride to see any result?<br \/>\n<\/strong>[\/vc_column_text][vc_separator align=&#8221;align_right&#8221; el_width=&#8221;20&#8243; el_class=&#8221;separator-behind&#8221;][vc_column_text css_animation=&#8221;fadeInUp&#8221;]<span style=\"font-weight: 400;\">Daily use of 1mg for three months or more, may be necessary before a patient will notice prevention of further hair loss or increased hair growth. Ongoing studies have demonstrated that finasteride halts hair loss or regrows hair in 9 out of 10 men taking it long term every day.<\/span>[\/vc_column_text][\/vc_column][\/vc_row][vc_row row_content_width=&#8221;grid&#8221; simple_background_color=&#8221;#fafafa&#8221; css=&#8221;.vc_custom_1543643695686{padding-top: 60px !important;padding-bottom: 60px !important;}&#8221;][vc_column][vc_column_text css_animation=&#8221;fadeInUp&#8221; el_class=&#8221;section-title&#8221;]<\/p>\n<h2>CAN I STOP USING FINASTERIDE ONCE I HAVE GROWN ENOUGH HAIR?<\/h2>\n<p>[\/vc_column_text][vc_empty_space height=&#8221;25px&#8221;][vc_row_inner][vc_column_inner width=&#8221;2\/3&#8243;][vc_column_text css_animation=&#8221;fadeInUp&#8221;]<span style=\"font-weight: 400;\">There is no controlled clinical data on treatment for longer than 12 months. It probably will be necessary to continue treatment indefinitely to maintain the benefits. This will help maintain a much slower rate of hair loss.<\/span>[\/vc_column_text][vc_column_text css_animation=&#8221;fadeInUp&#8221;]<strong style=\"color: #1f89a9 !important;\">What happens if you stop taking Finasteride?<br \/>\n<\/strong>[\/vc_column_text][vc_separator align=&#8221;align_right&#8221; el_width=&#8221;20&#8243; el_class=&#8221;separator-behind&#8221;][vc_column_text css_animation=&#8221;fadeInUp&#8221;]<span style=\"font-weight: 400;\">If a patient stops taking Finasteride, DHT levels will rise again in the scalp, and it is likely that hair loss will resume. Just as anything used for prevention, once the treatment is halted, the body will resume its natural course with the hair loss.<\/span>[\/vc_column_text][vc_column_text css_animation=&#8221;fadeInUp&#8221;]<strong style=\"color: #1f89a9 !important;\">Will I grow more hair on other parts of my body?<br \/>\n<\/strong>[\/vc_column_text][vc_separator align=&#8221;align_right&#8221; el_width=&#8221;20&#8243; el_class=&#8221;separator-behind&#8221;][vc_column_text css_animation=&#8221;fadeInUp&#8221;]<span style=\"font-weight: 400;\">Finasteride is a specific inhibitor of type II 5-alpha reductase, and is one of the key chemicals produced by the body that can cause androgenetic alopecia (hair loss), which is primarily found in scalp hair follicles. In clinical trials, there was no reported effect on hair on the other parts of the body.<\/span>[\/vc_column_text][\/vc_column_inner][vc_column_inner width=&#8221;1\/3&#8243;][vc_single_image image=&#8221;6417&#8243; img_size=&#8221;large&#8221; css_animation=&#8221;fadeInUp&#8221; css=&#8221;.vc_custom_1550250099608{margin-top: 80px !important;}&#8221;][\/vc_column_inner][\/vc_row_inner][vc_row_inner][vc_column_inner][vc_column_text css_animation=&#8221;fadeInUp&#8221;]<strong style=\"color: #1f89a9 !important;\">What are the side effects of Finasteride?<br \/>\n<\/strong>[\/vc_column_text][vc_separator align=&#8221;align_right&#8221; el_width=&#8221;20&#8243; el_class=&#8221;separator-behind&#8221;][vc_column_text css_animation=&#8221;fadeInUp&#8221;]<span style=\"font-weight: 400;\">In clinical trials, Finasteride was very well accepted in men, with most patients reporting no serious side effects. The principal side effects associated with Finasteride were decreased libido (1.8% of Finasteride patients versus 1.3% on placebo) and erectile dysfunction (1.3% Finasteride versus 0.7% placebo). In addition, decreased volume of ejaculate was reported in 0.8% of men treated with Finasteride and 0.4% of those on placebo. All of these side effects are resolved upon discontinuation of therapy, and resolved in many men who preferred to continue therapy. Post marketing reports have included some patients complaining of depression, but the risk of this is likely very small.<\/span>[\/vc_column_text][\/vc_column_inner][\/vc_row_inner][\/vc_column][\/vc_row][vc_row row_content_width=&#8221;grid&#8221; css=&#8221;.vc_custom_1561139302738{padding-top: 60px !important;padding-bottom: 10px !important;}&#8221;][vc_column][vc_column_text css_animation=&#8221;fadeInUp&#8221; el_class=&#8221;section-title&#8221;]<\/p>\n<h2>ARE THERE ANY CONTRAINDICATIONS FOR FINASTERIDE?<\/h2>\n<p>[\/vc_column_text][vc_empty_space height=&#8221;15px&#8221;][\/vc_column][vc_column width=&#8221;1\/3&#8243;][vc_single_image image=&#8221;6453&#8243; img_size=&#8221;full&#8221; alignment=&#8221;center&#8221; css_animation=&#8221;fadeInUp&#8221;][\/vc_column][vc_column width=&#8221;2\/3&#8243;][vc_column_text css_animation=&#8221;fadeInUp&#8221; el_class=&#8221;general-weight&#8221;]<span style=\"font-weight: 400;\">Finasteride, in most cases, is not recommended for use in women or children. However, it is sometimes prescribed off-label for postmenopausal women without problems. Finasteride, is contraindicated in women who are or may potentially be pregnant. Finasteride, is contraindicated in patients who are hypersensitive to any component of the product.<\/span><\/p>\n<p><span style=\"font-weight: 400;\">Finasteride is not recommendable in men that are sub fertile. In men planning to have children, some doctors check sperm counts prior to starting Finasteride and repeat it after 6 months of treatment. If the sperm count has reduced, Finasteride should be dis-continued.<\/span>[\/vc_column_text][vc_empty_space height=&#8221;20px&#8221;][\/vc_column][\/vc_row][vc_row row_content_width=&#8221;grid&#8221; css=&#8221;.vc_custom_1549287660341{padding-top: 10px !important;padding-bottom: 60px !important;}&#8221;][vc_column][vc_column_text css_animation=&#8221;fadeInUp&#8221;]<strong style=\"color: #1f89a9 !important;\">Can you combine Finasteride with Minoxidil?<br \/>\n<\/strong>[\/vc_column_text][vc_separator align=&#8221;align_right&#8221; el_width=&#8221;20&#8243; el_class=&#8221;separator-behind&#8221;][vc_column_text css_animation=&#8221;fadeInUp&#8221;]<span style=\"font-weight: 400;\">The combination of both Finasteride and <a href=\"http:\/\/dhipanama.com\/en\/minoxidil\/\">Minoxidil<\/a>, has been known to show better results as a pair, rather than just one at a time. If you are switching from one treatment to the other, it is best to overlap by six months to reduce the chance of hair loss from withdrawal of the first agent while waiting for a result from the new product.<\/span>[\/vc_column_text][vc_column_text css_animation=&#8221;fadeInUp&#8221;]<strong style=\"color: #1f89a9 !important;\">Is there any evidence of long-term use of Finasteride that may be considered dangerous?<\/strong>[\/vc_column_text][vc_separator align=&#8221;align_right&#8221; el_width=&#8221;20&#8243; el_class=&#8221;separator-behind&#8221;][vc_column_text css_animation=&#8221;fadeInUp&#8221;]<span style=\"font-weight: 400;\">Finasteride was evaluated in 3,200 men and it was very well tolerated, including patients on therapy for up to two years. Long-term suppression of HT does not appear to be harmful. This is based on extensive research, dating back to 1974, of men born with a deficiency of 5-alpha reductase.<\/span>[\/vc_column_text][\/vc_column][\/vc_row][vc_row full_width=&#8221;stretch_row&#8221; equal_height=&#8221;yes&#8221; css=&#8221;.vc_custom_1543257271412{padding-top: 0px !important;}&#8221;][vc_column css=&#8221;.vc_custom_1543257389188{padding-top: 0px !important;}&#8221;]<div class=\"wpb-content-wrapper\"><p>[vc_row full_width=&#8221;stretch_row&#8221; equal_height=&#8221;yes&#8221; css=&#8221;.vc_custom_1543257271412{padding-top: 0px !important;}&#8221;][vc_column css=&#8221;.vc_custom_1543257389188{padding-top: 0px !important;}&#8221;][vc_row_inner equal_height=&#8221;yes&#8221; css=&#8221;.vc_custom_1543257376088{padding-top: 0px !important;padding-right: 0px !important;padding-left: 0px !important;}&#8221;][vc_column_inner width=&#8221;1\/2&#8243; css=&#8221;.vc_custom_1564418290431{padding-top: 0px !important;padding-right: 0px !important;padding-left: 0px !important;}&#8221; offset=&#8221;vc_col-md-8&#8243;]<div class=\"mkdf-google-map-holder\">\n    <div class=\"mkdf-google-map\" id=\"mkdf-map-2683199\" data-addresses='[\"G&amp;G Plaza, Local 2, Calle 56 con Calle Ram\u00f3n H. Hurtado, Punta Paitilla. Diagonal al Super 99 de Punta Pac\u00edfica\"]' data-custom-map-style=no data-color-overlay=#393939 data-saturation=-100 data-lightness=-60 data-zoom=14 data-pin=https:\/\/dhiclinicpanama.com\/wp-content\/uploads\/2019\/08\/marker-update.png data-unique-id=2683199 data-scroll-wheel=no data-height=500 ><\/div>\n                <div class=\"mkdf-google-map-overlay\"><\/div>\n    <\/div>\n[\/vc_column_inner][vc_column_inner width=&#8221;1\/2&#8243; css=&#8221;.vc_custom_1567029638471{padding-right: 60px !important;padding-left: 60px !important;background-color: #0089a9 !important;}&#8221; offset=&#8221;vc_col-md-4&#8243;][vc_column_text el_class=&#8221;custom-desing&#8221;]Hair Loss<br \/>\n<strong>Diagnosis<\/strong>[\/vc_column_text][vc_empty_space height=&#8221;20px&#8221;][vc_column_text el_class=&#8221;custom-des&#8221;]Here at <strong>DHI Global Medical Group<\/strong> we recognize that the correct diagnosis is the basis for a successful treatment. <strong>We are the best hair restoration clinic in Panama<\/strong>.[\/vc_column_text][vc_empty_space height=&#8221;20px&#8221;][vc_separator align=&#8221;align_left&#8221; border_width=&#8221;2&#8243; el_width=&#8221;40&#8243;][vc_empty_space height=&#8221;20px&#8221;]<div class=\"mkdf-iwt clearfix icon-space icon-text-color mkdf-iwt-icon-left mkdf-iwt-icon-small\">\n    <div class=\"mkdf-iwt-icon\">\n                                        <span class=\"mkdf-icon-shortcode mkdf-normal   mkdf-icon-small\"  data-color=\"#ffffff\">\n                    <i class=\"mkdf-icon-font-awesome fa fa-phone mkdf-icon-element\" style=\"color: #ffffff\" ><\/i>                <\/span>\n                                <\/div>\n    <div class=\"mkdf-iwt-content\" >\n                    <p class=\"mkdf-iwt-text test\" >+507 399 6633<\/p>\n    <\/div>\n<\/div><div class=\"mkdf-iwt clearfix icon-text-color mkdf-iwt-icon-left mkdf-iwt-icon-small\">\n    <div class=\"mkdf-iwt-icon\">\n                <a itemprop=\"url\" href=\"mailto:info@dhipanama.com\" target=\"_self\">\n                                            <span class=\"mkdf-icon-shortcode mkdf-normal   mkdf-icon-small\"  data-color=\"#ffffff\">\n                    <i class=\"mkdf-icon-font-awesome fa fa-envelope mkdf-icon-element\" style=\"color: #ffffff\" ><\/i>                <\/span>\n                                    <\/a>\n        <\/div>\n    <div class=\"mkdf-iwt-content\" >\n                    <p class=\"mkdf-iwt-text test\" >info@dhipanama.com<\/p>\n    <\/div>\n<\/div>[vc_empty_space height=&#8221;12px&#8221;]<a itemprop=\"url\" href=\"\/en\/online-consultation\/\" target=\"_self\" style=\"background-color: #e7e7e7;margin: 25px 0px 0px 0px\" class=\"mkdf-btn mkdf-btn-small mkdf-btn-solid mkdf-btn-custom-hover-bg mkdf-btn-custom-hover-color btn_map_custom\" data-hover-color=\"#ffffff\" data-hover-bg-color=\"#000000\" >\n    <span class=\"mkdf-btn-text\">Hair loss diagnosis<\/span>\n    <\/a>[\/vc_column_inner][\/vc_row_inner][\/vc_column][\/vc_row]<\/p>\n<\/div><style type=\"text\/css\" data-type=\"rcb-_wpb_shortcodes_custom_css-10244\">.vc_custom_1543257271412{padding-top: 0px !important;}.vc_custom_1543257389188{padding-top: 0px !important;}.vc_custom_1543257376088{padding-top: 0px !important;padding-right: 0px !important;padding-left: 0px !important;}.vc_custom_1564418290431{padding-top: 0px !important;padding-right: 0px !important;padding-left: 0px !important;}.vc_custom_1567029638471{padding-right: 60px !important;padding-left: 60px !important;background-color: #0089a9 !important;}<\/style>[\/vc_column][\/vc_row]<\/p>\n<\/div>","protected":false},"excerpt":{"rendered":"<p>[vc_row row_content_width=&#8221;grid&#8221; simple_background_color=&#8221;#fafafa&#8221; css=&#8221;.vc_custom_1546450424846{padding-top: 60px !important;padding-bottom: 80px !important;}&#8221;][vc_column][vc_column_text css_animation=&#8221;fadeInUp&#8221; el_class=&#8221;section-title&#8221;] WHAT IS FINASTERIDE? [\/vc_column_text][vc_empty_space height=&#8221;15px&#8221;][vc_row_inner][vc_column_inner width=&#8221;2\/3&#8243;][vc_column_text css_animation=&#8221;fadeInUp&#8221; el_class=&#8221;general-weight&#8221;]Finasteride, also known as Propecia (trade name), is an FDA-approved medication that treats androgenic alopecia.[\/vc_column_text][vc_empty_space [&hellip;]<\/p>\n","protected":false},"author":13,"featured_media":0,"parent":0,"menu_order":0,"comment_status":"closed","ping_status":"closed","template":"full-width.php","meta":{"content-type":"","footnotes":""},"yoast_head":"<!-- This site is optimized with the Yoast SEO plugin v22.8 - https:\/\/yoast.com\/wordpress\/plugins\/seo\/ -->\n<title>Finasteride | Hair Loss Prevention | DHI Panam\u00e1<\/title>\n<meta name=\"description\" content=\"Finasteride, also known as Propecia, is the only medication that treats androgenic alopecia approved by the FDA.\" \/>\n<meta name=\"robots\" content=\"index, follow, max-snippet:-1, max-image-preview:large, max-video-preview:-1\" \/>\n<link rel=\"canonical\" href=\"https:\/\/www.dhiclinicpanama.com\/en\/finasteride\/\" \/>\n<meta property=\"og:locale\" content=\"en_US\" \/>\n<meta property=\"og:type\" content=\"article\" \/>\n<meta property=\"og:title\" content=\"Finasteride | Hair Loss Prevention | DHI Panam\u00e1\" \/>\n<meta property=\"og:description\" content=\"Finasteride, also known as Propecia, is the only medication that treats androgenic alopecia approved by the FDA.\" \/>\n<meta property=\"og:url\" content=\"https:\/\/www.dhiclinicpanama.com\/en\/finasteride\/\" \/>\n<meta property=\"og:site_name\" content=\"DHI Panam\u00e1\" \/>\n<meta property=\"article:modified_time\" content=\"2019-09-30T19:34:56+00:00\" \/>\n<meta name=\"twitter:card\" content=\"summary_large_image\" \/>\n<meta name=\"twitter:label1\" content=\"Est. reading time\" \/>\n\t<meta name=\"twitter:data1\" content=\"7 minutes\" \/>\n<script type=\"application\/ld+json\" class=\"yoast-schema-graph\">{\"@context\":\"https:\/\/schema.org\",\"@graph\":[{\"@type\":\"WebPage\",\"@id\":\"https:\/\/www.dhiclinicpanama.com\/en\/finasteride\/\",\"url\":\"https:\/\/www.dhiclinicpanama.com\/en\/finasteride\/\",\"name\":\"Finasteride | Hair Loss Prevention | DHI Panam\u00e1\",\"isPartOf\":{\"@id\":\"https:\/\/dhiclinicpanama.com\/#website\"},\"datePublished\":\"2019-06-21T17:27:36+00:00\",\"dateModified\":\"2019-09-30T19:34:56+00:00\",\"description\":\"Finasteride, also known as Propecia, is the only medication that treats androgenic alopecia approved by the FDA.\",\"breadcrumb\":{\"@id\":\"https:\/\/www.dhiclinicpanama.com\/en\/finasteride\/#breadcrumb\"},\"inLanguage\":\"en-US\",\"potentialAction\":[{\"@type\":\"ReadAction\",\"target\":[\"https:\/\/www.dhiclinicpanama.com\/en\/finasteride\/\"]}]},{\"@type\":\"BreadcrumbList\",\"@id\":\"https:\/\/www.dhiclinicpanama.com\/en\/finasteride\/#breadcrumb\",\"itemListElement\":[{\"@type\":\"ListItem\",\"position\":1,\"name\":\"Home\",\"item\":\"https:\/\/www.dhiclinicpanama.com\/en\/\"},{\"@type\":\"ListItem\",\"position\":2,\"name\":\"Finasteride\"}]},{\"@type\":\"WebSite\",\"@id\":\"https:\/\/dhiclinicpanama.com\/#website\",\"url\":\"https:\/\/dhiclinicpanama.com\/\",\"name\":\"DHI Panam\u00e1\",\"description\":\"El grupo m\u00e9dico de DHI es la compa\u00f1\u00eda m\u00e1s grande de restauraci\u00f3n capilar en el mundo, que se centra en la investigaci\u00f3n, el diagn\u00f3stico y el tratamiento de la p\u00e9rdida del cabello y trastornos del cuero cabelludo como la alopecia. Somos los expertos en alopecia ofreciendo ahora implantes de pelo en Panam\u00e1.\",\"potentialAction\":[{\"@type\":\"SearchAction\",\"target\":{\"@type\":\"EntryPoint\",\"urlTemplate\":\"https:\/\/dhiclinicpanama.com\/?s={search_term_string}\"},\"query-input\":\"required name=search_term_string\"}],\"inLanguage\":\"en-US\"}]}<\/script>\n<!-- \/ Yoast SEO plugin. -->","yoast_head_json":{"title":"Finasteride | Hair Loss Prevention | DHI Panam\u00e1","description":"Finasteride, also known as Propecia, is the only medication that treats androgenic alopecia approved by the FDA.","robots":{"index":"index","follow":"follow","max-snippet":"max-snippet:-1","max-image-preview":"max-image-preview:large","max-video-preview":"max-video-preview:-1"},"canonical":"https:\/\/www.dhiclinicpanama.com\/en\/finasteride\/","og_locale":"en_US","og_type":"article","og_title":"Finasteride | Hair Loss Prevention | DHI Panam\u00e1","og_description":"Finasteride, also known as Propecia, is the only medication that treats androgenic alopecia approved by the FDA.","og_url":"https:\/\/www.dhiclinicpanama.com\/en\/finasteride\/","og_site_name":"DHI Panam\u00e1","article_modified_time":"2019-09-30T19:34:56+00:00","twitter_card":"summary_large_image","twitter_misc":{"Est. reading time":"7 minutes"},"schema":{"@context":"https:\/\/schema.org","@graph":[{"@type":"WebPage","@id":"https:\/\/www.dhiclinicpanama.com\/en\/finasteride\/","url":"https:\/\/www.dhiclinicpanama.com\/en\/finasteride\/","name":"Finasteride | Hair Loss Prevention | DHI Panam\u00e1","isPartOf":{"@id":"https:\/\/dhiclinicpanama.com\/#website"},"datePublished":"2019-06-21T17:27:36+00:00","dateModified":"2019-09-30T19:34:56+00:00","description":"Finasteride, also known as Propecia, is the only medication that treats androgenic alopecia approved by the FDA.","breadcrumb":{"@id":"https:\/\/www.dhiclinicpanama.com\/en\/finasteride\/#breadcrumb"},"inLanguage":"en-US","potentialAction":[{"@type":"ReadAction","target":["https:\/\/www.dhiclinicpanama.com\/en\/finasteride\/"]}]},{"@type":"BreadcrumbList","@id":"https:\/\/www.dhiclinicpanama.com\/en\/finasteride\/#breadcrumb","itemListElement":[{"@type":"ListItem","position":1,"name":"Home","item":"https:\/\/www.dhiclinicpanama.com\/en\/"},{"@type":"ListItem","position":2,"name":"Finasteride"}]},{"@type":"WebSite","@id":"https:\/\/dhiclinicpanama.com\/#website","url":"https:\/\/dhiclinicpanama.com\/","name":"DHI Panam\u00e1","description":"El grupo m\u00e9dico de DHI es la compa\u00f1\u00eda m\u00e1s grande de restauraci\u00f3n capilar en el mundo, que se centra en la investigaci\u00f3n, el diagn\u00f3stico y el tratamiento de la p\u00e9rdida del cabello y trastornos del cuero cabelludo como la alopecia. Somos los expertos en alopecia ofreciendo ahora implantes de pelo en Panam\u00e1.","potentialAction":[{"@type":"SearchAction","target":{"@type":"EntryPoint","urlTemplate":"https:\/\/dhiclinicpanama.com\/?s={search_term_string}"},"query-input":"required name=search_term_string"}],"inLanguage":"en-US"}]}},"_links":{"self":[{"href":"https:\/\/dhiclinicpanama.com\/en\/wp-json\/wp\/v2\/pages\/8422"}],"collection":[{"href":"https:\/\/dhiclinicpanama.com\/en\/wp-json\/wp\/v2\/pages"}],"about":[{"href":"https:\/\/dhiclinicpanama.com\/en\/wp-json\/wp\/v2\/types\/page"}],"author":[{"embeddable":true,"href":"https:\/\/dhiclinicpanama.com\/en\/wp-json\/wp\/v2\/users\/13"}],"replies":[{"embeddable":true,"href":"https:\/\/dhiclinicpanama.com\/en\/wp-json\/wp\/v2\/comments?post=8422"}],"version-history":[{"count":5,"href":"https:\/\/dhiclinicpanama.com\/en\/wp-json\/wp\/v2\/pages\/8422\/revisions"}],"predecessor-version":[{"id":12025,"href":"https:\/\/dhiclinicpanama.com\/en\/wp-json\/wp\/v2\/pages\/8422\/revisions\/12025"}],"wp:attachment":[{"href":"https:\/\/dhiclinicpanama.com\/en\/wp-json\/wp\/v2\/media?parent=8422"}],"curies":[{"name":"wp","href":"https:\/\/api.w.org\/{rel}","templated":true}]}}