{"id":8182,"date":"2019-06-20T19:22:02","date_gmt":"2019-06-20T19:22:02","guid":{"rendered":"http:\/\/3.88.20.185\/restauracion-de-barba\/"},"modified":"2023-02-06T20:03:42","modified_gmt":"2023-02-07T01:03:42","slug":"beard-restoration","status":"publish","type":"page","link":"https:\/\/dhiclinicpanama.com\/en\/beard-restoration\/","title":{"rendered":"Beard Restoration"},"content":{"rendered":"<div class=\"wpb-content-wrapper\"><p>[vc_row row_content_width=&#8221;grid&#8221; css=&#8221;.vc_custom_1543634285356{padding-top: 60px !important;padding-bottom: 60px !important;}&#8221;][vc_column width=&#8221;4\/12&#8243;][vc_single_image image=&#8221;6292&#8243; img_size=&#8221;full&#8221; alignment=&#8221;center&#8221; style=&#8221;vc_box_rounded&#8221; css_animation=&#8221;fadeInUp&#8221;][vc_empty_space height=&#8221;15px&#8221;][\/vc_column][vc_column width=&#8221;8\/12&#8243;][vc_column_text css_animation=&#8221;fadeInUp&#8221; el_class=&#8221;section-title&#8221;]<\/p>\n<h2>THE RESTORATION OF BEARD IN PANAMA<\/h2>\n<p>[\/vc_column_text][vc_empty_space height=&#8221;15px&#8221;][vc_column_text css_animation=&#8221;fadeInUp&#8221; el_class=&#8221;general-weight&#8221;]<span style=\"font-weight: 400;\">Beard Restoration in Panama can be achieved with a minimally invasive <a href=\"http:\/\/dhipanama.com\/en\/trasplante-capilar\/\">Direct Hair Implant<\/a> (DHI) technique under local anesthesia. Hair grafts from the scalp and selected single hair follicles can be successfully transplanted in the face so that maximum density can be achieved in the natural direction of growing hair.<\/span><\/p>\n<p><span style=\"font-weight: 400;\">Facial hair transplant in a male is done in areas where the hair is either missing or is very thin. The following things have to be kept in mind while planning a beard restoration procedure: a) shape of the face, b) ethnicity, c) age, and d) personal preference. <\/span><\/p>\n<p><span style=\"font-weight: 400;\">Depending on choice requirements, filling in an area to full thickness can be given.<\/span><\/p>\n<p><span style=\"font-weight: 400;\">It is extremely important to properly counsel the patient about the procedure. At\u00a0<a href=\"https:\/\/dhipanama.com\/en\/dhi-panama\/\">DHI Global Medical Group in Panama<\/a>, pre-procedural protocols are in place to ensure safety and a successful outcome.<\/span>[\/vc_column_text][\/vc_column][\/vc_row][vc_row row_content_width=&#8221;grid&#8221; css=&#8221;.vc_custom_1561060580772{padding-top: 60px !important;padding-bottom: 60px !important;}&#8221; simple_background_color=&#8221;#fafafa&#8221;][vc_column][vc_column_text css_animation=&#8221;fadeInUp&#8221; el_class=&#8221;section-title&#8221;]<\/p>\n<h2>HOW DOES BEARD RESTORATION WORK?<\/h2>\n<p>[\/vc_column_text][vc_empty_space height=&#8221;15px&#8221;][vc_row_inner][vc_column_inner width=&#8221;2\/3&#8243;][vc_column_text]<span style=\"font-weight: 400;\">The doctor thoroughly designs the beard or mustache area according to the needs of the patient, to determine a defined symmetry.<\/span><\/p>\n<p><span style=\"font-weight: 400;\">The number of the required hairs and the kind of hair follicle required for a natural result and density are counted.<\/span><\/p>\n<p><span style=\"font-weight: 400;\">The required hair follicles are extracted from the donor area (usually from the scalp)<\/span>. <span style=\"font-weight: 400;\">Transplanted hair follicles are picked one by one to match the beard or mustache.<\/span><\/p>\n<p><span style=\"font-weight: 400;\">The extracted hair follicles are placed into the beard or mustache area<\/span>, <span style=\"font-weight: 400;\">and thanks to DHI World class procedures and techniques by our qualified trained doctors, there is complete control over the angle, depth and direction of the transplanted hair\u00a0 to achieve a nice and natural-looking result.<\/span><\/p>\n<p><span style=\"font-weight: 400;\">The implanted hair will grow and look natural throughout a person\u2019s lifetime.<\/span>[\/vc_column_text][\/vc_column_inner][vc_column_inner width=&#8221;1\/3&#8243;][vc_single_image image=&#8221;9474&#8243; img_size=&#8221;450&#215;450&#8243; alignment=&#8221;center&#8221; css_animation=&#8221;fadeInUp&#8221;][\/vc_column_inner][\/vc_row_inner][vc_row_inner][vc_column_inner width=&#8221;1\/3&#8243;][vc_single_image image=&#8221;13078&#8243; img_size=&#8221;450&#215;450&#8243; css_animation=&#8221;fadeInUp&#8221;][\/vc_column_inner][vc_column_inner width=&#8221;2\/3&#8243;][vc_column_text css_animation=&#8221;fadeInUp&#8221;]<strong style=\"color: #1f89a9 !important;\">Who can perform a Beard Restoration in Panama?<\/strong>[\/vc_column_text][vc_separator align=&#8221;align_right&#8221; el_width=&#8221;30&#8243; el_class=&#8221;separator-behind&#8221;][vc_column_text css_animation=&#8221;fadeInUp&#8221; el_class=&#8221;general-weight&#8221;]<span style=\"font-weight: 400;\">Beard Restoration is suitable for men who want to grow their own facial hair so that they can achieve a long lasting result that looks \u00a0natural.<\/span>[\/vc_column_text][vc_column_text css_animation=&#8221;fadeInUp&#8221;]<strong style=\"color: #1f89a9 !important;\">What factors should be considered before performing a Beard Transplant?<\/strong>[\/vc_column_text][vc_separator align=&#8221;align_right&#8221; el_width=&#8221;20&#8243; el_class=&#8221;separator-behind&#8221;][vc_empty_space height=&#8221;15px&#8221;]<div class=\"mkdf-iwt clearfix icon mkdf-iwt-icon-left mkdf-iwt-icon-medium\">\n    <div class=\"mkdf-iwt-icon\">\n                                    <img loading=\"lazy\" decoding=\"async\" width=\"32\" height=\"32\" src=\"https:\/\/dhiclinicpanama.com\/wp-content\/uploads\/2018\/11\/success-1.png\" class=\"attachment-full size-full\" alt=\"\" \/>                            <\/div>\n    <div class=\"mkdf-iwt-content\" >\n                    <p class=\"mkdf-iwt-text test\" >Shape of the face<\/p>\n    <\/div>\n<\/div><div class=\"mkdf-iwt clearfix icon mkdf-iwt-icon-left mkdf-iwt-icon-medium\">\n    <div class=\"mkdf-iwt-icon\">\n                                    <img loading=\"lazy\" decoding=\"async\" width=\"32\" height=\"32\" src=\"https:\/\/dhiclinicpanama.com\/wp-content\/uploads\/2018\/11\/success-1.png\" class=\"attachment-full size-full\" alt=\"\" \/>                            <\/div>\n    <div class=\"mkdf-iwt-content\" >\n                    <p class=\"mkdf-iwt-text test\" >Ethnicity<\/p>\n    <\/div>\n<\/div><div class=\"mkdf-iwt clearfix icon mkdf-iwt-icon-left mkdf-iwt-icon-medium\">\n    <div class=\"mkdf-iwt-icon\">\n                                    <img loading=\"lazy\" decoding=\"async\" width=\"32\" height=\"32\" src=\"https:\/\/dhiclinicpanama.com\/wp-content\/uploads\/2018\/11\/success-1.png\" class=\"attachment-full size-full\" alt=\"\" \/>                            <\/div>\n    <div class=\"mkdf-iwt-content\" >\n                    <p class=\"mkdf-iwt-text test\" >Age<\/p>\n    <\/div>\n<\/div><div class=\"mkdf-iwt clearfix icon mkdf-iwt-icon-left mkdf-iwt-icon-medium\">\n    <div class=\"mkdf-iwt-icon\">\n                                    <img loading=\"lazy\" decoding=\"async\" width=\"32\" height=\"32\" src=\"https:\/\/dhiclinicpanama.com\/wp-content\/uploads\/2018\/11\/success-1.png\" class=\"attachment-full size-full\" alt=\"\" \/>                            <\/div>\n    <div class=\"mkdf-iwt-content\" >\n                    <p class=\"mkdf-iwt-text test\" >Personal preference<\/p>\n    <\/div>\n<\/div>[\/vc_column_inner][\/vc_row_inner][\/vc_column][\/vc_row][vc_row row_content_width=&#8221;grid&#8221; css=&#8221;.vc_custom_1563891804903{padding-top: 60px !important;padding-bottom: 80px !important;}&#8221; simple_background_color=&#8221;#ffffff&#8221;][vc_column][vc_column_text css_animation=&#8221;fadeInUp&#8221; el_class=&#8221;section-title&#8221;]<\/p>\n<h2>THE ART OF HAIR TRANSPLANTATION<\/h2>\n<p>[\/vc_column_text][vc_empty_space height=&#8221;20px&#8221;][vc_tta_tabs][vc_tta_section title=&#8221;Hair Transplant&#8221; tab_id=&#8221;1547578120471-4301b2c1-c6fd&#8221;][vc_column_text css_animation=&#8221;fadeInUp&#8221;]<span style=\"font-weight: 400;\">At DHI, through medications, specialized innovative tools and local anesthesia, the area to be worked upon is completely numbed. The patients are made aware of the procedure at every step to put them at ease. <\/span><\/p>\n<p><span style=\"font-weight: 400;\">Post-procedure, the patients are advised to follow medications and precautions for 2 to 3 days following before they can get back to their normal routine. Beard Restoration with DHI restores the natural looking hair on the beard and the mustache. The facial hair requirements are as follows:<\/span>[\/vc_column_text][vc_empty_space height=&#8221;15px&#8221;][\/vc_tta_section][vc_tta_section title=&#8221;Process&#8221; tab_id=&#8221;1547578120501-dfba1d7c-3a91&#8243;][vc_empty_space height=&#8221;15px&#8221;]<div class=\"mkdf-iwt clearfix icon mkdf-iwt-icon-left mkdf-iwt-icon-medium\">\n    <div class=\"mkdf-iwt-icon\">\n                                    <img loading=\"lazy\" decoding=\"async\" width=\"32\" height=\"32\" src=\"https:\/\/dhiclinicpanama.com\/wp-content\/uploads\/2018\/11\/success-1.png\" class=\"attachment-full size-full\" alt=\"\" \/>                            <\/div>\n    <div class=\"mkdf-iwt-content\" >\n                    <p class=\"mkdf-iwt-text test\" >The doctor thoroughly designs the beard or mustache area according to the needs of the patient, to determine a defined symmetry.<\/p>\n    <\/div>\n<\/div><div class=\"mkdf-iwt clearfix icon mkdf-iwt-icon-left mkdf-iwt-icon-medium\">\n    <div class=\"mkdf-iwt-icon\">\n                                    <img loading=\"lazy\" decoding=\"async\" width=\"32\" height=\"32\" src=\"https:\/\/dhiclinicpanama.com\/wp-content\/uploads\/2018\/11\/success-1.png\" class=\"attachment-full size-full\" alt=\"\" \/>                            <\/div>\n    <div class=\"mkdf-iwt-content\" >\n                    <p class=\"mkdf-iwt-text test\" >The number of the required hairs and the kind of hair follicle required for a natural result and density are counted.<\/p>\n    <\/div>\n<\/div><div class=\"mkdf-iwt clearfix icon mkdf-iwt-icon-left mkdf-iwt-icon-medium\">\n    <div class=\"mkdf-iwt-icon\">\n                                    <img loading=\"lazy\" decoding=\"async\" width=\"32\" height=\"32\" src=\"https:\/\/dhiclinicpanama.com\/wp-content\/uploads\/2018\/11\/success-1.png\" class=\"attachment-full size-full\" alt=\"\" \/>                            <\/div>\n    <div class=\"mkdf-iwt-content\" >\n                    <p class=\"mkdf-iwt-text test\" >The required hair follicles are extracted from the donor area (usually from the scalp).<\/p>\n    <\/div>\n<\/div><div class=\"mkdf-iwt clearfix icon mkdf-iwt-icon-left mkdf-iwt-icon-medium\">\n    <div class=\"mkdf-iwt-icon\">\n                                    <img loading=\"lazy\" decoding=\"async\" width=\"32\" height=\"32\" src=\"https:\/\/dhiclinicpanama.com\/wp-content\/uploads\/2018\/11\/success-1.png\" class=\"attachment-full size-full\" alt=\"\" \/>                            <\/div>\n    <div class=\"mkdf-iwt-content\" >\n                    <p class=\"mkdf-iwt-text test\" >The extracted hair follicles are placed into the beard or mustache area.<\/p>\n    <\/div>\n<\/div><div class=\"mkdf-iwt clearfix icon mkdf-iwt-icon-left mkdf-iwt-icon-medium\">\n    <div class=\"mkdf-iwt-icon\">\n                                    <img loading=\"lazy\" decoding=\"async\" width=\"32\" height=\"32\" src=\"https:\/\/dhiclinicpanama.com\/wp-content\/uploads\/2018\/11\/success-1.png\" class=\"attachment-full size-full\" alt=\"\" \/>                            <\/div>\n    <div class=\"mkdf-iwt-content\" >\n                    <p class=\"mkdf-iwt-text test\" >The implanted hair will grow and look natural throughout a person\u2019s lifetime.<\/p>\n    <\/div>\n<\/div>[\/vc_tta_section][\/vc_tta_tabs][\/vc_column][\/vc_row][vc_row full_width=&#8221;stretch_row&#8221; equal_height=&#8221;yes&#8221; css=&#8221;.vc_custom_1543257271412{padding-top: 0px !important;}&#8221;][vc_column css=&#8221;.vc_custom_1543257389188{padding-top: 0px !important;}&#8221;]<div class=\"wpb-content-wrapper\"><p>[vc_row full_width=&#8221;stretch_row&#8221; equal_height=&#8221;yes&#8221; css=&#8221;.vc_custom_1543257271412{padding-top: 0px !important;}&#8221;][vc_column css=&#8221;.vc_custom_1543257389188{padding-top: 0px !important;}&#8221;][vc_row_inner equal_height=&#8221;yes&#8221; css=&#8221;.vc_custom_1543257376088{padding-top: 0px !important;padding-right: 0px !important;padding-left: 0px !important;}&#8221;][vc_column_inner width=&#8221;1\/2&#8243; css=&#8221;.vc_custom_1564418290431{padding-top: 0px !important;padding-right: 0px !important;padding-left: 0px !important;}&#8221; offset=&#8221;vc_col-md-8&#8243;]<div class=\"mkdf-google-map-holder\">\n    <div class=\"mkdf-google-map\" id=\"mkdf-map-1943845\" data-addresses='[\"G&amp;G Plaza, Local 2, Calle 56 con Calle Ram\u00f3n H. Hurtado, Punta Paitilla. Diagonal al Super 99 de Punta Pac\u00edfica\"]' data-custom-map-style=no data-color-overlay=#393939 data-saturation=-100 data-lightness=-60 data-zoom=14 data-pin=https:\/\/dhiclinicpanama.com\/wp-content\/uploads\/2019\/08\/marker-update.png data-unique-id=1943845 data-scroll-wheel=no data-height=500 ><\/div>\n                <div class=\"mkdf-google-map-overlay\"><\/div>\n    <\/div>\n[\/vc_column_inner][vc_column_inner width=&#8221;1\/2&#8243; css=&#8221;.vc_custom_1567029638471{padding-right: 60px !important;padding-left: 60px !important;background-color: #0089a9 !important;}&#8221; offset=&#8221;vc_col-md-4&#8243;][vc_column_text el_class=&#8221;custom-desing&#8221;]Hair Loss<br \/>\n<strong>Diagnosis<\/strong>[\/vc_column_text][vc_empty_space height=&#8221;20px&#8221;][vc_column_text el_class=&#8221;custom-des&#8221;]Here at <strong>DHI Global Medical Group<\/strong> we recognize that the correct diagnosis is the basis for a successful treatment. <strong>We are the best hair restoration clinic in Panama<\/strong>.[\/vc_column_text][vc_empty_space height=&#8221;20px&#8221;][vc_separator align=&#8221;align_left&#8221; border_width=&#8221;2&#8243; el_width=&#8221;40&#8243;][vc_empty_space height=&#8221;20px&#8221;]<div class=\"mkdf-iwt clearfix icon-space icon-text-color mkdf-iwt-icon-left mkdf-iwt-icon-small\">\n    <div class=\"mkdf-iwt-icon\">\n                                        <span class=\"mkdf-icon-shortcode mkdf-normal   mkdf-icon-small\"  data-color=\"#ffffff\">\n                    <i class=\"mkdf-icon-font-awesome fa fa-phone mkdf-icon-element\" style=\"color: #ffffff\" ><\/i>                <\/span>\n                                <\/div>\n    <div class=\"mkdf-iwt-content\" >\n                    <p class=\"mkdf-iwt-text test\" >+507 399 6633<\/p>\n    <\/div>\n<\/div><div class=\"mkdf-iwt clearfix icon-text-color mkdf-iwt-icon-left mkdf-iwt-icon-small\">\n    <div class=\"mkdf-iwt-icon\">\n                <a itemprop=\"url\" href=\"mailto:info@dhipanama.com\" target=\"_self\">\n                                            <span class=\"mkdf-icon-shortcode mkdf-normal   mkdf-icon-small\"  data-color=\"#ffffff\">\n                    <i class=\"mkdf-icon-font-awesome fa fa-envelope mkdf-icon-element\" style=\"color: #ffffff\" ><\/i>                <\/span>\n                                    <\/a>\n        <\/div>\n    <div class=\"mkdf-iwt-content\" >\n                    <p class=\"mkdf-iwt-text test\" >info@dhipanama.com<\/p>\n    <\/div>\n<\/div>[vc_empty_space height=&#8221;12px&#8221;]<a itemprop=\"url\" href=\"\/en\/online-consultation\/\" target=\"_self\" style=\"background-color: #e7e7e7;margin: 25px 0px 0px 0px\" class=\"mkdf-btn mkdf-btn-small mkdf-btn-solid mkdf-btn-custom-hover-bg mkdf-btn-custom-hover-color btn_map_custom\" data-hover-color=\"#ffffff\" data-hover-bg-color=\"#000000\" >\n    <span class=\"mkdf-btn-text\">Hair loss diagnosis<\/span>\n    <\/a>[\/vc_column_inner][\/vc_row_inner][\/vc_column][\/vc_row]<\/p>\n<\/div><style type=\"text\/css\" data-type=\"rcb-_wpb_shortcodes_custom_css-10244\">.vc_custom_1543257271412{padding-top: 0px !important;}.vc_custom_1543257389188{padding-top: 0px !important;}.vc_custom_1543257376088{padding-top: 0px !important;padding-right: 0px !important;padding-left: 0px !important;}.vc_custom_1564418290431{padding-top: 0px !important;padding-right: 0px !important;padding-left: 0px !important;}.vc_custom_1567029638471{padding-right: 60px !important;padding-left: 60px !important;background-color: #0089a9 !important;}<\/style>[\/vc_column][\/vc_row]<\/p>\n<\/div>","protected":false},"excerpt":{"rendered":"<p>[vc_row row_content_width=&#8221;grid&#8221; css=&#8221;.vc_custom_1543634285356{padding-top: 60px !important;padding-bottom: 60px !important;}&#8221;][vc_column width=&#8221;4\/12&#8243;][vc_single_image image=&#8221;6292&#8243; img_size=&#8221;full&#8221; alignment=&#8221;center&#8221; style=&#8221;vc_box_rounded&#8221; css_animation=&#8221;fadeInUp&#8221;][vc_empty_space height=&#8221;15px&#8221;][\/vc_column][vc_column width=&#8221;8\/12&#8243;][vc_column_text css_animation=&#8221;fadeInUp&#8221; el_class=&#8221;section-title&#8221;] THE RESTORATION OF BEARD IN PANAMA [\/vc_column_text][vc_empty_space height=&#8221;15px&#8221;][vc_column_text css_animation=&#8221;fadeInUp&#8221; el_class=&#8221;general-weight&#8221;]Beard Restoration in Panama can be [&hellip;]<\/p>\n","protected":false},"author":13,"featured_media":0,"parent":0,"menu_order":0,"comment_status":"closed","ping_status":"closed","template":"full-width.php","meta":{"content-type":"","footnotes":""},"yoast_head":"<!-- This site is optimized with the Yoast SEO plugin v22.8 - https:\/\/yoast.com\/wordpress\/plugins\/seo\/ -->\n<title>Beard Restoration | Hair Loss Solutions | DHI Panam\u00e1<\/title>\n<meta name=\"description\" content=\"Beard restoration in Panama can be achieved with a Direct Hair Implant (DHI) technique under local anesthesia and without creating any scarring.\" \/>\n<meta name=\"robots\" content=\"index, follow, max-snippet:-1, max-image-preview:large, max-video-preview:-1\" \/>\n<link rel=\"canonical\" href=\"https:\/\/dhiclinicpanama.com\/en\/beard-restoration\/\" \/>\n<meta property=\"og:locale\" content=\"en_US\" \/>\n<meta property=\"og:type\" content=\"article\" \/>\n<meta property=\"og:title\" content=\"Beard Restoration | Hair Loss Solutions | DHI Panam\u00e1\" \/>\n<meta property=\"og:description\" content=\"Beard restoration in Panama can be achieved with a Direct Hair Implant (DHI) technique under local anesthesia and without creating any scarring.\" \/>\n<meta property=\"og:url\" content=\"https:\/\/dhiclinicpanama.com\/en\/beard-restoration\/\" \/>\n<meta property=\"og:site_name\" content=\"DHI Panam\u00e1\" \/>\n<meta property=\"article:modified_time\" content=\"2023-02-07T01:03:42+00:00\" \/>\n<meta name=\"twitter:card\" content=\"summary_large_image\" \/>\n<meta name=\"twitter:label1\" content=\"Est. reading time\" \/>\n\t<meta name=\"twitter:data1\" content=\"3 minutes\" \/>\n<script type=\"application\/ld+json\" class=\"yoast-schema-graph\">{\"@context\":\"https:\/\/schema.org\",\"@graph\":[{\"@type\":\"WebPage\",\"@id\":\"https:\/\/dhiclinicpanama.com\/en\/beard-restoration\/\",\"url\":\"https:\/\/dhiclinicpanama.com\/en\/beard-restoration\/\",\"name\":\"Beard Restoration | Hair Loss Solutions | DHI Panam\u00e1\",\"isPartOf\":{\"@id\":\"https:\/\/dhiclinicpanama.com\/#website\"},\"datePublished\":\"2019-06-20T19:22:02+00:00\",\"dateModified\":\"2023-02-07T01:03:42+00:00\",\"description\":\"Beard restoration in Panama can be achieved with a Direct Hair Implant (DHI) technique under local anesthesia and without creating any scarring.\",\"breadcrumb\":{\"@id\":\"https:\/\/dhiclinicpanama.com\/en\/beard-restoration\/#breadcrumb\"},\"inLanguage\":\"en-US\",\"potentialAction\":[{\"@type\":\"ReadAction\",\"target\":[\"https:\/\/dhiclinicpanama.com\/en\/beard-restoration\/\"]}]},{\"@type\":\"BreadcrumbList\",\"@id\":\"https:\/\/dhiclinicpanama.com\/en\/beard-restoration\/#breadcrumb\",\"itemListElement\":[{\"@type\":\"ListItem\",\"position\":1,\"name\":\"Home\",\"item\":\"https:\/\/dhiclinicpanama.com\/en\/\"},{\"@type\":\"ListItem\",\"position\":2,\"name\":\"Beard Restoration\"}]},{\"@type\":\"WebSite\",\"@id\":\"https:\/\/dhiclinicpanama.com\/#website\",\"url\":\"https:\/\/dhiclinicpanama.com\/\",\"name\":\"DHI Panam\u00e1\",\"description\":\"El grupo m\u00e9dico de DHI es la compa\u00f1\u00eda m\u00e1s grande de restauraci\u00f3n capilar en el mundo, que se centra en la investigaci\u00f3n, el diagn\u00f3stico y el tratamiento de la p\u00e9rdida del cabello y trastornos del cuero cabelludo como la alopecia. Somos los expertos en alopecia ofreciendo ahora implantes de pelo en Panam\u00e1.\",\"potentialAction\":[{\"@type\":\"SearchAction\",\"target\":{\"@type\":\"EntryPoint\",\"urlTemplate\":\"https:\/\/dhiclinicpanama.com\/?s={search_term_string}\"},\"query-input\":\"required name=search_term_string\"}],\"inLanguage\":\"en-US\"}]}<\/script>\n<!-- \/ Yoast SEO plugin. -->","yoast_head_json":{"title":"Beard Restoration | Hair Loss Solutions | DHI Panam\u00e1","description":"Beard restoration in Panama can be achieved with a Direct Hair Implant (DHI) technique under local anesthesia and without creating any scarring.","robots":{"index":"index","follow":"follow","max-snippet":"max-snippet:-1","max-image-preview":"max-image-preview:large","max-video-preview":"max-video-preview:-1"},"canonical":"https:\/\/dhiclinicpanama.com\/en\/beard-restoration\/","og_locale":"en_US","og_type":"article","og_title":"Beard Restoration | Hair Loss Solutions | DHI Panam\u00e1","og_description":"Beard restoration in Panama can be achieved with a Direct Hair Implant (DHI) technique under local anesthesia and without creating any scarring.","og_url":"https:\/\/dhiclinicpanama.com\/en\/beard-restoration\/","og_site_name":"DHI Panam\u00e1","article_modified_time":"2023-02-07T01:03:42+00:00","twitter_card":"summary_large_image","twitter_misc":{"Est. reading time":"3 minutes"},"schema":{"@context":"https:\/\/schema.org","@graph":[{"@type":"WebPage","@id":"https:\/\/dhiclinicpanama.com\/en\/beard-restoration\/","url":"https:\/\/dhiclinicpanama.com\/en\/beard-restoration\/","name":"Beard Restoration | Hair Loss Solutions | DHI Panam\u00e1","isPartOf":{"@id":"https:\/\/dhiclinicpanama.com\/#website"},"datePublished":"2019-06-20T19:22:02+00:00","dateModified":"2023-02-07T01:03:42+00:00","description":"Beard restoration in Panama can be achieved with a Direct Hair Implant (DHI) technique under local anesthesia and without creating any scarring.","breadcrumb":{"@id":"https:\/\/dhiclinicpanama.com\/en\/beard-restoration\/#breadcrumb"},"inLanguage":"en-US","potentialAction":[{"@type":"ReadAction","target":["https:\/\/dhiclinicpanama.com\/en\/beard-restoration\/"]}]},{"@type":"BreadcrumbList","@id":"https:\/\/dhiclinicpanama.com\/en\/beard-restoration\/#breadcrumb","itemListElement":[{"@type":"ListItem","position":1,"name":"Home","item":"https:\/\/dhiclinicpanama.com\/en\/"},{"@type":"ListItem","position":2,"name":"Beard Restoration"}]},{"@type":"WebSite","@id":"https:\/\/dhiclinicpanama.com\/#website","url":"https:\/\/dhiclinicpanama.com\/","name":"DHI Panam\u00e1","description":"El grupo m\u00e9dico de DHI es la compa\u00f1\u00eda m\u00e1s grande de restauraci\u00f3n capilar en el mundo, que se centra en la investigaci\u00f3n, el diagn\u00f3stico y el tratamiento de la p\u00e9rdida del cabello y trastornos del cuero cabelludo como la alopecia. Somos los expertos en alopecia ofreciendo ahora implantes de pelo en Panam\u00e1.","potentialAction":[{"@type":"SearchAction","target":{"@type":"EntryPoint","urlTemplate":"https:\/\/dhiclinicpanama.com\/?s={search_term_string}"},"query-input":"required name=search_term_string"}],"inLanguage":"en-US"}]}},"_links":{"self":[{"href":"https:\/\/dhiclinicpanama.com\/en\/wp-json\/wp\/v2\/pages\/8182"}],"collection":[{"href":"https:\/\/dhiclinicpanama.com\/en\/wp-json\/wp\/v2\/pages"}],"about":[{"href":"https:\/\/dhiclinicpanama.com\/en\/wp-json\/wp\/v2\/types\/page"}],"author":[{"embeddable":true,"href":"https:\/\/dhiclinicpanama.com\/en\/wp-json\/wp\/v2\/users\/13"}],"replies":[{"embeddable":true,"href":"https:\/\/dhiclinicpanama.com\/en\/wp-json\/wp\/v2\/comments?post=8182"}],"version-history":[{"count":5,"href":"https:\/\/dhiclinicpanama.com\/en\/wp-json\/wp\/v2\/pages\/8182\/revisions"}],"predecessor-version":[{"id":22755,"href":"https:\/\/dhiclinicpanama.com\/en\/wp-json\/wp\/v2\/pages\/8182\/revisions\/22755"}],"wp:attachment":[{"href":"https:\/\/dhiclinicpanama.com\/en\/wp-json\/wp\/v2\/media?parent=8182"}],"curies":[{"name":"wp","href":"https:\/\/api.w.org\/{rel}","templated":true}]}}