{"id":8007,"date":"2019-06-18T15:41:25","date_gmt":"2019-06-18T15:41:25","guid":{"rendered":"http:\/\/3.88.20.185\/dhi-panama\/"},"modified":"2022-11-19T09:34:57","modified_gmt":"2022-11-19T14:34:57","slug":"dhi-panama","status":"publish","type":"page","link":"https:\/\/dhiclinicpanama.com\/en\/dhi-panama\/","title":{"rendered":"DHI Panama"},"content":{"rendered":"<div class=\"wpb-content-wrapper\"><p>[vc_row row_content_width=&#8221;grid&#8221; css=&#8221;.vc_custom_1560880175599{margin-top: 60px !important;}&#8221;][vc_column width=&#8221;1\/3&#8243;][vc_single_image image=&#8221;10435&#8243; img_size=&#8221;450&#215;450&#8243; alignment=&#8221;center&#8221; style=&#8221;vc_box_rounded&#8221; css_animation=&#8221;fadeInUp&#8221;][vc_column_text el_class=&#8221;promo-text-light&#8221;]Up Till 2008, DHI had opened up in many major cities in Europe and treated various heads of states, royalty, celebrities and sport stars at its flagship clinics in<strong style=\"color: #1f89a9 !important;\"> London and Panam\u00e1 en Latin America.<\/strong>[\/vc_column_text][\/vc_column][vc_column width=&#8221;2\/3&#8243;][vc_column_text css_animation=&#8221;fadeInUp&#8221; el_class=&#8221;section-title&#8221;]<\/p>\n<h2><b>The largest hair restoration company in the world.<\/b><\/h2>\n<p>[\/vc_column_text][vc_empty_space height=&#8221;15px&#8221;][vc_column_text css_animation=&#8221;fadeInUp&#8221;]DHI Medical Group is the largest hair restoration company in the world focused on the research, diagnosis and treatment of hair loss and alopecia scalp disorders. We are world experts now doing hair implants in Panama. With 75 clinics in 42 countries, DHI has been providing its services in hair restoration to over 250,000 clients for 50 years.<\/p>\n<p>DHI is the first medical company to standardize all protocols of hair restoration, and prides itself on being a medical hair restoration company that is built upon four pillars: Education, Transparency, Innovation, and Process.<\/p>\n<p>Headquartered in Greece, this hair restoration company has been at the forefront of research and development in hair loss and alopecia scalp disorders. To its credit, DHI teaches guest courses at various public universities in Europe and has been awarded certificates by various health academies from Greece, UK, Australia, France, and Austria among others.<\/p>\n<p>In 2001, DHI Medical Group pioneered Follicular Unit Extraction (FUE) and changed the world of hair restoration forever. In 2003, the company further refined FUE and developed the Direct Hair Implantation (DHI) procedure, the most advanced hair restoration procedure in the world. In doing so, setting a benchmark and surpassing any other medical hair transplant procedure done today.[\/vc_column_text][\/vc_column][\/vc_row][vc_row row_content_width=&#8221;grid&#8221; css=&#8221;.vc_custom_1563814966644{margin-top: 10px !important;margin-bottom: 40px !important;padding-top: 40px !important;padding-bottom: 60px !important;}&#8221; simple_background_color=&#8221;#fafafa&#8221;][vc_column][vc_column_text css_animation=&#8221;fadeInUp&#8221; el_class=&#8221;section-title&#8221;]<\/p>\n<h2><b>DHI Panama \u2013 Hair Transplant in Panama<\/b><\/h2>\n<p>[\/vc_column_text][vc_empty_space height=&#8221;15px&#8221;][vc_row_inner][vc_column_inner width=&#8221;2\/3&#8243;][vc_column_text css_animation=&#8221;fadeInUp&#8221; el_class=&#8221;general-weight&#8221;]In 2013, DHI Medical Group decided to take its revolutionary most advanced technique and treatments to all parts of the world, and started the process of opening up clinics across Asia, the Middle East, Australia, and the Americas. As part of this expansion, in 2016, DHI opened its first flagship clinic in Panama, Latin America, making DHI Medical Group the center of excellence in the most advanced technique for hair transplants and the treatments of hair loss and alopecia scalp disorders in the Americas today. We are the best place to achieve excellent hair implants in Panama.[\/vc_column_text][vc_empty_space height=&#8221;40px&#8221;][\/vc_column_inner][vc_column_inner width=&#8221;1\/3&#8243;][vc_single_image image=&#8221;9367&#8243; img_size=&#8221;450&#215;450&#8243; alignment=&#8221;center&#8221; style=&#8221;vc_box_rounded&#8221; css_animation=&#8221;fadeInUp&#8221;][\/vc_column_inner][\/vc_row_inner][\/vc_column][\/vc_row][vc_row row_content_width=&#8221;grid&#8221; css=&#8221;.vc_custom_1543610767365{margin-bottom: 65px !important;}&#8221;][vc_column width=&#8221;1\/3&#8243;][vc_single_image image=&#8221;11824&#8243; img_size=&#8221;450&#215;450&#8243; alignment=&#8221;center&#8221; style=&#8221;vc_box_rounded&#8221; css_animation=&#8221;fadeInUp&#8221;][\/vc_column][vc_column width=&#8221;2\/3&#8243;][vc_column_text css_animation=&#8221;fadeInUp&#8221; el_class=&#8221;section-title&#8221;]<\/p>\n<h2>Why we are better?<\/h2>\n<p>[\/vc_column_text][vc_column_text css_animation=&#8221;fadeInUp&#8221; el_class=&#8221;general-weight&#8221;]We at DHI rely on innovative and advanced techniques to fight common and abrupt hair fall problems. Our goal is to provide you with the latest and innovative technique of hair implantation. The treatment shows highly effective results and gives you healthy and natural looking hair. The technique used in DHI is simple and exclusive that helps in eliminating the use of scalpels and stitches. We not only provide you hair implantation but natural results, permanent growth and paramount safety with our Hair Transplant in Panama.[\/vc_column_text][vc_empty_space height=&#8221;15px&#8221;][vc_row_inner][vc_column_inner width=&#8221;1\/2&#8243;]<div class=\"mkdf-iwt clearfix icon mkdf-iwt-icon-left mkdf-iwt-icon-medium\">\n    <div class=\"mkdf-iwt-icon\">\n                                    <img loading=\"lazy\" decoding=\"async\" width=\"32\" height=\"32\" src=\"https:\/\/dhiclinicpanama.com\/wp-content\/uploads\/2018\/11\/success-1.png\" class=\"attachment-full size-full\" alt=\"\" \/>                            <\/div>\n    <div class=\"mkdf-iwt-content\" >\n                    <p class=\"mkdf-iwt-text test\" >No scalpels, no stitches<\/p>\n    <\/div>\n<\/div><div class=\"mkdf-iwt clearfix icon mkdf-iwt-icon-left mkdf-iwt-icon-medium\">\n    <div class=\"mkdf-iwt-icon\">\n                                    <img loading=\"lazy\" decoding=\"async\" width=\"32\" height=\"32\" src=\"https:\/\/dhiclinicpanama.com\/wp-content\/uploads\/2018\/11\/success-1.png\" class=\"attachment-full size-full\" alt=\"\" \/>                            <\/div>\n    <div class=\"mkdf-iwt-content\" >\n                    <p class=\"mkdf-iwt-text test\" >Maximum safety<\/p>\n    <\/div>\n<\/div><div class=\"mkdf-iwt clearfix icon mkdf-iwt-icon-left mkdf-iwt-icon-medium\">\n    <div class=\"mkdf-iwt-icon\">\n                                    <img loading=\"lazy\" decoding=\"async\" width=\"32\" height=\"32\" src=\"https:\/\/dhiclinicpanama.com\/wp-content\/uploads\/2018\/11\/success-1.png\" class=\"attachment-full size-full\" alt=\"\" \/>                            <\/div>\n    <div class=\"mkdf-iwt-content\" >\n                    <p class=\"mkdf-iwt-text test\" >Maximised for life<\/p>\n    <\/div>\n<\/div>[\/vc_column_inner][vc_column_inner width=&#8221;1\/2&#8243;]<div class=\"mkdf-iwt clearfix icon mkdf-iwt-icon-left mkdf-iwt-icon-medium\">\n    <div class=\"mkdf-iwt-icon\">\n                                    <img loading=\"lazy\" decoding=\"async\" width=\"32\" height=\"32\" src=\"https:\/\/dhiclinicpanama.com\/wp-content\/uploads\/2018\/11\/success-1.png\" class=\"attachment-full size-full\" alt=\"\" \/>                            <\/div>\n    <div class=\"mkdf-iwt-content\" >\n                    <p class=\"mkdf-iwt-text test\" >Natural results<\/p>\n    <\/div>\n<\/div><div class=\"mkdf-iwt clearfix icon mkdf-iwt-icon-left mkdf-iwt-icon-medium\">\n    <div class=\"mkdf-iwt-icon\">\n                                    <img loading=\"lazy\" decoding=\"async\" width=\"32\" height=\"32\" src=\"https:\/\/dhiclinicpanama.com\/wp-content\/uploads\/2018\/11\/success-1.png\" class=\"attachment-full size-full\" alt=\"\" \/>                            <\/div>\n    <div class=\"mkdf-iwt-content\" >\n                    <p class=\"mkdf-iwt-text test\" >The innovative technique is available now at DHI Panama<\/p>\n    <\/div>\n<\/div><div class=\"mkdf-iwt clearfix icon mkdf-iwt-icon-left mkdf-iwt-icon-medium\">\n    <div class=\"mkdf-iwt-icon\">\n                                    <img loading=\"lazy\" decoding=\"async\" width=\"32\" height=\"32\" src=\"https:\/\/dhiclinicpanama.com\/wp-content\/uploads\/2018\/11\/success-1.png\" class=\"attachment-full size-full\" alt=\"\" \/>                            <\/div>\n    <div class=\"mkdf-iwt-content\" >\n                    <p class=\"mkdf-iwt-text test\" >Up to 97% success rate<\/p>\n    <\/div>\n<\/div>[\/vc_column_inner][\/vc_row_inner][\/vc_column][vc_column][vc_row_inner][vc_column_inner][vc_empty_space height=&#8221;25px&#8221;][\/vc_column_inner][\/vc_row_inner][vc_row_inner][vc_column_inner width=&#8221;1\/2&#8243;]<div class=\"mkdf-iwt clearfix icon mkdf-iwt-icon-left mkdf-iwt-icon-medium\">\n    <div class=\"mkdf-iwt-icon\">\n                                    <img loading=\"lazy\" decoding=\"async\" width=\"32\" height=\"32\" src=\"https:\/\/dhiclinicpanama.com\/wp-content\/uploads\/2018\/11\/success-1.png\" class=\"attachment-full size-full\" alt=\"\" \/>                            <\/div>\n    <div class=\"mkdf-iwt-content\" >\n                <h4 class=\"mkdf-iwt-title\" >\n                    <span class=\"mkdf-iwt-title-text\">Our Experience<\/span>\n                <\/h4>\n                <p class=\"mkdf-iwt-text test\" >At DHI Panama we have thoroughly scrutinized and analyzed every detail of a hair transplant restoration procedure, to be certain that it is being performed with the highest quality standards. Our certified doctors have years of experience in the field of hair restoration and aesthetics which guarantees that each patient receives the finest possible outcome. The evidence of our experience is in our results.<\/p>\n    <\/div>\n<\/div>[\/vc_column_inner][vc_column_inner width=&#8221;1\/2&#8243;]<div class=\"mkdf-iwt clearfix icon mkdf-iwt-icon-left mkdf-iwt-icon-medium\">\n    <div class=\"mkdf-iwt-icon\">\n                                    <img loading=\"lazy\" decoding=\"async\" width=\"32\" height=\"32\" src=\"https:\/\/dhiclinicpanama.com\/wp-content\/uploads\/2018\/11\/success-1.png\" class=\"attachment-full size-full\" alt=\"\" \/>                            <\/div>\n    <div class=\"mkdf-iwt-content\" >\n                <h4 class=\"mkdf-iwt-title\" >\n                    <span class=\"mkdf-iwt-title-text\">The DHI Technique<\/span>\n                <\/h4>\n                <p class=\"mkdf-iwt-text test\" >Our years of experience has allowed us to develop our very own (DHI) Direct Hair Implantation technique. With DHI, our certified doctors can implant each hair follicle in the correct angle, depth and direction, giving them complete control over how the hair grows to ensure the most natural results and density possible in the hair restoration industry.<\/p>\n    <\/div>\n<\/div>[\/vc_column_inner][\/vc_row_inner][vc_row_inner][vc_column_inner width=&#8221;1\/2&#8243;]<div class=\"mkdf-iwt clearfix icon mkdf-iwt-icon-left mkdf-iwt-icon-medium\">\n    <div class=\"mkdf-iwt-icon\">\n                                    <img loading=\"lazy\" decoding=\"async\" width=\"32\" height=\"32\" src=\"https:\/\/dhiclinicpanama.com\/wp-content\/uploads\/2018\/11\/success-1.png\" class=\"attachment-full size-full\" alt=\"\" \/>                            <\/div>\n    <div class=\"mkdf-iwt-content\" >\n                <h4 class=\"mkdf-iwt-title\" >\n                    <span class=\"mkdf-iwt-title-text\">Our Dedication<\/span>\n                <\/h4>\n                <p class=\"mkdf-iwt-text test\" >We have gathered a dedicated and experienced hair transplant surgical team. Our staff is committed to work safely and efficiently to ensure the absolute best results the patient is looking for. This kind of tenacity has allowed us the capability to gather up to (5,000 grafts \u2013 10,000 hairs) in a hair transplant restoration. Our dedication to the advancement of hair transplant surgery is clear from the contributions we have made to date.<\/p>\n    <\/div>\n<\/div>[\/vc_column_inner][vc_column_inner width=&#8221;1\/2&#8243;]<div class=\"mkdf-iwt clearfix icon mkdf-iwt-icon-left mkdf-iwt-icon-medium\">\n    <div class=\"mkdf-iwt-icon\">\n                                    <img loading=\"lazy\" decoding=\"async\" width=\"32\" height=\"32\" src=\"https:\/\/dhiclinicpanama.com\/wp-content\/uploads\/2018\/11\/success-1.png\" class=\"attachment-full size-full\" alt=\"\" \/>                            <\/div>\n    <div class=\"mkdf-iwt-content\" >\n                <h4 class=\"mkdf-iwt-title\" >\n                    <span class=\"mkdf-iwt-title-text\">The Results<\/span>\n                <\/h4>\n                <p class=\"mkdf-iwt-text test\" >Our experience, dedication and Direct Hair Implantation technique delivers a natural natural result, and the highest possible density that each patient is looking for. We take pride in the personal transformation of every patient as they begin enjoying their new appearance and regained confidence.<\/p>\n    <\/div>\n<\/div>[\/vc_column_inner][\/vc_row_inner][\/vc_column][\/vc_row][vc_row][vc_column]<div class=\"wpb-content-wrapper\"><p>[vc_row full_width=&#8221;stretch_row&#8221; equal_height=&#8221;yes&#8221; css=&#8221;.vc_custom_1543257271412{padding-top: 0px !important;}&#8221;][vc_column css=&#8221;.vc_custom_1543257389188{padding-top: 0px !important;}&#8221;][vc_row_inner equal_height=&#8221;yes&#8221; css=&#8221;.vc_custom_1543257376088{padding-top: 0px !important;padding-right: 0px !important;padding-left: 0px !important;}&#8221;][vc_column_inner width=&#8221;1\/2&#8243; css=&#8221;.vc_custom_1564418290431{padding-top: 0px !important;padding-right: 0px !important;padding-left: 0px !important;}&#8221; offset=&#8221;vc_col-md-8&#8243;]<div class=\"mkdf-google-map-holder\">\n    <div class=\"mkdf-google-map\" id=\"mkdf-map-531996\" data-addresses='[\"G&amp;G Plaza, Local 2, Calle 56 con Calle Ram\u00f3n H. Hurtado, Punta Paitilla. Diagonal al Super 99 de Punta Pac\u00edfica\"]' data-custom-map-style=no data-color-overlay=#393939 data-saturation=-100 data-lightness=-60 data-zoom=14 data-pin=https:\/\/dhiclinicpanama.com\/wp-content\/uploads\/2019\/08\/marker-update.png data-unique-id=531996 data-scroll-wheel=no data-height=500 ><\/div>\n                <div class=\"mkdf-google-map-overlay\"><\/div>\n    <\/div>\n[\/vc_column_inner][vc_column_inner width=&#8221;1\/2&#8243; css=&#8221;.vc_custom_1567029638471{padding-right: 60px !important;padding-left: 60px !important;background-color: #0089a9 !important;}&#8221; offset=&#8221;vc_col-md-4&#8243;][vc_column_text el_class=&#8221;custom-desing&#8221;]Hair Loss<br \/>\n<strong>Diagnosis<\/strong>[\/vc_column_text][vc_empty_space height=&#8221;20px&#8221;][vc_column_text el_class=&#8221;custom-des&#8221;]Here at <strong>DHI Global Medical Group<\/strong> we recognize that the correct diagnosis is the basis for a successful treatment. <strong>We are the best hair restoration clinic in Panama<\/strong>.[\/vc_column_text][vc_empty_space height=&#8221;20px&#8221;][vc_separator align=&#8221;align_left&#8221; border_width=&#8221;2&#8243; el_width=&#8221;40&#8243;][vc_empty_space height=&#8221;20px&#8221;]<div class=\"mkdf-iwt clearfix icon-space icon-text-color mkdf-iwt-icon-left mkdf-iwt-icon-small\">\n    <div class=\"mkdf-iwt-icon\">\n                                        <span class=\"mkdf-icon-shortcode mkdf-normal   mkdf-icon-small\"  data-color=\"#ffffff\">\n                    <i class=\"mkdf-icon-font-awesome fa fa-phone mkdf-icon-element\" style=\"color: #ffffff\" ><\/i>                <\/span>\n                                <\/div>\n    <div class=\"mkdf-iwt-content\" >\n                    <p class=\"mkdf-iwt-text test\" >+507 399 6633<\/p>\n    <\/div>\n<\/div><div class=\"mkdf-iwt clearfix icon-text-color mkdf-iwt-icon-left mkdf-iwt-icon-small\">\n    <div class=\"mkdf-iwt-icon\">\n                <a itemprop=\"url\" href=\"mailto:info@dhipanama.com\" target=\"_self\">\n                                            <span class=\"mkdf-icon-shortcode mkdf-normal   mkdf-icon-small\"  data-color=\"#ffffff\">\n                    <i class=\"mkdf-icon-font-awesome fa fa-envelope mkdf-icon-element\" style=\"color: #ffffff\" ><\/i>                <\/span>\n                                    <\/a>\n        <\/div>\n    <div class=\"mkdf-iwt-content\" >\n                    <p class=\"mkdf-iwt-text test\" >info@dhipanama.com<\/p>\n    <\/div>\n<\/div>[vc_empty_space height=&#8221;12px&#8221;]<a itemprop=\"url\" href=\"\/en\/online-consultation\/\" target=\"_self\" style=\"background-color: #e7e7e7;margin: 25px 0px 0px 0px\" class=\"mkdf-btn mkdf-btn-small mkdf-btn-solid mkdf-btn-custom-hover-bg mkdf-btn-custom-hover-color btn_map_custom\" data-hover-color=\"#ffffff\" data-hover-bg-color=\"#000000\" >\n    <span class=\"mkdf-btn-text\">Hair loss diagnosis<\/span>\n    <\/a>[\/vc_column_inner][\/vc_row_inner][\/vc_column][\/vc_row]<\/p>\n<\/div><style type=\"text\/css\" data-type=\"rcb-_wpb_shortcodes_custom_css-10244\">.vc_custom_1543257271412{padding-top: 0px !important;}.vc_custom_1543257389188{padding-top: 0px !important;}.vc_custom_1543257376088{padding-top: 0px !important;padding-right: 0px !important;padding-left: 0px !important;}.vc_custom_1564418290431{padding-top: 0px !important;padding-right: 0px !important;padding-left: 0px !important;}.vc_custom_1567029638471{padding-right: 60px !important;padding-left: 60px !important;background-color: #0089a9 !important;}<\/style>[\/vc_column][\/vc_row]<\/p>\n<\/div>","protected":false},"excerpt":{"rendered":"<p>[vc_row row_content_width=&#8221;grid&#8221; css=&#8221;.vc_custom_1560880175599{margin-top: 60px !important;}&#8221;][vc_column width=&#8221;1\/3&#8243;][vc_single_image image=&#8221;10435&#8243; img_size=&#8221;450&#215;450&#8243; alignment=&#8221;center&#8221; style=&#8221;vc_box_rounded&#8221; css_animation=&#8221;fadeInUp&#8221;][vc_column_text el_class=&#8221;promo-text-light&#8221;]Up Till 2008, DHI had opened up in many major cities in Europe and treated various heads of states, royalty, celebrities [&hellip;]<\/p>\n","protected":false},"author":13,"featured_media":0,"parent":0,"menu_order":0,"comment_status":"closed","ping_status":"closed","template":"full-width.php","meta":{"content-type":"","footnotes":""},"yoast_head":"<!-- This site is optimized with the Yoast SEO plugin v22.8 - https:\/\/yoast.com\/wordpress\/plugins\/seo\/ -->\n<title>DHI Panama | DHI Panam\u00e1<\/title>\n<meta name=\"description\" content=\"DHI Medical Group is the largest hair restoration company in the world focused on the research, diagnosis and treatment of hair loss and alopecia scalp disorders. We are world experts now doing hair implants in Panama. With 60 clinics in 36 countries, DHI has been providing its services in hair restoration to over 200,000 clients for 46 years.\" \/>\n<meta name=\"robots\" content=\"index, follow, max-snippet:-1, max-image-preview:large, max-video-preview:-1\" \/>\n<link rel=\"canonical\" href=\"https:\/\/dhiclinicpanama.com\/en\/dhi-panama\/\" \/>\n<meta property=\"og:locale\" content=\"en_US\" \/>\n<meta property=\"og:type\" content=\"article\" \/>\n<meta property=\"og:title\" content=\"DHI Panama | DHI Panam\u00e1\" \/>\n<meta property=\"og:description\" content=\"DHI Medical Group is the largest hair restoration company in the world focused on the research, diagnosis and treatment of hair loss and alopecia scalp disorders. We are world experts now doing hair implants in Panama. With 60 clinics in 36 countries, DHI has been providing its services in hair restoration to over 200,000 clients for 46 years.\" \/>\n<meta property=\"og:url\" content=\"https:\/\/dhiclinicpanama.com\/en\/dhi-panama\/\" \/>\n<meta property=\"og:site_name\" content=\"DHI Panam\u00e1\" \/>\n<meta property=\"article:modified_time\" content=\"2022-11-19T14:34:57+00:00\" \/>\n<meta name=\"twitter:card\" content=\"summary_large_image\" \/>\n<meta name=\"twitter:label1\" content=\"Est. reading time\" \/>\n\t<meta name=\"twitter:data1\" content=\"4 minutes\" \/>\n<script type=\"application\/ld+json\" class=\"yoast-schema-graph\">{\"@context\":\"https:\/\/schema.org\",\"@graph\":[{\"@type\":\"WebPage\",\"@id\":\"https:\/\/dhiclinicpanama.com\/en\/dhi-panama\/\",\"url\":\"https:\/\/dhiclinicpanama.com\/en\/dhi-panama\/\",\"name\":\"DHI Panama | DHI Panam\u00e1\",\"isPartOf\":{\"@id\":\"https:\/\/dhiclinic.kinsta.cloud\/#website\"},\"datePublished\":\"2019-06-18T15:41:25+00:00\",\"dateModified\":\"2022-11-19T14:34:57+00:00\",\"description\":\"DHI Medical Group is the largest hair restoration company in the world focused on the research, diagnosis and treatment of hair loss and alopecia scalp disorders. We are world experts now doing hair implants in Panama. With 60 clinics in 36 countries, DHI has been providing its services in hair restoration to over 200,000 clients for 46 years.\",\"breadcrumb\":{\"@id\":\"https:\/\/dhiclinicpanama.com\/en\/dhi-panama\/#breadcrumb\"},\"inLanguage\":\"en-US\",\"potentialAction\":[{\"@type\":\"ReadAction\",\"target\":[\"https:\/\/dhiclinicpanama.com\/en\/dhi-panama\/\"]}]},{\"@type\":\"BreadcrumbList\",\"@id\":\"https:\/\/dhiclinicpanama.com\/en\/dhi-panama\/#breadcrumb\",\"itemListElement\":[{\"@type\":\"ListItem\",\"position\":1,\"name\":\"Home\",\"item\":\"https:\/\/dhiclinicpanama.com\/en\/\"},{\"@type\":\"ListItem\",\"position\":2,\"name\":\"DHI Panama\"}]},{\"@type\":\"WebSite\",\"@id\":\"https:\/\/dhiclinic.kinsta.cloud\/#website\",\"url\":\"https:\/\/dhiclinic.kinsta.cloud\/\",\"name\":\"DHI Panam\u00e1\",\"description\":\"El grupo m\u00e9dico de DHI es la compa\u00f1\u00eda m\u00e1s grande de restauraci\u00f3n capilar en el mundo, que se centra en la investigaci\u00f3n, el diagn\u00f3stico y el tratamiento de la p\u00e9rdida del cabello y trastornos del cuero cabelludo como la alopecia. Somos los expertos en alopecia ofreciendo ahora implantes de pelo en Panam\u00e1.\",\"potentialAction\":[{\"@type\":\"SearchAction\",\"target\":{\"@type\":\"EntryPoint\",\"urlTemplate\":\"https:\/\/dhiclinic.kinsta.cloud\/?s={search_term_string}\"},\"query-input\":\"required name=search_term_string\"}],\"inLanguage\":\"en-US\"}]}<\/script>\n<!-- \/ Yoast SEO plugin. -->","yoast_head_json":{"title":"DHI Panama | DHI Panam\u00e1","description":"DHI Medical Group is the largest hair restoration company in the world focused on the research, diagnosis and treatment of hair loss and alopecia scalp disorders. We are world experts now doing hair implants in Panama. With 60 clinics in 36 countries, DHI has been providing its services in hair restoration to over 200,000 clients for 46 years.","robots":{"index":"index","follow":"follow","max-snippet":"max-snippet:-1","max-image-preview":"max-image-preview:large","max-video-preview":"max-video-preview:-1"},"canonical":"https:\/\/dhiclinicpanama.com\/en\/dhi-panama\/","og_locale":"en_US","og_type":"article","og_title":"DHI Panama | DHI Panam\u00e1","og_description":"DHI Medical Group is the largest hair restoration company in the world focused on the research, diagnosis and treatment of hair loss and alopecia scalp disorders. We are world experts now doing hair implants in Panama. With 60 clinics in 36 countries, DHI has been providing its services in hair restoration to over 200,000 clients for 46 years.","og_url":"https:\/\/dhiclinicpanama.com\/en\/dhi-panama\/","og_site_name":"DHI Panam\u00e1","article_modified_time":"2022-11-19T14:34:57+00:00","twitter_card":"summary_large_image","twitter_misc":{"Est. reading time":"4 minutes"},"schema":{"@context":"https:\/\/schema.org","@graph":[{"@type":"WebPage","@id":"https:\/\/dhiclinicpanama.com\/en\/dhi-panama\/","url":"https:\/\/dhiclinicpanama.com\/en\/dhi-panama\/","name":"DHI Panama | DHI Panam\u00e1","isPartOf":{"@id":"https:\/\/dhiclinic.kinsta.cloud\/#website"},"datePublished":"2019-06-18T15:41:25+00:00","dateModified":"2022-11-19T14:34:57+00:00","description":"DHI Medical Group is the largest hair restoration company in the world focused on the research, diagnosis and treatment of hair loss and alopecia scalp disorders. We are world experts now doing hair implants in Panama. With 60 clinics in 36 countries, DHI has been providing its services in hair restoration to over 200,000 clients for 46 years.","breadcrumb":{"@id":"https:\/\/dhiclinicpanama.com\/en\/dhi-panama\/#breadcrumb"},"inLanguage":"en-US","potentialAction":[{"@type":"ReadAction","target":["https:\/\/dhiclinicpanama.com\/en\/dhi-panama\/"]}]},{"@type":"BreadcrumbList","@id":"https:\/\/dhiclinicpanama.com\/en\/dhi-panama\/#breadcrumb","itemListElement":[{"@type":"ListItem","position":1,"name":"Home","item":"https:\/\/dhiclinicpanama.com\/en\/"},{"@type":"ListItem","position":2,"name":"DHI Panama"}]},{"@type":"WebSite","@id":"https:\/\/dhiclinic.kinsta.cloud\/#website","url":"https:\/\/dhiclinic.kinsta.cloud\/","name":"DHI Panam\u00e1","description":"El grupo m\u00e9dico de DHI es la compa\u00f1\u00eda m\u00e1s grande de restauraci\u00f3n capilar en el mundo, que se centra en la investigaci\u00f3n, el diagn\u00f3stico y el tratamiento de la p\u00e9rdida del cabello y trastornos del cuero cabelludo como la alopecia. Somos los expertos en alopecia ofreciendo ahora implantes de pelo en Panam\u00e1.","potentialAction":[{"@type":"SearchAction","target":{"@type":"EntryPoint","urlTemplate":"https:\/\/dhiclinic.kinsta.cloud\/?s={search_term_string}"},"query-input":"required name=search_term_string"}],"inLanguage":"en-US"}]}},"_links":{"self":[{"href":"https:\/\/dhiclinicpanama.com\/en\/wp-json\/wp\/v2\/pages\/8007"}],"collection":[{"href":"https:\/\/dhiclinicpanama.com\/en\/wp-json\/wp\/v2\/pages"}],"about":[{"href":"https:\/\/dhiclinicpanama.com\/en\/wp-json\/wp\/v2\/types\/page"}],"author":[{"embeddable":true,"href":"https:\/\/dhiclinicpanama.com\/en\/wp-json\/wp\/v2\/users\/13"}],"replies":[{"embeddable":true,"href":"https:\/\/dhiclinicpanama.com\/en\/wp-json\/wp\/v2\/comments?post=8007"}],"version-history":[{"count":5,"href":"https:\/\/dhiclinicpanama.com\/en\/wp-json\/wp\/v2\/pages\/8007\/revisions"}],"predecessor-version":[{"id":22540,"href":"https:\/\/dhiclinicpanama.com\/en\/wp-json\/wp\/v2\/pages\/8007\/revisions\/22540"}],"wp:attachment":[{"href":"https:\/\/dhiclinicpanama.com\/en\/wp-json\/wp\/v2\/media?parent=8007"}],"curies":[{"name":"wp","href":"https:\/\/api.w.org\/{rel}","templated":true}]}}