{"id":22768,"date":"2023-03-13T10:33:10","date_gmt":"2023-03-13T15:33:10","guid":{"rendered":"https:\/\/dhipanama.com\/?page_id=22768"},"modified":"2023-03-13T10:33:38","modified_gmt":"2023-03-13T15:33:38","slug":"dhi-panama-2","status":"publish","type":"page","link":"https:\/\/dhiclinicpanama.com\/en\/dhi-panama-2\/","title":{"rendered":"DHI Panama"},"content":{"rendered":"<div class=\"wpb-content-wrapper\"><p>[vc_row equal_height=&#8221;yes&#8221; row_content_width=&#8221;grid&#8221; simple_background_color=&#8221;#0089a9&#8243;][vc_column css=&#8221;.vc_custom_1540926416413{margin-top: 0px !important;margin-right: 0px !important;margin-bottom: 0px !important;margin-left: 0px !important;padding-top: 0px !important;padding-right: 0px !important;padding-bottom: 0px !important;padding-left: 0px !important;}&#8221;]\n\t\t\t<!-- START Main EN 2023 REVOLUTION SLIDER 6.7.12 --><p class=\"rs-p-wp-fix\"><\/p>\n\t\t\t<rs-module-wrap id=\"rev_slider_13_1_wrapper\" data-source=\"gallery\" style=\"visibility:hidden;background:transparent;padding:0;margin:0px auto;margin-top:0;margin-bottom:0;\">\n\t\t\t\t<rs-module id=\"rev_slider_13_1\" style=\"\" data-version=\"6.7.12\">\n\t\t\t\t\t<rs-slides style=\"overflow: hidden; position: absolute;\">\n\t\t\t\t\t\t<rs-slide style=\"position: absolute;\" data-key=\"rs-62\" data-title=\"Hair Restoration\" data-anim=\"adpr:false;\" data-in=\"o:0;\" data-out=\"a:false;\">\n\t\t\t\t\t\t\t<img decoding=\"async\" src=\"\/\/dhiclinicpanama.com\/wp-content\/plugins\/revslider\/sr6\/assets\/assets\/dummy.png\" alt=\"\" title=\"DHI Panama\" class=\"rev-slidebg tp-rs-img rs-lazyload\" data-lazyload=\"\/\/dhipanama.com\/wp-content\/uploads\/2023\/03\/sliderdhi-1.jpg\" data-bg=\"p:center top;\" data-no-retina>\n<!--\n\t\t\t\t\t\t\t--><rs-layer\n\t\t\t\t\t\t\t\tid=\"slider-13-slide-62-layer-1\" \n\t\t\t\t\t\t\t\tclass=\"montser\"\n\t\t\t\t\t\t\t\tdata-type=\"text\"\n\t\t\t\t\t\t\t\tdata-rsp_ch=\"on\"\n\t\t\t\t\t\t\t\tdata-xy=\"x:c;xo:-5px;y:m;yo:5px,50px,40px,40px;\"\n\t\t\t\t\t\t\t\tdata-text=\"s:70,40,28,18;l:22;ls:7px;fw:400,500,500,500;a:inherit;\"\n\t\t\t\t\t\t\t\tdata-frame_1=\"sR:10;\"\n\t\t\t\t\t\t\t\tdata-frame_999=\"o:0;st:w;sR:8690;\"\n\t\t\t\t\t\t\t\tstyle=\"z-index:5;font-family:'Montserrat';\"\n\t\t\t\t\t\t\t> \n\t\t\t\t\t\t\t<\/rs-layer><!--\n\n\t\t\t\t\t\t\t--><rs-layer\n\t\t\t\t\t\t\t\tid=\"slider-13-slide-62-layer-3\" \n\t\t\t\t\t\t\t\tdata-type=\"text\"\n\t\t\t\t\t\t\t\tdata-rsp_ch=\"on\"\n\t\t\t\t\t\t\t\tdata-xy=\"x:l,l,l,c;xo:17px,9px,7px,-87px;y:m;yo:-60px,-31px,-26px,-49px;\"\n\t\t\t\t\t\t\t\tdata-text=\"w:normal,normal,nowrap,normal;s:80,65,50,35;l:initial;ls:-4px,0px,-2px,0px;fw:800;a:inherit;\"\n\t\t\t\t\t\t\t\tdata-dim=\"w:595px,auto,auto,auto;h:139px,auto,auto,auto;\"\n\t\t\t\t\t\t\t\tdata-frame_1=\"sR:10;\"\n\t\t\t\t\t\t\t\tdata-frame_999=\"o:0;st:w;sR:8690;\"\n\t\t\t\t\t\t\t\tstyle=\"z-index:6;font-family:'Montserrat';text-transform:center;\"\n\t\t\t\t\t\t\t>DHI Panama \n\t\t\t\t\t\t\t<\/rs-layer><!--\n\n\t\t\t\t\t\t\t--><rs-layer\n\t\t\t\t\t\t\t\tid=\"slider-13-slide-62-layer-5\" \n\t\t\t\t\t\t\t\tdata-type=\"text\"\n\t\t\t\t\t\t\t\tdata-rsp_ch=\"on\"\n\t\t\t\t\t\t\t\tdata-xy=\"x:l,l,l,c;xo:19px,8px,8px,-86px;y:m;yo:44px,42px,32px,6px;\"\n\t\t\t\t\t\t\t\tdata-text=\"w:normal,normal,nowrap,normal;s:40,30,25,18;l:45,35,28,20;fw:600;a:inherit;\"\n\t\t\t\t\t\t\t\tdata-dim=\"w:724px,auto,auto,243px;h:139px,auto,auto,61px;\"\n\t\t\t\t\t\t\t\tdata-frame_1=\"sR:10;\"\n\t\t\t\t\t\t\t\tdata-frame_999=\"o:0;st:w;sR:8690;\"\n\t\t\t\t\t\t\t\tstyle=\"z-index:7;background-color:rgba(0,0,0,0);font-family:'Montserrat';text-transform:center;\"\n\t\t\t\t\t\t\t>Hair Restoration for <\/br> Men & Women. \n\t\t\t\t\t\t\t<\/rs-layer><!--\n-->\t\t\t\t\t<\/rs-slide>\n\t\t\t\t\t<\/rs-slides>\n\t\t\t\t<\/rs-module>\n\t\t\t\t<script>\n\t\t\t\t\tsetREVStartSize({c: 'rev_slider_13_1',rl:[1240,1024,778,480],el:[868,600,500,400],gw:[1340,900,700,440],gh:[868,600,500,400],type:'standard',justify:'',layout:'fullwidth',mh:\"0\"});if (window.RS_MODULES!==undefined && window.RS_MODULES.modules!==undefined && window.RS_MODULES.modules[\"revslider131\"]!==undefined) {window.RS_MODULES.modules[\"revslider131\"].once = false;window.revapi13 = undefined;if (window.RS_MODULES.checkMinimal!==undefined) window.RS_MODULES.checkMinimal()}\n\t\t\t\t<\/script>\n\t\t\t<\/rs-module-wrap>\n\t\t\t<!-- END REVOLUTION SLIDER -->\n[\/vc_column][\/vc_row][vc_row equal_height=&#8221;yes&#8221; row_content_width=&#8221;grid&#8221; simple_background_color=&#8221;#0089a9&#8243; css=&#8221;.vc_custom_1543609165706{padding-top: 30px !important;padding-bottom: 15px !important;}&#8221;][vc_column css=&#8221;.vc_custom_1540926416413{margin-top: 0px !important;margin-right: 0px !important;margin-bottom: 0px !important;margin-left: 0px !important;padding-top: 0px !important;padding-right: 0px !important;padding-bottom: 0px !important;padding-left: 0px !important;}&#8221;][vc_row_inner css=&#8221;.vc_custom_1540926407344{margin-top: 0px !important;margin-right: 0px !important;margin-bottom: 0px !important;margin-left: 0px !important;padding-top: 0px !important;padding-right: 0px !important;padding-bottom: 0px !important;padding-left: 0px !important;}&#8221;][vc_column_inner el_class=&#8221;block_p_setup&#8221; width=&#8221;3\/4&#8243; css=&#8221;.vc_custom_1540927308153{margin-top: 0px !important;margin-right: 0px !important;margin-bottom: 0px !important;margin-left: 0px !important;padding-top: 0px !important;padding-right: 0px !important;padding-bottom: 0px !important;padding-left: 0px !important;}&#8221;][vc_column_text css_animation=&#8221;none&#8221; el_class=&#8221;info_title1&#8243;]<\/p>\n<h2>Diagn\u00f3stico de p\u00e9rdida del cabello<\/h2>\n<p>[\/vc_column_text][vc_column_text css_animation=&#8221;none&#8221; el_class=&#8221;info_subtitle1&#8243; css=&#8221;.vc_custom_1668267237386{margin-top: 5px !important;}&#8221;]Aqu\u00ed en <strong>DHI <\/strong>reconocemos que el diagn\u00f3stico correcto es la base para un tratamiento exitoso y seguro.[\/vc_column_text][\/vc_column_inner][vc_column_inner width=&#8221;1\/4&#8243;][vc_btn title=&#8221;Consulta Online&#8221; style=&#8221;custom&#8221; custom_background=&#8221;#f3f3f3&#8243; custom_text=&#8221;#5d5d5d&#8221; shape=&#8221;square&#8221; align=&#8221;center&#8221; css_animation=&#8221;fadeIn&#8221; button_block=&#8221;true&#8221; link=&#8221;url:https%3A%2F%2Fdhipanama.com%2Fen%2Fonline-consultation%2F|&#8221; el_class=&#8221;black_button_custom&#8221; css=&#8221;.vc_custom_1568403138078{margin-top: 5px !important;}&#8221;][\/vc_column_inner][\/vc_row_inner][\/vc_column][\/vc_row][vc_row content_placement=&#8221;middle&#8221; row_content_width=&#8221;grid&#8221; css=&#8221;.vc_custom_1565973066570{padding-top: 60px !important;padding-bottom: 80px !important;}&#8221;][vc_column width=&#8221;1\/2&#8243; offset=&#8221;vc_hidden-sm vc_hidden-xs&#8221;]<div id=\"twenty20-1\" class=\"twenty20\" style=\"width: 100% !important; clear: both;\"><div class=\"twentytwenty-container twenty20-1 \"><img decoding=\"async\" class=\"skip-lazy\" src=\"https:\/\/dhiclinicpanama.com\/wp-content\/uploads\/2022\/02\/2-1.jpg\" \/><img decoding=\"async\" class=\"skip-lazy\" src=\"https:\/\/dhiclinicpanama.com\/wp-content\/uploads\/2022\/02\/1-1.jpg\" \/><\/div><script>jQuery( document ).ready(function( $ ) {$(\".twentytwenty-container.twenty20-1[data-orientation!='vertical']\").twentytwenty({default_offset_pct: 0.5});$(\".twenty20-1 .twentytwenty-overlay\").hide();$(\".twenty20-1 .twentytwenty-overlay\").hide();});<\/script><\/div>[\/vc_column][vc_column width=&#8221;1\/2&#8243;][vc_column_text css_animation=&#8221;none&#8221; el_class=&#8221;section-title&#8221;]<\/p>\n<h1>DHI Panam\u00e1, cl\u00ednica de cabello #1 en latinoam\u00e9rica<\/h1>\n<p>[\/vc_column_text][vc_row_inner content_placement=&#8221;middle&#8221;][vc_column_inner][vc_column_text css_animation=&#8221;none&#8221; css=&#8221;.vc_custom_1668266381540{margin-top: 35px !important;margin-bottom: 25px !important;}&#8221;]DHI (Direct Hair Implantation) es la t\u00e9cnica innovadora utilizada de forma exclusiva por DHI Panam\u00e1 en todos nuestros procedimientos de trasplante de cabello. DHI tiene resultados altamente efectivos y entre las mejores tasas de \u00e9xito en la industria del trasplante de cabello.[\/vc_column_text][\/vc_column_inner][\/vc_row_inner][vc_column_text css_animation=&#8221;none&#8221;]El grupo m\u00e9dico de DHI es la compa\u00f1\u00eda m\u00e1s grande de restauraci\u00f3n capilar en el mundo, que se centra en la investigaci\u00f3n, el diagn\u00f3stico y el tratamiento de la p\u00e9rdida del cabello y trastornos del cuero cabelludo como la alopecia. Somos los expertos en alopecia ofreciendo ahora implantes de pelo en Panam\u00e1. Con 75 cl\u00ednicas en 40 pa\u00edses alrededor del mundo, DHI ha estado proporcionando sus servicios en la restauraci\u00f3n del cabello a m\u00e1s de + 250.000 clientes durante 50 a\u00f1os.[\/vc_column_text][vc_empty_space][vc_btn title=&#8221;Sobre Nosotros&#8221; style=&#8221;custom&#8221; custom_background=&#8221;#0089a9&#8243; custom_text=&#8221;#ffffff&#8221; shape=&#8221;square&#8221; align=&#8221;center&#8221; css_animation=&#8221;none&#8221; button_block=&#8221;true&#8221; link=&#8221;url:https%3A%2F%2Fdhipanama.com%2Fen%2Fdhi-panama%2F|&#8221; el_class=&#8221;black_button_custom float-left&#8221;][\/vc_column][\/vc_row][vc_row equal_height=&#8221;yes&#8221; row_content_width=&#8221;grid&#8221; simple_background_color=&#8221;#0089a9&#8243; css=&#8221;.vc_custom_1563824255584{margin-bottom: 40px !important;padding-top: 20px !important;padding-bottom: 10px !important;}&#8221;][vc_column css=&#8221;.vc_custom_1540926416413{margin-top: 0px !important;margin-right: 0px !important;margin-bottom: 0px !important;margin-left: 0px !important;padding-top: 0px !important;padding-right: 0px !important;padding-bottom: 0px !important;padding-left: 0px !important;}&#8221;][vc_row_inner][vc_column_inner width=&#8221;1\/3&#8243;]<div class=\"mkdf-counter-holder mkdf-light mkdf-light\">\n\n    \n    <div class=\"mkdf-counter-inner\">\n\n                    <span class=\"mkdf-counter mkdf-zero-counter\" style=\"font-size: 45px\">\n                50            <\/span>\n        \n                    <h5 class=\"mkdf-counter-title\">\n            A\u00f1os de Experiencia            <\/h5>\n        \n        \n    <\/div>\n<\/div>[\/vc_column_inner][vc_column_inner width=&#8221;1\/3&#8243;]<div class=\"mkdf-counter-holder mkdf-light mkdf-light\">\n\n    \n    <div class=\"mkdf-counter-inner\">\n\n                    <span class=\"mkdf-counter mkdf-zero-counter\" style=\"font-size: 45px\">\n                250000            <\/span>\n        \n                    <h5 class=\"mkdf-counter-title\">\n            + Pacientes Felices            <\/h5>\n        \n        \n    <\/div>\n<\/div>[\/vc_column_inner][vc_column_inner width=&#8221;1\/3&#8243;]<div class=\"mkdf-counter-holder mkdf-light mkdf-light\">\n\n    \n    <div class=\"mkdf-counter-inner\">\n\n                    <span class=\"mkdf-counter mkdf-zero-counter\" style=\"font-size: 45px\">\n                75            <\/span>\n        \n                    <h5 class=\"mkdf-counter-title\">\n            Cl\u00ednicas en el mundo            <\/h5>\n        \n        \n    <\/div>\n<\/div>[\/vc_column_inner][\/vc_row_inner][\/vc_column][\/vc_row][vc_row row_content_width=&#8221;grid&#8221; content_text_aligment=&#8221;left&#8221; css=&#8221;.vc_custom_1561136433194{padding-top: 60px !important;padding-bottom: 80px !important;}&#8221; el_class=&#8221;bg_left&#8221; anchor=&#8221;gfoss&#8221;][vc_column offset=&#8221;vc_col-xs-12&#8243;][vc_column_text css_animation=&#8221;none&#8221; el_class=&#8221;section-title&#8221;]<\/p>\n<h2>\u00bfPor qu\u00e9 somos mejores?<\/h2>\n<p>[\/vc_column_text][vc_column_text css_animation=&#8221;none&#8221;]En DHI confiamos en t\u00e9cnicas innovadoras y avanzadas para combatir los problemas comunes y abruptos de ca\u00edda de cabello. Nuestro objetivo es proporcionarle la \u00faltima y m\u00e1s innovadora t\u00e9cnica de implantaci\u00f3n de cabello. El procedimiento DHI muestra resultados altamente efectivos y le brinda un cabello con aspecto saludable y natural.[\/vc_column_text][vc_empty_space][\/vc_column][vc_column width=&#8221;1\/2&#8243;][vc_row_inner row_content_width=&#8221;grid&#8221;][vc_column_inner width=&#8221;3\/12&#8243;][vc_single_image image=&#8221;9337&#8243; img_size=&#8221;full&#8221; style=&#8221;vc_box_circle_2&#8243; css_animation=&#8221;none&#8221; css=&#8221;.vc_custom_1641316631867{margin-bottom: 15px !important;}&#8221; el_class=&#8221;circle-image&#8221;][\/vc_column_inner][vc_column_inner width=&#8221;9\/12&#8243;][vc_column_text css_animation=&#8221;none&#8221;]<\/p>\n<h4 style=\"color: #1f89a9 !important;\">Nuestra experiencia<\/h4>\n<p>En DHI Panam\u00e1 examinamos y analizamos a fondo cada detalle en los procedimiento de restauraci\u00f3n de trasplante capilar, para asegurarnos de que se realicen con los m\u00e1s altos est\u00e1ndares de calidad. Nuestros m\u00e9dicos certificados tienen a\u00f1os de experiencia en el campo de la restauraci\u00f3n del cabello y la est\u00e9tica, lo que ayuda a que cada paciente reciba el mejor resultado posible. La evidencia de nuestra experiencia est\u00e1 en nuestros resultados.[\/vc_column_text][\/vc_column_inner][\/vc_row_inner][vc_empty_space][\/vc_column][vc_column width=&#8221;1\/2&#8243;][vc_row_inner row_content_width=&#8221;grid&#8221;][vc_column_inner width=&#8221;3\/12&#8243;][vc_single_image image=&#8221;7561&#8243; img_size=&#8221;full&#8221; style=&#8221;vc_box_circle_2&#8243; css_animation=&#8221;none&#8221; css=&#8221;.vc_custom_1641316644695{margin-bottom: 15px !important;}&#8221; el_class=&#8221;circle-image&#8221;][\/vc_column_inner][vc_column_inner width=&#8221;9\/12&#8243;][vc_column_text css_animation=&#8221;none&#8221;]<\/p>\n<h4 style=\"color: #1f89a9 !important;\">Nuestra dedicaci\u00f3n<\/h4>\n<p>Hemos reunido a un dedicado y experimentado equipo de cirug\u00eda de trasplante capilar. Nuestro personal est\u00e1 comprometido a trabajar de manera segura y eficiente para brindar los mejores resultados absolutos que el paciente est\u00e1 buscando. Este tipo de tenacidad nos ha permitido reunir hasta (5,000 implantados &#8211; 10,000 cabellos) en una restauraci\u00f3n de trasplante de cabello. Nuestra dedicaci\u00f3n al avance de la cirug\u00eda de trasplante de cabello se desprende de las contribuciones que hemos realizado hasta la fecha.[\/vc_column_text][\/vc_column_inner][\/vc_row_inner][vc_empty_space][\/vc_column][vc_column width=&#8221;1\/2&#8243;][vc_row_inner row_content_width=&#8221;grid&#8221;][vc_column_inner width=&#8221;3\/12&#8243;][vc_single_image image=&#8221;5543&#8243; img_size=&#8221;full&#8221; style=&#8221;vc_box_circle_2&#8243; css_animation=&#8221;none&#8221; css=&#8221;.vc_custom_1641316665813{margin-bottom: 15px !important;}&#8221; el_class=&#8221;circle-image&#8221;][\/vc_column_inner][vc_column_inner width=&#8221;9\/12&#8243;][vc_column_text css_animation=&#8221;none&#8221;]<\/p>\n<h4 style=\"color: #1f89a9 !important;\">La t\u00e9cnica de DHI<\/h4>\n<p>Nuestros a\u00f1os de experiencia nos han permitido desarrollar nuestra propia t\u00e9cnica de implantaci\u00f3n directa del cabello (DHI). Con DHI, nuestros m\u00e9dicos certificados pueden implantar cada fol\u00edculo piloso en el \u00e1ngulo, profundidad y direcci\u00f3n correctos, lo que les da un control completo sobre c\u00f3mo crece el cabello para brindar los resultados m\u00e1s naturales y la mayor densidad posible en la industria de la restauraci\u00f3n capilar.[\/vc_column_text][\/vc_column_inner][\/vc_row_inner][\/vc_column][vc_column width=&#8221;1\/2&#8243;][vc_row_inner row_content_width=&#8221;grid&#8221;][vc_column_inner width=&#8221;3\/12&#8243;][vc_single_image image=&#8221;9339&#8243; img_size=&#8221;full&#8221; style=&#8221;vc_box_circle_2&#8243; css_animation=&#8221;none&#8221; css=&#8221;.vc_custom_1641316673592{margin-bottom: 15px !important;}&#8221; el_class=&#8221;circle-image&#8221;][\/vc_column_inner][vc_column_inner width=&#8221;9\/12&#8243;][vc_column_text css_animation=&#8221;none&#8221;]<\/p>\n<h4 style=\"color: #1f89a9 !important;\">Los resultados<\/h4>\n<p>Nuestra experiencia, dedicaci\u00f3n y t\u00e9cnica de implantaci\u00f3n directa del cabello brinda resultados altamente efectivos y la mayor densidad posible que cada paciente est\u00e1 buscando. Estamos orgullosos de la transformaci\u00f3n personal de cada paciente cuando comienzan a disfrutar de su nueva apariencia y recuperan su confianza.[\/vc_column_text][\/vc_column_inner][\/vc_row_inner][\/vc_column][\/vc_row][vc_row equal_height=&#8221;yes&#8221; row_content_width=&#8221;grid&#8221; simple_background_color=&#8221;#0089a9&#8243; css=&#8221;.vc_custom_1545929054122{padding-top: 20px !important;padding-bottom: 9px !important;}&#8221;][vc_column css=&#8221;.vc_custom_1540926416413{margin-top: 0px !important;margin-right: 0px !important;margin-bottom: 0px !important;margin-left: 0px !important;padding-top: 0px !important;padding-right: 0px !important;padding-bottom: 0px !important;padding-left: 0px !important;}&#8221;][vc_row_inner css=&#8221;.vc_custom_1540926407344{margin-top: 0px !important;margin-right: 0px !important;margin-bottom: 0px !important;margin-left: 0px !important;padding-top: 0px !important;padding-right: 0px !important;padding-bottom: 0px !important;padding-left: 0px !important;}&#8221;][vc_column_inner el_class=&#8221;block_p_setup&#8221; width=&#8221;3\/4&#8243; css=&#8221;.vc_custom_1542990757865{margin-top: 0px !important;margin-right: 0px !important;margin-bottom: 0px !important;margin-left: 0px !important;padding-top: 0px !important;padding-right: 0px !important;padding-bottom: 0px !important;padding-left: 0px !important;}&#8221;][vc_column_text css_animation=&#8221;none&#8221; el_class=&#8221;info_title1 text-front&#8221; css=&#8221;.vc_custom_1641316685768{padding-bottom: 10px !important;}&#8221;]<\/p>\n<h4 class=\"custom-h4-white\">\u00a1Vis\u00edtanos ahora!<\/h4>\n<p>[\/vc_column_text][\/vc_column_inner][vc_column_inner width=&#8221;1\/4&#8243;][\/vc_column_inner][\/vc_row_inner][\/vc_column][\/vc_row][vc_row][vc_column]<div class=\"mkdf-google-map-holder\">\n    <div class=\"mkdf-google-map\" id=\"mkdf-map-1108885\" data-addresses='[\"G&amp;G Plaza, Local 2, Calle 56 con Calle Ram\u00f3n H. Hurtado, Punta Paitilla. Diagonal al Super 99 de Punta Pac\u00edfica\"]' data-custom-map-style=no data-color-overlay=#393939 data-saturation=-100 data-lightness=-60 data-zoom=14 data-pin=https:\/\/dhiclinicpanama.com\/wp-content\/uploads\/2019\/08\/marker-update.png data-unique-id=1108885 data-scroll-wheel=no data-height=500 ><\/div>\n                <div class=\"mkdf-google-map-overlay\"><\/div>\n    <\/div>\n[\/vc_column][\/vc_row][vc_row disable_element=&#8221;yes&#8221;][vc_column][vc_raw_js]JTNDc2NyaXB0JTIwdHlwZSUzRCUyMnRleHQlMkZqYXZhc2NyaXB0JTIyJTNFJTBBJTI0JTI4JTIwJTIyLm92ZXJsYXklMjIlMjAlMjkuaG92ZXIlMjhmdW5jdGlvbiUyOCUyOSUyMCU3QiUwQSUyMCUyMCUyNCUyOCUyMHRoaXMlMjAlMjkuZmFkZU91dCUyOCUyMDEwMCUyMCUyOSUzQiUwQSUyMCUyMCUyNCUyOCUyMHRoaXMlMjAlMjkuZmFkZUluJTI4JTIwNTAwJTIwJTI5JTNCJTBBJTdEJTI5JTNCJTBBJTNDJTJGc2NyaXB0JTNF[\/vc_raw_js][\/vc_column][\/vc_row]<\/p>\n<\/div>","protected":false},"excerpt":{"rendered":"<p>[vc_row equal_height=&#8221;yes&#8221; row_content_width=&#8221;grid&#8221; simple_background_color=&#8221;#0089a9&#8243;][vc_column css=&#8221;.vc_custom_1540926416413{margin-top: 0px !important;margin-right: 0px !important;margin-bottom: 0px !important;margin-left: 0px !important;padding-top: 0px !important;padding-right: 0px !important;padding-bottom: 0px !important;padding-left: 0px !important;}&#8221;][\/vc_column][\/vc_row][vc_row equal_height=&#8221;yes&#8221; row_content_width=&#8221;grid&#8221; simple_background_color=&#8221;#0089a9&#8243; css=&#8221;.vc_custom_1543609165706{padding-top: 30px !important;padding-bottom: 15px !important;}&#8221;][vc_column css=&#8221;.vc_custom_1540926416413{margin-top: 0px !important;margin-right: [&hellip;]<\/p>\n","protected":false},"author":4,"featured_media":0,"parent":0,"menu_order":0,"comment_status":"closed","ping_status":"closed","template":"full-width.php","meta":{"content-type":"","footnotes":""},"yoast_head":"<!-- This site is optimized with the Yoast SEO plugin v22.8 - https:\/\/yoast.com\/wordpress\/plugins\/seo\/ -->\n<title>Hair Restoration Clinic in Panama | Direct Hair Implantation | DHI Panam\u00e1<\/title>\n<meta name=\"description\" content=\"DHI (Direct Hair Implantation) is the innovative technique used exclusively by DHI Panama in all our hair transplant procedures.\" \/>\n<meta name=\"robots\" content=\"index, follow, max-snippet:-1, max-image-preview:large, max-video-preview:-1\" \/>\n<link rel=\"canonical\" href=\"https:\/\/dhiclinicpanama.com\/en\/dhi-panama-2\/\" \/>\n<meta property=\"og:locale\" content=\"en_US\" \/>\n<meta property=\"og:type\" content=\"article\" \/>\n<meta property=\"og:title\" content=\"Hair Restoration Clinic in Panama | Direct Hair Implantation | DHI Panam\u00e1\" \/>\n<meta property=\"og:description\" content=\"DHI (Direct Hair Implantation) is the innovative technique used exclusively by DHI Panama in all our hair transplant procedures.\" \/>\n<meta property=\"og:url\" content=\"https:\/\/dhiclinicpanama.com\/en\/dhi-panama-2\/\" \/>\n<meta property=\"og:site_name\" content=\"DHI Panam\u00e1\" \/>\n<meta property=\"article:modified_time\" content=\"2023-03-13T15:33:38+00:00\" \/>\n<meta name=\"twitter:card\" content=\"summary_large_image\" \/>\n<meta name=\"twitter:label1\" content=\"Est. reading time\" \/>\n\t<meta name=\"twitter:data1\" content=\"4 minutes\" \/>\n<script type=\"application\/ld+json\" class=\"yoast-schema-graph\">{\"@context\":\"https:\/\/schema.org\",\"@graph\":[{\"@type\":\"WebPage\",\"@id\":\"https:\/\/dhiclinicpanama.com\/en\/dhi-panama-2\/\",\"url\":\"https:\/\/dhiclinicpanama.com\/en\/dhi-panama-2\/\",\"name\":\"Hair Restoration Clinic in Panama | Direct Hair Implantation | DHI Panam\u00e1\",\"isPartOf\":{\"@id\":\"https:\/\/dhiclinicpanama.com\/#website\"},\"datePublished\":\"2023-03-13T15:33:10+00:00\",\"dateModified\":\"2023-03-13T15:33:38+00:00\",\"description\":\"DHI (Direct Hair Implantation) is the innovative technique used exclusively by DHI Panama in all our hair transplant procedures.\",\"breadcrumb\":{\"@id\":\"https:\/\/dhiclinicpanama.com\/en\/dhi-panama-2\/#breadcrumb\"},\"inLanguage\":\"en-US\",\"potentialAction\":[{\"@type\":\"ReadAction\",\"target\":[\"https:\/\/dhiclinicpanama.com\/en\/dhi-panama-2\/\"]}]},{\"@type\":\"BreadcrumbList\",\"@id\":\"https:\/\/dhiclinicpanama.com\/en\/dhi-panama-2\/#breadcrumb\",\"itemListElement\":[{\"@type\":\"ListItem\",\"position\":1,\"name\":\"Home\",\"item\":\"https:\/\/dhiclinicpanama.com\/en\/\"},{\"@type\":\"ListItem\",\"position\":2,\"name\":\"DHI Panama\"}]},{\"@type\":\"WebSite\",\"@id\":\"https:\/\/dhiclinicpanama.com\/#website\",\"url\":\"https:\/\/dhiclinicpanama.com\/\",\"name\":\"DHI Panam\u00e1\",\"description\":\"El grupo m\u00e9dico de DHI es la compa\u00f1\u00eda m\u00e1s grande de restauraci\u00f3n capilar en el mundo, que se centra en la investigaci\u00f3n, el diagn\u00f3stico y el tratamiento de la p\u00e9rdida del cabello y trastornos del cuero cabelludo como la alopecia. Somos los expertos en alopecia ofreciendo ahora implantes de pelo en Panam\u00e1.\",\"potentialAction\":[{\"@type\":\"SearchAction\",\"target\":{\"@type\":\"EntryPoint\",\"urlTemplate\":\"https:\/\/dhiclinicpanama.com\/?s={search_term_string}\"},\"query-input\":\"required name=search_term_string\"}],\"inLanguage\":\"en-US\"}]}<\/script>\n<!-- \/ Yoast SEO plugin. -->","yoast_head_json":{"title":"Hair Restoration Clinic in Panama | Direct Hair Implantation | DHI Panam\u00e1","description":"DHI (Direct Hair Implantation) is the innovative technique used exclusively by DHI Panama in all our hair transplant procedures.","robots":{"index":"index","follow":"follow","max-snippet":"max-snippet:-1","max-image-preview":"max-image-preview:large","max-video-preview":"max-video-preview:-1"},"canonical":"https:\/\/dhiclinicpanama.com\/en\/dhi-panama-2\/","og_locale":"en_US","og_type":"article","og_title":"Hair Restoration Clinic in Panama | Direct Hair Implantation | DHI Panam\u00e1","og_description":"DHI (Direct Hair Implantation) is the innovative technique used exclusively by DHI Panama in all our hair transplant procedures.","og_url":"https:\/\/dhiclinicpanama.com\/en\/dhi-panama-2\/","og_site_name":"DHI Panam\u00e1","article_modified_time":"2023-03-13T15:33:38+00:00","twitter_card":"summary_large_image","twitter_misc":{"Est. reading time":"4 minutes"},"schema":{"@context":"https:\/\/schema.org","@graph":[{"@type":"WebPage","@id":"https:\/\/dhiclinicpanama.com\/en\/dhi-panama-2\/","url":"https:\/\/dhiclinicpanama.com\/en\/dhi-panama-2\/","name":"Hair Restoration Clinic in Panama | Direct Hair Implantation | DHI Panam\u00e1","isPartOf":{"@id":"https:\/\/dhiclinicpanama.com\/#website"},"datePublished":"2023-03-13T15:33:10+00:00","dateModified":"2023-03-13T15:33:38+00:00","description":"DHI (Direct Hair Implantation) is the innovative technique used exclusively by DHI Panama in all our hair transplant procedures.","breadcrumb":{"@id":"https:\/\/dhiclinicpanama.com\/en\/dhi-panama-2\/#breadcrumb"},"inLanguage":"en-US","potentialAction":[{"@type":"ReadAction","target":["https:\/\/dhiclinicpanama.com\/en\/dhi-panama-2\/"]}]},{"@type":"BreadcrumbList","@id":"https:\/\/dhiclinicpanama.com\/en\/dhi-panama-2\/#breadcrumb","itemListElement":[{"@type":"ListItem","position":1,"name":"Home","item":"https:\/\/dhiclinicpanama.com\/en\/"},{"@type":"ListItem","position":2,"name":"DHI Panama"}]},{"@type":"WebSite","@id":"https:\/\/dhiclinicpanama.com\/#website","url":"https:\/\/dhiclinicpanama.com\/","name":"DHI Panam\u00e1","description":"El grupo m\u00e9dico de DHI es la compa\u00f1\u00eda m\u00e1s grande de restauraci\u00f3n capilar en el mundo, que se centra en la investigaci\u00f3n, el diagn\u00f3stico y el tratamiento de la p\u00e9rdida del cabello y trastornos del cuero cabelludo como la alopecia. Somos los expertos en alopecia ofreciendo ahora implantes de pelo en Panam\u00e1.","potentialAction":[{"@type":"SearchAction","target":{"@type":"EntryPoint","urlTemplate":"https:\/\/dhiclinicpanama.com\/?s={search_term_string}"},"query-input":"required name=search_term_string"}],"inLanguage":"en-US"}]}},"_links":{"self":[{"href":"https:\/\/dhiclinicpanama.com\/en\/wp-json\/wp\/v2\/pages\/22768"}],"collection":[{"href":"https:\/\/dhiclinicpanama.com\/en\/wp-json\/wp\/v2\/pages"}],"about":[{"href":"https:\/\/dhiclinicpanama.com\/en\/wp-json\/wp\/v2\/types\/page"}],"author":[{"embeddable":true,"href":"https:\/\/dhiclinicpanama.com\/en\/wp-json\/wp\/v2\/users\/4"}],"replies":[{"embeddable":true,"href":"https:\/\/dhiclinicpanama.com\/en\/wp-json\/wp\/v2\/comments?post=22768"}],"version-history":[{"count":5,"href":"https:\/\/dhiclinicpanama.com\/en\/wp-json\/wp\/v2\/pages\/22768\/revisions"}],"predecessor-version":[{"id":22780,"href":"https:\/\/dhiclinicpanama.com\/en\/wp-json\/wp\/v2\/pages\/22768\/revisions\/22780"}],"wp:attachment":[{"href":"https:\/\/dhiclinicpanama.com\/en\/wp-json\/wp\/v2\/media?parent=22768"}],"curies":[{"name":"wp","href":"https:\/\/api.w.org\/{rel}","templated":true}]}}