{"id":10862,"date":"2019-08-28T15:01:06","date_gmt":"2019-08-28T20:01:06","guid":{"rendered":"http:\/\/3.88.20.185\/?page_id=10862"},"modified":"2023-05-15T18:42:41","modified_gmt":"2023-05-15T23:42:41","slug":"capillary-historic-2","status":"publish","type":"page","link":"https:\/\/dhiclinicpanama.com\/en\/capillary-historic-2\/","title":{"rendered":"Transplant History #2"},"content":{"rendered":"<div class=\"wpb-content-wrapper\"><p>[vc_row row_content_width=&#8221;grid&#8221; css=&#8221;.vc_custom_1549391112952{padding-top: 80px !important;padding-bottom: 40px !important;}&#8221;][vc_column][vc_column_text css_animation=&#8221;fadeInUp&#8221; el_class=&#8221;section-title&#8221;]<\/p>\n<h2><b>Record<\/b><\/h2>\n<p>[\/vc_column_text][\/vc_column][\/vc_row][vc_row row_content_width=&#8221;grid&#8221; css=&#8221;.vc_custom_1549391118551{padding-bottom: 40px !important;}&#8221;][vc_column width=&#8221;1\/3&#8243;]<div id=\"twenty20-1\" class=\"twenty20\" style=\"width: 100% !important; clear: both;\"><div class=\"twentytwenty-container twenty20-1 \"><img decoding=\"async\" class=\"skip-lazy\" src=\"https:\/\/dhiclinicpanama.com\/wp-content\/uploads\/2019\/08\/antes2.jpg\" alt=\"Resultado de Transplante de Cabello - Norwood 4\" title=\"Resultado de Transplante de Cabello - Norwood 4\" \/><img decoding=\"async\" class=\"skip-lazy\" src=\"https:\/\/dhiclinicpanama.com\/wp-content\/uploads\/2019\/08\/despues2.jpg\" \/><\/div><script>jQuery( document ).ready(function( $ ) {$(\".twentytwenty-container.twenty20-1[data-orientation!='vertical']\").twentytwenty({default_offset_pct: 0.5});$(\".twenty20-1 .twentytwenty-overlay\").hide();$(\".twenty20-1 .twentytwenty-overlay\").hide();});<\/script><\/div>[\/vc_column][vc_column width=&#8221;2\/3&#8243;][vc_column_text css_animation=&#8221;fadeInUp&#8221;]The patient Jorge Fern\u00e1ndez arrived at our clinic in June 2018, worried about the advanced hair loss that he had been suffering since he was very young.<\/p>\n<p>After an evaluation with our computerized medical system (HairSys), it was determined that in this case the patient had various areas in which he had androgenic alopecia, with a Norwood scale 4.<\/p>\n<p>Fortunately, the patient&#8217;s donor area was in good condition.<\/p>\n<p>The amount of hair to be implanted to cover the entire area was estimated at 7,000, but during the procedure 9,337 were extracted, thus guaranteeing the best possible density.<\/p>\n<p>This procedure was carried out in 2 days.[\/vc_column_text][vc_empty_space height=&#8221;15px&#8221;][vc_row_inner][vc_column_inner][vc_column_text css_animation=&#8221;fadeInUp&#8221;]<strong style=\"color: #1f89a9 !important;\">Details<\/strong>[\/vc_column_text][vc_separator align=&#8221;align_right&#8221; el_width=&#8221;70&#8243; el_class=&#8221;separator-behind&#8221;][vc_column_text css_animation=&#8221;fadeInUp&#8221;]<strong style=\"color: #1f89a9 !important;\">Hairs Implanted: <\/strong> 9,337<\/p>\n<p><strong style=\"color: #1f89a9 !important;\">Norwood Scale: <\/strong> 4[\/vc_column_text][\/vc_column_inner][\/vc_row_inner][\/vc_column][vc_column][vc_column_text css_animation=&#8221;fadeInUp&#8221; el_class=&#8221;section-title&#8221;]<\/p>\n<h2><b>Timeline<\/b><\/h2>\n<p>[\/vc_column_text][\/vc_column][\/vc_row][vc_row row_content_width=&#8221;grid&#8221; el_class=&#8221;line-custom_middle&#8221; css=&#8221;.vc_custom_1566592312523{margin-bottom: 60px !important;}&#8221;][vc_column][vc_row_inner equal_height=&#8221;yes&#8221; content_placement=&#8221;middle&#8221; css=&#8221;.vc_custom_1566586785084{margin-top: 0px !important;margin-bottom: 60px !important;}&#8221;][vc_column_inner el_class=&#8221;time-custom_blockleft&#8221; width=&#8221;5\/12&#8243; css=&#8221;.vc_custom_1566590130341{background-color: #f5f5f5 !important;}&#8221; offset=&#8221;vc_col-lg-offset-2&#8243;][vc_column_text]<strong>Before<\/strong>[\/vc_column_text][vc_column_text]The amount of hair to be implanted to cover the entire area was estimated at 7,000, but during the procedure 9,337 were extracted, thus guaranteeing the best possible density.<\/p>\n<p>This procedure was carried out in 2 days.[\/vc_column_text][\/vc_column_inner][vc_column_inner width=&#8221;1\/4&#8243; css=&#8221;.vc_custom_1566591302641{padding-right: 0px !important;padding-left: 0px !important;}&#8221;][vc_single_image image=&#8221;10873&#8243; img_size=&#8221;450&#215;450&#8243; alignment=&#8221;center&#8221; onclick=&#8221;link_image&#8221;][\/vc_column_inner][\/vc_row_inner][vc_row_inner equal_height=&#8221;yes&#8221; content_placement=&#8221;middle&#8221; css=&#8221;.vc_custom_1566586785084{margin-top: 0px !important;margin-bottom: 60px !important;}&#8221;][vc_column_inner width=&#8221;1\/4&#8243; offset=&#8221;vc_col-lg-offset-2&#8243; css=&#8221;.vc_custom_1566591310029{padding-right: 0px !important;padding-left: 0px !important;}&#8221;][vc_single_image image=&#8221;10878&#8243; img_size=&#8221;450&#215;450&#8243; alignment=&#8221;center&#8221; onclick=&#8221;link_image&#8221;][\/vc_column_inner][vc_column_inner el_class=&#8221;time-custom_blockRight&#8221; width=&#8221;5\/12&#8243; css=&#8221;.vc_custom_1566591397450{background-color: #f5f5f5 !important;}&#8221;][vc_column_text]<\/p>\n<p style=\"text-align: right;\"><strong>2 Months<\/strong><\/p>\n<p>[\/vc_column_text][vc_column_text]<\/p>\n<p style=\"text-align: right;\">After 2 months, the patient is in the middle of what is known as the shock phase. In which all implanted hair falls irregularly, due to a natural process of the hair follicle.<\/p>\n<p>[\/vc_column_text][\/vc_column_inner][\/vc_row_inner][vc_row_inner equal_height=&#8221;yes&#8221; content_placement=&#8221;middle&#8221; css=&#8221;.vc_custom_1566586785084{margin-top: 0px !important;margin-bottom: 60px !important;}&#8221;][vc_column_inner el_class=&#8221;time-custom_blockleft&#8221; width=&#8221;5\/12&#8243; css=&#8221;.vc_custom_1566590147028{background-color: #f5f5f5 !important;}&#8221; offset=&#8221;vc_col-lg-offset-2&#8243;][vc_column_text]<\/p>\n<p style=\"text-align: left;\"><strong>2 Months<\/strong><\/p>\n<p>[\/vc_column_text][vc_column_text]This stage (shock phase) is usually seen during the first 4 months after the procedure.[\/vc_column_text][\/vc_column_inner][vc_column_inner width=&#8221;1\/4&#8243; css=&#8221;.vc_custom_1566591316202{padding-right: 0px !important;padding-left: 0px !important;}&#8221;][vc_single_image image=&#8221;10888&#8243; img_size=&#8221;450&#215;450&#8243; alignment=&#8221;center&#8221; onclick=&#8221;link_image&#8221;][\/vc_column_inner][\/vc_row_inner][vc_row_inner equal_height=&#8221;yes&#8221; content_placement=&#8221;middle&#8221; css=&#8221;.vc_custom_1566586785084{margin-top: 0px !important;margin-bottom: 60px !important;}&#8221;][vc_column_inner width=&#8221;1\/4&#8243; offset=&#8221;vc_col-lg-offset-2&#8243; css=&#8221;.vc_custom_1566591321742{padding-right: 0px !important;padding-left: 0px !important;}&#8221;][vc_single_image image=&#8221;10890&#8243; img_size=&#8221;450&#215;450&#8243; alignment=&#8221;center&#8221; onclick=&#8221;link_image&#8221;][\/vc_column_inner][vc_column_inner el_class=&#8221;time-custom_blockRight&#8221; width=&#8221;5\/12&#8243; css=&#8221;.vc_custom_1566591403232{background-color: #f5f5f5 !important;}&#8221;][vc_column_text]<\/p>\n<p style=\"text-align: right;\"><strong>6 Months<\/strong><\/p>\n<p>[\/vc_column_text][vc_column_text]Four months after the procedure, the shock phase has culminated and the hair begins to grow regularly.[\/vc_column_text][\/vc_column_inner][\/vc_row_inner][vc_row_inner equal_height=&#8221;yes&#8221; content_placement=&#8221;middle&#8221; css=&#8221;.vc_custom_1566586785084{margin-top: 0px !important;margin-bottom: 60px !important;}&#8221;][vc_column_inner el_class=&#8221;time-custom_blockleft&#8221; width=&#8221;5\/12&#8243; css=&#8221;.vc_custom_1566590147028{background-color: #f5f5f5 !important;}&#8221; offset=&#8221;vc_col-lg-offset-2&#8243;][vc_column_text]<\/p>\n<p style=\"text-align: left;\"><strong>6 Months<\/strong><\/p>\n<p>[\/vc_column_text][vc_column_text]<\/p>\n<p style=\"text-align: left;\">As we can see in the photographs, there is a greater coverage of the areas that were implanted. From this point forward the patient may experience more density over time.<\/p>\n<p>[\/vc_column_text][\/vc_column_inner][vc_column_inner width=&#8221;1\/4&#8243; css=&#8221;.vc_custom_1566591316202{padding-right: 0px !important;padding-left: 0px !important;}&#8221;][vc_single_image image=&#8221;10880&#8243; img_size=&#8221;450&#215;450&#8243; alignment=&#8221;center&#8221; onclick=&#8221;link_image&#8221;][\/vc_column_inner][\/vc_row_inner][vc_row_inner equal_height=&#8221;yes&#8221; content_placement=&#8221;middle&#8221; css=&#8221;.vc_custom_1566586785084{margin-top: 0px !important;margin-bottom: 60px !important;}&#8221;][vc_column_inner width=&#8221;1\/4&#8243; offset=&#8221;vc_col-lg-offset-2&#8243; css=&#8221;.vc_custom_1566591321742{padding-right: 0px !important;padding-left: 0px !important;}&#8221;][vc_single_image image=&#8221;10882&#8243; img_size=&#8221;450&#215;450&#8243; alignment=&#8221;center&#8221; onclick=&#8221;link_image&#8221;][\/vc_column_inner][vc_column_inner el_class=&#8221;time-custom_blockRight&#8221; width=&#8221;5\/12&#8243; css=&#8221;.vc_custom_1566591403232{background-color: #f5f5f5 !important;}&#8221;][vc_column_text]<\/p>\n<p style=\"text-align: right;\"><strong>8 Months<\/strong><\/p>\n<p>[\/vc_column_text][vc_column_text]<\/p>\n<p style=\"text-align: right;\">Seven months later, the patient already has a radical change with only 50% of its evolution. Our advanced DHI technique allows us to deliver the best results with a 100% natural appearance and an effectiveness of up to 97% in implanted hair.<\/p>\n<p>[\/vc_column_text][\/vc_column_inner][\/vc_row_inner][vc_row_inner equal_height=&#8221;yes&#8221; content_placement=&#8221;middle&#8221; css=&#8221;.vc_custom_1566586785084{margin-top: 0px !important;margin-bottom: 60px !important;}&#8221;][vc_column_inner el_class=&#8221;time-custom_blockleft&#8221; width=&#8221;5\/12&#8243; css=&#8221;.vc_custom_1566590147028{background-color: #f5f5f5 !important;}&#8221; offset=&#8221;vc_col-lg-offset-2&#8243;][vc_column_text]<strong>Final Result<\/strong>[\/vc_column_text][vc_column_text]Another benefit of our implantation technique is that it does not leave any type of mark or scar, so it is impossible to notice that the patient underwent any type of hair restoration procedure.<\/p>\n<p>For <a href=\"http:\/\/dhipanama.com\/en\/paciente-0069\/\">More Pictures<\/a>[\/vc_column_text][\/vc_column_inner][vc_column_inner width=&#8221;1\/4&#8243; css=&#8221;.vc_custom_1566591326937{padding-right: 0px !important;padding-left: 0px !important;}&#8221;][vc_single_image image=&#8221;11646&#8243; img_size=&#8221;450&#215;450&#8243; alignment=&#8221;center&#8221; onclick=&#8221;link_image&#8221;][\/vc_column_inner][\/vc_row_inner][\/vc_column][\/vc_row][vc_row full_width=&#8221;stretch_row&#8221; equal_height=&#8221;yes&#8221; css=&#8221;.vc_custom_1549394440286{padding-top: 0px !important;}&#8221;][vc_column]<div class=\"wpb-content-wrapper\"><p>[vc_row full_width=&#8221;stretch_row&#8221; equal_height=&#8221;yes&#8221; css=&#8221;.vc_custom_1564421370143{padding-top: 0px !important;}&#8221;][vc_column css=&#8221;.vc_custom_1543257389188{padding-top: 0px !important;}&#8221;][vc_row_inner equal_height=&#8221;yes&#8221; css=&#8221;.vc_custom_1567029494776{padding-top: 0px !important;padding-right: 0px !important;padding-left: 0px !important;}&#8221;][vc_column_inner width=&#8221;1\/2&#8243; css=&#8221;.vc_custom_1564417431033{padding-top: 0px !important;padding-right: 0px !important;padding-left: 0px !important;}&#8221; offset=&#8221;vc_col-md-8&#8243;]<div class=\"mkdf-google-map-holder\">\n    <div class=\"mkdf-google-map\" id=\"mkdf-map-2966291\" data-addresses='[\"G&amp;G Plaza, Local 2, Calle 56 con Calle Ram\u00f3n H. Hurtado, Punta Paitilla. Diagonal al Super 99 de Punta Pac\u00edfica\"]' data-custom-map-style=no data-color-overlay=#393939 data-saturation=-100 data-lightness=-60 data-zoom=14 data-pin=https:\/\/dhiclinicpanama.com\/wp-content\/uploads\/2019\/08\/marker-update.png data-unique-id=2966291 data-scroll-wheel=no data-height=500 ><\/div>\n                <div class=\"mkdf-google-map-overlay\"><\/div>\n    <\/div>\n[\/vc_column_inner][vc_column_inner width=&#8221;1\/2&#8243; css=&#8221;.vc_custom_1567029591022{padding-right: 60px !important;padding-left: 60px !important;background-color: #0089a9 !important;}&#8221; offset=&#8221;vc_col-md-4&#8243;][vc_column_text el_class=&#8221;custom-desing&#8221;]P\u00e9rdida de cabello<br \/>\n<strong>Diagn\u00f3stico<\/strong>[\/vc_column_text][vc_empty_space height=&#8221;20px&#8221;][vc_column_text el_class=&#8221;custom-des&#8221;]Aqu\u00ed en DHI reconocemos que el diagn\u00f3stico correcto es la base para un tratamiento exitoso. <strong>Somos la mejor cl\u00ednica de restauraci\u00f3n de cabello en Panam\u00e1<\/strong>.[\/vc_column_text][vc_empty_space height=&#8221;20px&#8221;][vc_separator align=&#8221;align_left&#8221; border_width=&#8221;2&#8243; el_width=&#8221;40&#8243;][vc_empty_space height=&#8221;20px&#8221;]<div class=\"mkdf-iwt clearfix icon-space icon-text-color mkdf-iwt-icon-left mkdf-iwt-icon-small\">\n    <div class=\"mkdf-iwt-icon\">\n                                        <span class=\"mkdf-icon-shortcode mkdf-normal   mkdf-icon-small\"  data-color=\"#ffffff\">\n                    <i class=\"mkdf-icon-font-awesome fa fa-phone mkdf-icon-element\" style=\"color: #ffffff\" ><\/i>                <\/span>\n                                <\/div>\n    <div class=\"mkdf-iwt-content\" >\n                    <p class=\"mkdf-iwt-text test\" >+507 399 6633<\/p>\n    <\/div>\n<\/div><div class=\"mkdf-iwt clearfix icon-text-color mkdf-iwt-icon-left mkdf-iwt-icon-small\">\n    <div class=\"mkdf-iwt-icon\">\n                <a itemprop=\"url\" href=\"mailto:info@dhipanama.com\" target=\"_self\">\n                                            <span class=\"mkdf-icon-shortcode mkdf-normal   mkdf-icon-small\"  data-color=\"#ffffff\">\n                    <i class=\"mkdf-icon-font-awesome fa fa-envelope mkdf-icon-element\" style=\"color: #ffffff\" ><\/i>                <\/span>\n                                    <\/a>\n        <\/div>\n    <div class=\"mkdf-iwt-content\" >\n                    <p class=\"mkdf-iwt-text test\" >info@dhipanama.com<\/p>\n    <\/div>\n<\/div>[vc_empty_space height=&#8221;12px&#8221;]<a itemprop=\"url\" href=\"\/consulta-online\/\" target=\"_self\" style=\"background-color: #e7e7e7;margin: 25px 0px 0px 0px\" class=\"mkdf-btn mkdf-btn-small mkdf-btn-solid mkdf-btn-custom-hover-bg mkdf-btn-custom-hover-color btn_map_custom\" data-hover-color=\"#ffffff\" data-hover-bg-color=\"#000000\" >\n    <span class=\"mkdf-btn-text\">Diagn\u00f3stico de p\u00e9rdida de cabello<\/span>\n    <\/a>[\/vc_column_inner][\/vc_row_inner][\/vc_column][\/vc_row]<\/p>\n<\/div><style type=\"text\/css\" data-type=\"rcb-_wpb_shortcodes_custom_css-10248\">.vc_custom_1564421370143{padding-top: 0px !important;}.vc_custom_1543257389188{padding-top: 0px !important;}.vc_custom_1567029494776{padding-top: 0px !important;padding-right: 0px !important;padding-left: 0px !important;}.vc_custom_1564417431033{padding-top: 0px !important;padding-right: 0px !important;padding-left: 0px !important;}.vc_custom_1567029591022{padding-right: 60px !important;padding-left: 60px !important;background-color: #0089a9 !important;}<\/style>[\/vc_column][\/vc_row]<\/p>\n<\/div>","protected":false},"excerpt":{"rendered":"<p>[vc_row row_content_width=&#8221;grid&#8221; css=&#8221;.vc_custom_1549391112952{padding-top: 80px !important;padding-bottom: 40px !important;}&#8221;][vc_column][vc_column_text css_animation=&#8221;fadeInUp&#8221; el_class=&#8221;section-title&#8221;] Record [\/vc_column_text][\/vc_column][\/vc_row][vc_row row_content_width=&#8221;grid&#8221; css=&#8221;.vc_custom_1549391118551{padding-bottom: 40px !important;}&#8221;][vc_column width=&#8221;1\/3&#8243;][\/vc_column][vc_column width=&#8221;2\/3&#8243;][vc_column_text css_animation=&#8221;fadeInUp&#8221;]The patient Jorge Fern\u00e1ndez arrived at our clinic in June 2018, worried about the advanced [&hellip;]<\/p>\n","protected":false},"author":13,"featured_media":0,"parent":0,"menu_order":0,"comment_status":"closed","ping_status":"closed","template":"full-width.php","meta":{"content-type":"","footnotes":""},"yoast_head":"<!-- This site is optimized with the Yoast SEO plugin v22.8 - https:\/\/yoast.com\/wordpress\/plugins\/seo\/ -->\n<title>Transplant History #2 | DHI Panam\u00e1<\/title>\n<meta name=\"description\" content=\"The patient Jorge Fern\u00e1ndez arrived at our clinic in June 2018, worried about the advanced hair loss that he had been suffering since he was very young. The amount of hair to be implanted to cover the entire area was estimated at 7,000, but during the procedure 9,337 were extracted, thus guaranteeing the best possible density.\" \/>\n<meta name=\"robots\" content=\"index, follow, max-snippet:-1, max-image-preview:large, max-video-preview:-1\" \/>\n<link rel=\"canonical\" href=\"https:\/\/dhiclinicpanama.com\/en\/capillary-historic-2\/\" \/>\n<meta property=\"og:locale\" content=\"en_US\" \/>\n<meta property=\"og:type\" content=\"article\" \/>\n<meta property=\"og:title\" content=\"Transplant History #2 | DHI Panam\u00e1\" \/>\n<meta property=\"og:description\" content=\"The patient Jorge Fern\u00e1ndez arrived at our clinic in June 2018, worried about the advanced hair loss that he had been suffering since he was very young. The amount of hair to be implanted to cover the entire area was estimated at 7,000, but during the procedure 9,337 were extracted, thus guaranteeing the best possible density.\" \/>\n<meta property=\"og:url\" content=\"https:\/\/dhiclinicpanama.com\/en\/capillary-historic-2\/\" \/>\n<meta property=\"og:site_name\" content=\"DHI Panam\u00e1\" \/>\n<meta property=\"article:modified_time\" content=\"2023-05-15T23:42:41+00:00\" \/>\n<meta name=\"twitter:card\" content=\"summary_large_image\" \/>\n<meta name=\"twitter:label1\" content=\"Est. reading time\" \/>\n\t<meta name=\"twitter:data1\" content=\"3 minutes\" \/>\n<script type=\"application\/ld+json\" class=\"yoast-schema-graph\">{\"@context\":\"https:\/\/schema.org\",\"@graph\":[{\"@type\":\"WebPage\",\"@id\":\"https:\/\/dhiclinicpanama.com\/en\/capillary-historic-2\/\",\"url\":\"https:\/\/dhiclinicpanama.com\/en\/capillary-historic-2\/\",\"name\":\"Transplant History #2 | DHI Panam\u00e1\",\"isPartOf\":{\"@id\":\"https:\/\/dhiclinicpanama.com\/#website\"},\"datePublished\":\"2019-08-28T20:01:06+00:00\",\"dateModified\":\"2023-05-15T23:42:41+00:00\",\"description\":\"The patient Jorge Fern\u00e1ndez arrived at our clinic in June 2018, worried about the advanced hair loss that he had been suffering since he was very young. The amount of hair to be implanted to cover the entire area was estimated at 7,000, but during the procedure 9,337 were extracted, thus guaranteeing the best possible density.\",\"breadcrumb\":{\"@id\":\"https:\/\/dhiclinicpanama.com\/en\/capillary-historic-2\/#breadcrumb\"},\"inLanguage\":\"en-US\",\"potentialAction\":[{\"@type\":\"ReadAction\",\"target\":[\"https:\/\/dhiclinicpanama.com\/en\/capillary-historic-2\/\"]}]},{\"@type\":\"BreadcrumbList\",\"@id\":\"https:\/\/dhiclinicpanama.com\/en\/capillary-historic-2\/#breadcrumb\",\"itemListElement\":[{\"@type\":\"ListItem\",\"position\":1,\"name\":\"Home\",\"item\":\"https:\/\/www.dhiclinicpanama.com\/en\/\"},{\"@type\":\"ListItem\",\"position\":2,\"name\":\"Transplant History #2\"}]},{\"@type\":\"WebSite\",\"@id\":\"https:\/\/dhiclinicpanama.com\/#website\",\"url\":\"https:\/\/dhiclinicpanama.com\/\",\"name\":\"DHI Panam\u00e1\",\"description\":\"El grupo m\u00e9dico de DHI es la compa\u00f1\u00eda m\u00e1s grande de restauraci\u00f3n capilar en el mundo, que se centra en la investigaci\u00f3n, el diagn\u00f3stico y el tratamiento de la p\u00e9rdida del cabello y trastornos del cuero cabelludo como la alopecia. Somos los expertos en alopecia ofreciendo ahora implantes de pelo en Panam\u00e1.\",\"potentialAction\":[{\"@type\":\"SearchAction\",\"target\":{\"@type\":\"EntryPoint\",\"urlTemplate\":\"https:\/\/dhiclinicpanama.com\/?s={search_term_string}\"},\"query-input\":\"required name=search_term_string\"}],\"inLanguage\":\"en-US\"}]}<\/script>\n<!-- \/ Yoast SEO plugin. -->","yoast_head_json":{"title":"Transplant History #2 | DHI Panam\u00e1","description":"The patient Jorge Fern\u00e1ndez arrived at our clinic in June 2018, worried about the advanced hair loss that he had been suffering since he was very young. The amount of hair to be implanted to cover the entire area was estimated at 7,000, but during the procedure 9,337 were extracted, thus guaranteeing the best possible density.","robots":{"index":"index","follow":"follow","max-snippet":"max-snippet:-1","max-image-preview":"max-image-preview:large","max-video-preview":"max-video-preview:-1"},"canonical":"https:\/\/dhiclinicpanama.com\/en\/capillary-historic-2\/","og_locale":"en_US","og_type":"article","og_title":"Transplant History #2 | DHI Panam\u00e1","og_description":"The patient Jorge Fern\u00e1ndez arrived at our clinic in June 2018, worried about the advanced hair loss that he had been suffering since he was very young. The amount of hair to be implanted to cover the entire area was estimated at 7,000, but during the procedure 9,337 were extracted, thus guaranteeing the best possible density.","og_url":"https:\/\/dhiclinicpanama.com\/en\/capillary-historic-2\/","og_site_name":"DHI Panam\u00e1","article_modified_time":"2023-05-15T23:42:41+00:00","twitter_card":"summary_large_image","twitter_misc":{"Est. reading time":"3 minutes"},"schema":{"@context":"https:\/\/schema.org","@graph":[{"@type":"WebPage","@id":"https:\/\/dhiclinicpanama.com\/en\/capillary-historic-2\/","url":"https:\/\/dhiclinicpanama.com\/en\/capillary-historic-2\/","name":"Transplant History #2 | DHI Panam\u00e1","isPartOf":{"@id":"https:\/\/dhiclinicpanama.com\/#website"},"datePublished":"2019-08-28T20:01:06+00:00","dateModified":"2023-05-15T23:42:41+00:00","description":"The patient Jorge Fern\u00e1ndez arrived at our clinic in June 2018, worried about the advanced hair loss that he had been suffering since he was very young. The amount of hair to be implanted to cover the entire area was estimated at 7,000, but during the procedure 9,337 were extracted, thus guaranteeing the best possible density.","breadcrumb":{"@id":"https:\/\/dhiclinicpanama.com\/en\/capillary-historic-2\/#breadcrumb"},"inLanguage":"en-US","potentialAction":[{"@type":"ReadAction","target":["https:\/\/dhiclinicpanama.com\/en\/capillary-historic-2\/"]}]},{"@type":"BreadcrumbList","@id":"https:\/\/dhiclinicpanama.com\/en\/capillary-historic-2\/#breadcrumb","itemListElement":[{"@type":"ListItem","position":1,"name":"Home","item":"https:\/\/www.dhiclinicpanama.com\/en\/"},{"@type":"ListItem","position":2,"name":"Transplant History #2"}]},{"@type":"WebSite","@id":"https:\/\/dhiclinicpanama.com\/#website","url":"https:\/\/dhiclinicpanama.com\/","name":"DHI Panam\u00e1","description":"El grupo m\u00e9dico de DHI es la compa\u00f1\u00eda m\u00e1s grande de restauraci\u00f3n capilar en el mundo, que se centra en la investigaci\u00f3n, el diagn\u00f3stico y el tratamiento de la p\u00e9rdida del cabello y trastornos del cuero cabelludo como la alopecia. Somos los expertos en alopecia ofreciendo ahora implantes de pelo en Panam\u00e1.","potentialAction":[{"@type":"SearchAction","target":{"@type":"EntryPoint","urlTemplate":"https:\/\/dhiclinicpanama.com\/?s={search_term_string}"},"query-input":"required name=search_term_string"}],"inLanguage":"en-US"}]}},"_links":{"self":[{"href":"https:\/\/dhiclinicpanama.com\/en\/wp-json\/wp\/v2\/pages\/10862"}],"collection":[{"href":"https:\/\/dhiclinicpanama.com\/en\/wp-json\/wp\/v2\/pages"}],"about":[{"href":"https:\/\/dhiclinicpanama.com\/en\/wp-json\/wp\/v2\/types\/page"}],"author":[{"embeddable":true,"href":"https:\/\/dhiclinicpanama.com\/en\/wp-json\/wp\/v2\/users\/13"}],"replies":[{"embeddable":true,"href":"https:\/\/dhiclinicpanama.com\/en\/wp-json\/wp\/v2\/comments?post=10862"}],"version-history":[{"count":5,"href":"https:\/\/dhiclinicpanama.com\/en\/wp-json\/wp\/v2\/pages\/10862\/revisions"}],"predecessor-version":[{"id":23019,"href":"https:\/\/dhiclinicpanama.com\/en\/wp-json\/wp\/v2\/pages\/10862\/revisions\/23019"}],"wp:attachment":[{"href":"https:\/\/dhiclinicpanama.com\/en\/wp-json\/wp\/v2\/media?parent=10862"}],"curies":[{"name":"wp","href":"https:\/\/api.w.org\/{rel}","templated":true}]}}